{"id":24540,"date":"2019-05-17T18:05:38","date_gmt":"2019-05-17T16:05:38","guid":{"rendered":"https:\/\/lamisuperbooster.com\/product\/mini-kit-lash-lift-laminazione-sopracciglia-aloe\/"},"modified":"2025-06-09T15:30:19","modified_gmt":"2025-06-09T13:30:19","slug":"mini-kit-lash-lift-laminazione-sopracciglia-aloe","status":"publish","type":"product","link":"https:\/\/lamisuperbooster.com\/it\/prodotto\/mini-kit-lash-lift-laminazione-sopracciglia-aloe\/","title":{"rendered":"Mini Kit Lash Lift\/Laminazione Sopracciglia Aloe"},"content":{"rendered":"<p>\nQuesto Kit Lami Super Booster contiene i prodotti principali per eseguire il trattamento di laminazione ciglia e sopracciglia.<br \/>Questo kit \u00e8 studiato per chi esegue il trattamento di laminazione e possiede gi\u00e0 tutti gli strumenti necessari per lavorare. <br \/>A chi volesse avvicinarsi a questo trattamento per la prima volta consigliamo di acquistare invece il Kit Basic che contiene in aggiunta, siliconi e strumenti.  <br \/>Il Kit permette di eseguire almeno 10 trattamenti completi di Lash Lift &#8211; Laminazione Ciglia o sopracciglia utilizzando una bustina per trattamento. Il contenuto di 1.0Ml della soluzione permanente e fissante danno la possibilit\u00e0 di eseguire 2\/3 trattamenti; pertanto nell\u2019arco delle 24\/48H dall\u2019apertura della bustina si pu\u00f2 raddoppiare il numero di trattamenti.\n<\/p>\n<p>\nNUOVA FORMULAZIONE con ALOE, la cui azione lenitiva permette di evitare arrossamenti durante il trattamento di laminazione sopracciglia.<\/p>\n<p>Il prodotto dopo l&#8217;apertura ha una durata di 24\/48H, non \u00e8 possibile per\u00f2 garantire la sterilit\u00e0 del prodotto. Questi prodotti hanno un odore inferiore a molti prodotti in commercio prodotti non in Italia. Prodotti ad uso professionale, MADE in  ITALY, Nuova formulazione inodore.\n<\/p>\n<p>\nIl mini kit contiene:\n<\/p>\n<h1>Lozione per la permanente<\/h1>\n<h2>Lami Super Booster FASE 1 con ALOE<\/h2>\n<p>\nPer il lash lift: applica la lozione permanente dopo aver sollevato le ciglia sullo scudo per il lash lift. Distribuisci la lozione sulle ciglia in modo uniforme usando un pennellino monouso. Inizia dall\u2019angolo esterno dell\u2019occhio e copri le ciglia fino al bordo inferiore dello scudo. Non applicare la lozione sulle punte delle ciglia.\n<\/p>\n<p>\nTienila sulle ciglia\/sopracciglia per:\n<\/p>\n<ol>\n<li>7-8 minuti su ciglia\/peli delle sopracciglia sottili<\/li>\n<li>10 minuti su ciglia\/peli delle sopracciglia medi\/spessi<\/li>\n<li>12 minuti su ciglia\/peli delle sopracciglia molto spessi<\/li>\n<\/ol>\n<p>\nRimuovi con un bastoncino di cotone asciutto.\n<\/p>\n<h1>Lozione fissante<\/h1>\n<h2>Lami Super Booster STEP 2 con ALOE<\/h2>\n<p>\nUsala dopo aver rimosso la lozione permanente Lami Super Booster dalle ciglia\/sopracciglia.\n<\/p>\n<p>\nPer il lash lift: distribuisci la lozione fissante Lami Super Booster sulle ciglia in modo uniforme usando un pennellino monouso. Inizia dall\u2019angolo esterno dell\u2019occhio e copri le ciglia fino al bordo inferiore dello scudo in silicone. Non applicare la lozione sulle punte delle ciglia.\n<\/p>\n<p>\nTienila sulle ciglia\/sopracciglia per:\n<\/p>\n<ol>\n<li>7-8 minuti su ciglia\/sopracciglia sottili<\/li>\n<li>10 minuti su ciglia\/peli delle sopracciglia medi\/spessi<\/li>\n<li>12 minuti su ciglia\/sopracciglia molto spesse<\/li>\n<\/ol>\n<p>\nRimuovi con un cotton fioc asciutto.\n<\/p>\n<h1>Crema per laminazione Lami Super Booster<\/h1>\n<p>\nLa crema di laminazione Lami Super Booster si usa alla fine della procedura di lash lift\/laminazione sopracciglia, dopo la permanente, il fissaggio e la colorazione, per nutrire e rinforzare le ciglia\/sopracciglia. Il processo di laminazione chiude le cuticole e sigilla l\u2019umidit\u00e0 nel pelo.\n<\/p>\n<p>\nUsa un cotton fioc o un fazzolettino per pulire il pennello prima di iniziare. Applica la crema direttamente sul pennello. Applica una generosa quantit\u00e0 di crema sia sulle ciglia superiori che inferiori e sulle sopracciglia. La crema ha un tempo di posa di 5-10 minuti. Poi rimuovila con un cotton fioc asciutto.\n<\/p>\n<p>\nLa crema di laminazione Lami Super Booster contiene cheratina (la proteina naturale del capello), olio di argan, olio di jojoba, vitamine e aminoacidi che ammorbidiscono e idratano le ciglia e le sopracciglia.\n<\/p>\n<h1>Adesivo Lami Super Booster<\/h1>\n<p>\nLa colla Lami Super Booster \u00e8 100% solubile in acqua e non lascia residui. Per evitare che la colla perda la sua presa quando entra in contatto con le lozioni, non applicare le lozioni step 1 e step 2 sulle punte delle ciglia. Se dopo lo step 2 le ciglia iniziano a staccarsi dallo scudo in silicone, non preoccuparti perch\u00e9 la nuova forma delle ciglia \u00e8 gi\u00e0 stata fissata. Dopo lo step 3, l\u2019adesivo scomparir\u00e0 completamente.\n<\/p>\n<p>\nNB! Le lozioni e la crema Lami Super Booster sono solo per uso professionale. Tutti i prodotti Lami Super Booster sono fabbricati nell\u2019UE e sono sicuri da usare. Consigliamo di fare un patch test almeno 24 ore prima del trattamento per assicurarsi che il cliente non sia allergico a nessun ingrediente.\n<\/p>\n<p>\nAttenzione: Evita il contatto diretto con gli occhi!<\/p>\n","protected":false},"excerpt":{"rendered":"<ul>\n<li>Lozione permanente Lami Super Booster con aloe 10pz, 1ml ciascuno<\/li>\n<li>Lozione fissante Lami Super Booster con aloe 10pz, 1ml ciascuno<\/li>\n<li>Maschera crema di laminazione Lami Super Booster 10pz, 1ml ciascuno<\/li>\n<li>Colla per Lash Lift\/laminazione sopracciglia<\/li>\n<\/ul>\n","protected":false},"featured_media":24541,"comment_status":"open","ping_status":"closed","template":"","meta":{"inline_featured_image":false,"_kad_blocks_custom_css":"","_kad_blocks_head_custom_js":"","_kad_blocks_body_custom_js":"","_kad_blocks_footer_custom_js":"","_kadence_starter_templates_imported_post":false,"wds_primary_product_brand":0,"wds_primary_product_cat":0},"product_brand":[],"product_cat":[1445,1442,1427,1429],"product_tag":[1451,1469],"class_list":{"0":"post-24540","1":"product","2":"type-product","3":"status-publish","4":"has-post-thumbnail","6":"product_cat-kit-per-laminazione-sopracciglia","7":"product_cat-kit-per-lash-lift","8":"product_cat-laminazione-sopracciglia","9":"product_cat-lash-lift-it","10":"product_tag-kit-per-laminazione-sopracciglia","11":"product_tag-kit-per-lash-lift","13":"first","14":"outofstock","15":"taxable","16":"shipping-taxable","17":"purchasable","18":"product-type-simple"},"taxonomy_info":{"product_cat":[{"value":1445,"label":"Kit per Laminazione Sopracciglia"},{"value":1442,"label":"Kit per Lash Lift"},{"value":1427,"label":"Laminazione sopracciglia"},{"value":1429,"label":"Lash Lift"}],"product_tag":[{"value":1451,"label":"Kit per laminazione sopracciglia"},{"value":1469,"label":"Kit per Lash Lift"}]},"featured_image_src_large":["https:\/\/lamisuperbooster.com\/wp-content\/uploads\/2019\/05\/Lami-Super-Booster-min-kit-with-aloe.jpg",1024,1024,false],"author_info":[],"comment_info":0,"_links":{"self":[{"href":"https:\/\/lamisuperbooster.com\/it\/wp-json\/wp\/v2\/product\/24540","targetHints":{"allow":["GET"]}}],"collection":[{"href":"https:\/\/lamisuperbooster.com\/it\/wp-json\/wp\/v2\/product"}],"about":[{"href":"https:\/\/lamisuperbooster.com\/it\/wp-json\/wp\/v2\/types\/product"}],"replies":[{"embeddable":true,"href":"https:\/\/lamisuperbooster.com\/it\/wp-json\/wp\/v2\/comments?post=24540"}],"wp:featuredmedia":[{"embeddable":true,"href":"https:\/\/lamisuperbooster.com\/it\/wp-json\/wp\/v2\/media\/24541"}],"wp:attachment":[{"href":"https:\/\/lamisuperbooster.com\/it\/wp-json\/wp\/v2\/media?parent=24540"}],"wp:term":[{"taxonomy":"product_brand","embeddable":true,"href":"https:\/\/lamisuperbooster.com\/it\/wp-json\/wp\/v2\/product_brand?post=24540"},{"taxonomy":"product_cat","embeddable":true,"href":"https:\/\/lamisuperbooster.com\/it\/wp-json\/wp\/v2\/product_cat?post=24540"},{"taxonomy":"product_tag","embeddable":true,"href":"https:\/\/lamisuperbooster.com\/it\/wp-json\/wp\/v2\/product_tag?post=24540"}],"curies":[{"name":"wp","href":"https:\/\/api.w.org\/{rel}","templated":true}]}}