{"id":24538,"date":"2018-12-29T00:51:14","date_gmt":"2018-12-28T22:51:14","guid":{"rendered":"https:\/\/lamisuperbooster.com\/product\/kit-per-lash-lift-laminazione-sopracciglia\/"},"modified":"2025-06-09T15:33:05","modified_gmt":"2025-06-09T13:33:05","slug":"kit-per-lash-lift-laminazione-sopracciglia","status":"publish","type":"product","link":"https:\/\/lamisuperbooster.com\/it\/prodotto\/kit-per-lash-lift-laminazione-sopracciglia\/","title":{"rendered":"Kit per Lash Lift\/Laminazione Sopracciglia"},"content":{"rendered":"<p>\nIl kit professionale Lami Super Booster contiene tutti i prodotti necessari per eseguire trattamenti di Lash Lift (laminazione ciglia) e laminazione sopracciglia. Con i prodotti nel kit puoi eseguire circa 10-20 trattamenti. Le lozioni della gamma Lami Super Booster sono innovative e hanno tempi di sviluppo brevi: 7-12 minuti per lozione (fase 1, fase 2). Un trattamento pi\u00f9 breve crea maggiore soddisfazione del cliente e ti permette di accogliere pi\u00f9 clienti. Inoltre, tutte le lozioni sono confezionate in bustine monouso e non perdono la loro stabilit\u00e0 chimica o durata di conservazione quando sono sigillate.\n<\/p>\n<h1>Lozione per la permanente<\/h1>\n<p>\nLami Super Booster FASE 1 con ALOE\n<\/p>\n<p>\nPer il lash lift: applica la lozione per la permanente dopo aver sollevato le ciglia su uno scudo per lash lift. Spalma la lozione sulle ciglia in modo uniforme usando un pennello monouso. Inizia dall\u2019angolo esterno dell\u2019occhio e copri le ciglia fino al bordo inferiore dello scudo per lash lift. Non applicare la lozione sulle punte delle ciglia.\n<\/p>\n<p>\nTienila sulle ciglia\/sopracciglia per:\n<\/p>\n<ol>\n<li>7-8 minuti su ciglia\/peli delle sopracciglia sottili<\/li>\n<li>10 minuti su ciglia\/peli delle sopracciglia medi\/spessi<\/li>\n<li>12 minuti su ciglia\/peli delle sopracciglia molto spessi<br \/>Rimuovi con un cotton fioc asciutto.<\/li>\n<\/ol>\n<h1>Lozione fissante<\/h1>\n<p>\nLami Super Booster STEP 2 con ALOE\n<\/p>\n<p>\nUsala dopo aver rimosso la lozione permanente Lami Super Booster dalle ciglia\/sopracciglia.<br \/>Per il lash lift: distribuisci la lozione fissante Lami Super Booster sulle ciglia uniformemente usando un pennello monouso. Inizia dall\u2019angolo esterno dell\u2019occhio e copri le ciglia fino al bordo inferiore dello scudo in silicone. Non applicare la lozione sulle punte delle ciglia.\n<\/p>\n<p>\nTienila sulle ciglia\/sopracciglia per:\n<\/p>\n<ol>\n<li>7-8 minuti su ciglia\/peli delle sopracciglia sottili<\/li>\n<li>10 minuti su ciglia\/peli delle sopracciglia medi\/spessi<\/li>\n<li>12 minuti su ciglia\/peli delle sopracciglia molto spessi<br \/>Rimuovi con un cotton fioc asciutto.<\/li>\n<\/ol>\n<h1>Crema per laminazione Lami Super Booster<\/h1>\n<p>\nLa crema per laminazione Lami Super Booster si usa alla fine della procedura di lash lift\/laminazione sopracciglia, dopo la permanente, il fissaggio e la tintura, per nutrire e rinforzare le ciglia\/sopracciglia. Il processo di laminazione chiude le cuticole e sigilla l\u2019umidit\u00e0 nel pelo delle ciglia\/sopracciglia.\n<\/p>\n<ol>\n<li>Usa un cotton fioc o un tovagliolo per pulire il pennello prima di iniziare.<\/li>\n<li>Applica la crema direttamente sul pennello.<\/li>\n<li>Applica una generosa quantit\u00e0 di crema sia sulle ciglia superiori che inferiori e sulle sopracciglia.<\/li>\n<li>La crema dovrebbe essere tenuta per 5-10 minuti. Poi rimuovila con un cotton fioc asciutto.<\/li>\n<\/ol>\n<p>\nLa crema per laminazione Lami Super Booster contiene cheratina (la proteina naturale dei capelli), olio di argan, olio di jojoba, vitamine e aminoacidi che ammorbidiscono e idratano le ciglia e le sopracciglia.\n<\/p>\n<h1>Adesivo Lami Super Booster<\/h1>\n<p>\nLa colla Lami Super Booster \u00e8 100% solubile in acqua e non lascia residui. Per evitare che la colla perda la sua presa quando entra in contatto con le lozioni, non applicare le lozioni della fase 1 e 2 sulle punte delle ciglia. Se dopo la fase 2 le ciglia iniziano a staccarsi dallo scudo in silicone, non preoccuparti perch\u00e9 la nuova forma delle ciglia \u00e8 gi\u00e0 stata fissata. Dopo la fase 3, l\u2019adesivo scomparir\u00e0 completamente.\n<\/p>\n<p>\nNB! Le lozioni e la crema Lami Super Booster sono destinate solo all\u2019uso professionale. Tutti i prodotti Lami Super Booster sono fabbricati nell\u2019UE e sono sicuri da usare. Consigliamo di eseguire un patch test almeno 24 ore prima del trattamento per assicurarsi che il cliente non sia allergico a nessun ingrediente.<br \/>Attenzione: Evita il contatto diretto con gli occhi!\n<\/p>\n<p>\nSolo per uso professionale!<\/p>\n","protected":false},"excerpt":{"rendered":"<ul>\n<li>Scudi per Lash Lift (S) 1 paio<\/li>\n<li>Scudi per Lash Lift (M) 1 paio<\/li>\n<li>Scudi per Lash Lift (L) 1 paio<\/li>\n<li>Colla per Lash Lift<\/li>\n<li>Strumento per separare le ciglia per Lash Lift<\/li>\n<li>Specchio<\/li>\n<li>Lozione per permanente ciglia Lami Super Booster con aloe 10pz, 1ml ciascuno<\/li>\n<li>Lozione fissante per ciglia Lami Super Booster con aloe 10pz, 1ml ciascuno<\/li>\n<li>Maschera crema per laminazione ciglia Lami Super Booster 10pz, 1ml ciascuno<\/li>\n<li>10 patch in gel per sotto gli occhi<\/li>\n<li>Pennelli monouso, confezione da 25<\/li>\n<li>Spazzole per ciglia, confezione da 25<\/li>\n<\/ul>\n","protected":false},"featured_media":24535,"comment_status":"open","ping_status":"closed","template":"","meta":{"inline_featured_image":false,"_kad_blocks_custom_css":"","_kad_blocks_head_custom_js":"","_kad_blocks_body_custom_js":"","_kad_blocks_footer_custom_js":"","_kadence_starter_templates_imported_post":false,"wds_primary_product_brand":0,"wds_primary_product_cat":0},"product_brand":[],"product_cat":[1445,1442,1427,1429],"product_tag":[1451,1469],"class_list":{"0":"post-24538","1":"product","2":"type-product","3":"status-publish","4":"has-post-thumbnail","6":"product_cat-kit-per-laminazione-sopracciglia","7":"product_cat-kit-per-lash-lift","8":"product_cat-laminazione-sopracciglia","9":"product_cat-lash-lift-it","10":"product_tag-kit-per-laminazione-sopracciglia","11":"product_tag-kit-per-lash-lift","13":"first","14":"outofstock","15":"taxable","16":"shipping-taxable","17":"purchasable","18":"product-type-simple"},"taxonomy_info":{"product_cat":[{"value":1445,"label":"Kit per Laminazione Sopracciglia"},{"value":1442,"label":"Kit per Lash Lift"},{"value":1427,"label":"Laminazione sopracciglia"},{"value":1429,"label":"Lash Lift"}],"product_tag":[{"value":1451,"label":"Kit per laminazione sopracciglia"},{"value":1469,"label":"Kit per Lash Lift"}]},"featured_image_src_large":["https:\/\/lamisuperbooster.com\/wp-content\/uploads\/2020\/04\/Lami-Super-Booster-lash-lift-and-brow-lamination-kit-pro-with-aloe.jpg",800,800,false],"author_info":[],"comment_info":0,"_links":{"self":[{"href":"https:\/\/lamisuperbooster.com\/it\/wp-json\/wp\/v2\/product\/24538","targetHints":{"allow":["GET"]}}],"collection":[{"href":"https:\/\/lamisuperbooster.com\/it\/wp-json\/wp\/v2\/product"}],"about":[{"href":"https:\/\/lamisuperbooster.com\/it\/wp-json\/wp\/v2\/types\/product"}],"replies":[{"embeddable":true,"href":"https:\/\/lamisuperbooster.com\/it\/wp-json\/wp\/v2\/comments?post=24538"}],"wp:featuredmedia":[{"embeddable":true,"href":"https:\/\/lamisuperbooster.com\/it\/wp-json\/wp\/v2\/media\/24535"}],"wp:attachment":[{"href":"https:\/\/lamisuperbooster.com\/it\/wp-json\/wp\/v2\/media?parent=24538"}],"wp:term":[{"taxonomy":"product_brand","embeddable":true,"href":"https:\/\/lamisuperbooster.com\/it\/wp-json\/wp\/v2\/product_brand?post=24538"},{"taxonomy":"product_cat","embeddable":true,"href":"https:\/\/lamisuperbooster.com\/it\/wp-json\/wp\/v2\/product_cat?post=24538"},{"taxonomy":"product_tag","embeddable":true,"href":"https:\/\/lamisuperbooster.com\/it\/wp-json\/wp\/v2\/product_tag?post=24538"}],"curies":[{"name":"wp","href":"https:\/\/api.w.org\/{rel}","templated":true}]}}