{"id":24529,"date":"2021-06-01T09:47:32","date_gmt":"2021-06-01T07:47:32","guid":{"rendered":"https:\/\/lamisuperbooster.com\/product\/campioni-di-lozione-per-lash-lift-brow-lamination-con-aloe\/"},"modified":"2025-06-09T15:27:45","modified_gmt":"2025-06-09T13:27:45","slug":"campioni-di-lozione-per-lash-lift-brow-lamination-con-aloe","status":"publish","type":"product","link":"https:\/\/lamisuperbooster.com\/it\/prodotto\/campioni-di-lozione-per-lash-lift-brow-lamination-con-aloe\/","title":{"rendered":"Campioni di Lozione per Lash Lift\/Brow Lamination con ALOE"},"content":{"rendered":"<p>\nQuesto set di campioni di prodotti con ALOE ti permetter\u00e0 di fare fino a 3 trattamenti. Le nostre lozioni sono perfette sia per il lash lift(laminazione ciglia) che per la laminazione delle sopracciglia.\n<\/p>\n<p>\nI nostri prodotti professionali per la laminazione valorizzano ciglia e sopracciglia donando curvatura, nutrimento e definizione. Formulazioni sicure e tenuta a lunga durata. Risultati performanti e visibilmente efficaci dalla prima applicazione. Questa formula \u00e8 arricchita con estratto di Aloe Vera, per un\u2019azione lenitiva e idratante durante il trattamento.\n<\/p>\n<h2>Uso della lozione per la permanente Lami Super Booster sulle ciglia:<\/h2>\n<p>\nApplica la lozione per la permanente dopo aver sollevato le ciglia su uno scudo per Lash Lift. Spalma la lozione sulle ciglia in modo uniforme usando un pennellino monouso. Inizia dall\u2019angolo esterno dell\u2019occhio e copri le ciglia fino al bordo inferiore dello scudo per il lash lift. Non applicare la lozione sulle punte delle ciglia! Lasciala sulle ciglia per:\n<\/p>\n<ol>\n<li>circa 7-8 minuti sulle ciglia sottili<\/li>\n<li>10 minuti sulle ciglia medie\/spesse<\/li>\n<li>12 minuti sulle ciglia molto spesse<\/li>\n<\/ol>\n<h2>Come usare la lozione per la permanente Lami Super Booster sulle sopracciglia:<\/h2>\n<ol>\n<li>circa 7-8 minuti sui peli sottili delle sopracciglia<\/li>\n<li>10 minuti sui peli medi\/spessi delle sopracciglia<\/li>\n<li>12 minuti sui peli molto spessi delle sopracciglia<\/li>\n<\/ol>\n<p>\nRimuovi con un bastoncino di cotone asciutto.\n<\/p>\n<h2>Come usare la lozione fissativa Lami Super Booster sulle ciglia:<\/h2>\n<p>\nUsala dopo aver rimosso la lozione per la permanente Lami Super Booster dalle ciglia. Spalma la lozione fissativa per ciglia Lami Super Booster sulle ciglia in modo uniforme usando un <a href=\"http:\/\/staging.lamisuperbooster.com\/product\/disposable-brushes-25-pack\/\">pennellino monouso<\/a>. Inizia dall\u2019angolo esterno dell\u2019occhio e copri le ciglia fino al bordo inferiore dello scudo in silicone. Non applicare la lozione sulle punte delle ciglia! Lasciala sulle ciglia per:\n<\/p>\n<ol>\n<li>circa 7-8 minuti sulle ciglia sottili<\/li>\n<li>10 minuti sulle ciglia medie\/spesse<\/li>\n<li>12 minuti sulle ciglia molto spesse<\/li>\n<\/ol>\n<h2>Come usare la lozione fissativa Lami Super Booster sulle sopracciglia:<\/h2>\n<ol>\n<li>circa 7-8 minuti sui peli sottili delle sopracciglia<\/li>\n<li>10 minuti sui peli medi\/spessi delle sopracciglia<\/li>\n<li>12 minuti sui peli molto spessi delle sopracciglia<\/li>\n<\/ol>\n<p>\nRimuovi con un bastoncino di cotone asciutto.\n<\/p>\n<h2>Come usare la crema laminante Lami Super Booster:<\/h2>\n<p>\nLa crema laminante Lami Super Booster si usa alla fine dei trattamenti di lash lift o laminazione delle sopracciglia dopo la permanente, il fissaggio e la colorazione, per nutrire e rinforzare le ciglia o le sopracciglia.\n<\/p>\n<p>\nIl processo di laminazione chiude le cuticole e sigilla l\u2019umidit\u00e0 nelle ciglia\/sopracciglia. Di conseguenza, appariranno pi\u00f9 scure, pi\u00f9 lunghe e pi\u00f9 piene.\n<\/p>\n<p>\nLa crema laminante Lami Super Booster contiene cheratina (la proteina naturale dei capelli), olio di argan, olio di jojoba, vitamine e aminoacidi che ammorbidiscono e idratano le ciglia.\n<\/p>\n<p>\nConfezionata in bustine monouso, la crema laminante Lami Super Booster non perde la sua stabilit\u00e0 chimica o la sua durata quando \u00e8 sigillata. Si applica sulle ciglia o sulle sopracciglia semplicemente usando un pennello o un micropennello.\n<\/p>\n<p>\nLascia la crema per 5-10 minuti, poi rimuovi con un bastoncino di cotone\/dischetto di cotone asciutto.\n<\/p>\n<p>\nPer eseguire correttamente e in sicurezza il trattamento di lash lift o laminazione delle sopracciglia, usa questi prodotti solo con altri prodotti Lami Super Booster!\n<\/p>\n<p>\nNB! Le lozioni Lami Super Booster sono solo per uso professionale. Tutte le lozioni Lami Super Booster sono prodotte in Italia e sono sicure da usare.\n<\/p>\n<p>\nConsigliamo di fare un patch test almeno 24 ore prima del trattamento per assicurarsi che il cliente non sia allergico a nessun ingrediente.\n<\/p>\n<p>\nEvita il contatto diretto con gli occhi.<\/p>\n","protected":false},"excerpt":{"rendered":"<p>\nIl set contiene:\n<\/p>\n<ul>\n<li>Lozione Permanente con ALOE (1 ml)<\/li>\n<li>Lozione Fissante con ALOE (1 ml)<\/li>\n<li>Crema Laminante, (1 ml)<\/li>\n<\/ul>\n","protected":false},"featured_media":24530,"comment_status":"open","ping_status":"closed","template":"","meta":{"inline_featured_image":false,"_kad_blocks_custom_css":"","_kad_blocks_head_custom_js":"","_kad_blocks_body_custom_js":"","_kad_blocks_footer_custom_js":"","_kadence_starter_templates_imported_post":false,"wds_primary_product_brand":0,"wds_primary_product_cat":0},"product_brand":[],"product_cat":[1427,1429,1444,1443],"product_tag":[],"class_list":{"0":"post-24529","1":"product","2":"type-product","3":"status-publish","4":"has-post-thumbnail","6":"product_cat-laminazione-sopracciglia","7":"product_cat-lash-lift-it","8":"product_cat-lozioni-per-laminazione-sopracciglia","9":"product_cat-lozioni-per-lash-lift","11":"first","12":"instock","13":"taxable","14":"shipping-taxable","15":"purchasable","16":"product-type-simple"},"taxonomy_info":{"product_cat":[{"value":1427,"label":"Laminazione sopracciglia"},{"value":1429,"label":"Lash Lift"},{"value":1444,"label":"Lozioni per Laminazione Sopracciglia"},{"value":1443,"label":"Lozioni per Lash Lift"}]},"featured_image_src_large":["https:\/\/lamisuperbooster.com\/wp-content\/uploads\/2021\/06\/Lami-Super-Booster-product-samples-with-aloe.jpg",800,800,false],"author_info":[],"comment_info":0,"_links":{"self":[{"href":"https:\/\/lamisuperbooster.com\/it\/wp-json\/wp\/v2\/product\/24529","targetHints":{"allow":["GET"]}}],"collection":[{"href":"https:\/\/lamisuperbooster.com\/it\/wp-json\/wp\/v2\/product"}],"about":[{"href":"https:\/\/lamisuperbooster.com\/it\/wp-json\/wp\/v2\/types\/product"}],"replies":[{"embeddable":true,"href":"https:\/\/lamisuperbooster.com\/it\/wp-json\/wp\/v2\/comments?post=24529"}],"wp:featuredmedia":[{"embeddable":true,"href":"https:\/\/lamisuperbooster.com\/it\/wp-json\/wp\/v2\/media\/24530"}],"wp:attachment":[{"href":"https:\/\/lamisuperbooster.com\/it\/wp-json\/wp\/v2\/media?parent=24529"}],"wp:term":[{"taxonomy":"product_brand","embeddable":true,"href":"https:\/\/lamisuperbooster.com\/it\/wp-json\/wp\/v2\/product_brand?post=24529"},{"taxonomy":"product_cat","embeddable":true,"href":"https:\/\/lamisuperbooster.com\/it\/wp-json\/wp\/v2\/product_cat?post=24529"},{"taxonomy":"product_tag","embeddable":true,"href":"https:\/\/lamisuperbooster.com\/it\/wp-json\/wp\/v2\/product_tag?post=24529"}],"curies":[{"name":"wp","href":"https:\/\/api.w.org\/{rel}","templated":true}]}}