{"id":24521,"date":"2020-10-11T23:07:14","date_gmt":"2020-10-11T21:07:14","guid":{"rendered":"https:\/\/lamisuperbooster.com\/product\/tinta-per-ciglia-e-sopracciglia-grafite-biosmetics\/"},"modified":"2025-06-09T16:14:50","modified_gmt":"2025-06-09T14:14:50","slug":"tinta-per-ciglia-e-sopracciglia-grafite-biosmetics","status":"publish","type":"product","link":"https:\/\/lamisuperbooster.com\/it\/prodotto\/tinta-per-ciglia-e-sopracciglia-grafite-biosmetics\/","title":{"rendered":"Tinta per ciglia e sopracciglia GRAFITE, Biosmetics"},"content":{"rendered":"<p>\nDa oltre 20 anni, il marchio tedesco Biosmetics \u00e8 apprezzato per le sue tinte di alta qualit\u00e0 per ciglia e sopracciglia.\n<\/p>\n<p>\nValorizza ciglia e sopracciglia in modo rapido e senza sforzo con Biosmetics. La tinta grafite \u00e8 ideale per mescolarsi con altri colori per creare un tono pi\u00f9 morbido, soprattutto per i clienti con molti capelli bianchi o grigi. \u00c8 un\u2019ottima opzione per i clienti pi\u00f9 anziani che cercano un look pi\u00f9 naturale. Il colore dura circa 4-7 settimane, offrendo risultati duraturi.\n<\/p>\n<p>\nTempi di sviluppo della tinta Biosmetics:<br \/>\u2013 Per le ciglia: 4-10 minuti, a seconda dell\u2019intensit\u00e0 che vuoi ottenere. Nota: Quando usata durante un trattamento Lash Lift, applica la tinta solo per 4-5 minuti, poich\u00e9 le ciglia pre-trattate assorbono il colore pi\u00f9 velocemente.<br \/>\u2013 Per le sopracciglia: 2-10 minuti, a seconda dell\u2019intensit\u00e0 desiderata.\n<\/p>\n<p>\nLe tinte Biosmetics funzionano alla perfezione con i trattamenti Lami Super Booster Lash Lift e laminazione sopracciglia. Per risultati migliori, usa con lo sviluppatore Biosmetics.\n<\/p>\n<p>\nTest del cerotto: Consigliamo di fare un test allergico 24 ore prima della prima applicazione e dopo lunghi periodi senza tintura.\n<\/p>\n<p>\nAssicurati di leggere e seguire attentamente le istruzioni.\n<\/p>\n<p>\nSolo per uso professionale.<\/p>\n","protected":false},"excerpt":{"rendered":"<ul>\n<li>Tubo: 20ml<\/li>\n<li>Colore: grafite<\/li>\n<li>Prodotto in Germania<\/li>\n<\/ul>\n","protected":false},"featured_media":24523,"comment_status":"open","ping_status":"closed","template":"","meta":{"inline_featured_image":false,"_kad_blocks_custom_css":"","_kad_blocks_head_custom_js":"","_kad_blocks_body_custom_js":"","_kad_blocks_footer_custom_js":"","_kadence_starter_templates_imported_post":false,"wds_primary_product_brand":0,"wds_primary_product_cat":0},"product_brand":[],"product_cat":[1438,1439],"product_tag":[1440,1441],"class_list":{"0":"post-24521","1":"product","2":"type-product","3":"status-publish","4":"has-post-thumbnail","6":"product_cat-tinta-ciglia","7":"product_cat-tinta-sopracciglia","8":"product_tag-tinta-ciglia","9":"product_tag-tinta-sopracciglia","11":"first","12":"instock","13":"taxable","14":"shipping-taxable","15":"purchasable","16":"product-type-simple"},"taxonomy_info":{"product_cat":[{"value":1438,"label":"Tinta Ciglia"},{"value":1439,"label":"Tinta Sopracciglia"}],"product_tag":[{"value":1440,"label":"tinta ciglia"},{"value":1441,"label":"tinta sopracciglia"}]},"featured_image_src_large":["https:\/\/lamisuperbooster.com\/wp-content\/uploads\/2020\/10\/Biocosmetics-tint-graphite-Lash-Super-Booster.jpg",800,800,false],"author_info":[],"comment_info":0,"_links":{"self":[{"href":"https:\/\/lamisuperbooster.com\/it\/wp-json\/wp\/v2\/product\/24521","targetHints":{"allow":["GET"]}}],"collection":[{"href":"https:\/\/lamisuperbooster.com\/it\/wp-json\/wp\/v2\/product"}],"about":[{"href":"https:\/\/lamisuperbooster.com\/it\/wp-json\/wp\/v2\/types\/product"}],"replies":[{"embeddable":true,"href":"https:\/\/lamisuperbooster.com\/it\/wp-json\/wp\/v2\/comments?post=24521"}],"wp:featuredmedia":[{"embeddable":true,"href":"https:\/\/lamisuperbooster.com\/it\/wp-json\/wp\/v2\/media\/24523"}],"wp:attachment":[{"href":"https:\/\/lamisuperbooster.com\/it\/wp-json\/wp\/v2\/media?parent=24521"}],"wp:term":[{"taxonomy":"product_brand","embeddable":true,"href":"https:\/\/lamisuperbooster.com\/it\/wp-json\/wp\/v2\/product_brand?post=24521"},{"taxonomy":"product_cat","embeddable":true,"href":"https:\/\/lamisuperbooster.com\/it\/wp-json\/wp\/v2\/product_cat?post=24521"},{"taxonomy":"product_tag","embeddable":true,"href":"https:\/\/lamisuperbooster.com\/it\/wp-json\/wp\/v2\/product_tag?post=24521"}],"curies":[{"name":"wp","href":"https:\/\/api.w.org\/{rel}","templated":true}]}}