{"id":24495,"date":"2020-10-11T22:04:01","date_gmt":"2020-10-11T20:04:01","guid":{"rendered":"https:\/\/lamisuperbooster.com\/product\/tinta-per-ciglia-e-sopracciglia-marrone-medio-biosmetics\/"},"modified":"2025-12-15T15:37:50","modified_gmt":"2025-12-15T13:37:50","slug":"tinta-per-ciglia-e-sopracciglia-marrone-medio-biosmetics","status":"publish","type":"product","link":"https:\/\/lamisuperbooster.com\/it\/prodotto\/tinta-per-ciglia-e-sopracciglia-marrone-medio-biosmetics\/","title":{"rendered":"Tinta per ciglia e sopracciglia MARRONE MEDIO, Biosmetics"},"content":{"rendered":"<p>\nDa oltre 20 anni, il marchio tedesco Biosmetics \u00e8 riconosciuto per le sue tinte per ciglia e sopracciglia di alta qualit\u00e0.\n<\/p>\n<p>\nOttieni ciglia e sopracciglia naturalmente migliorate in modo rapido e facile con la tinta marrone medio di Biosmetics. Progettata per creare un look naturale, si adatta a tutte le sopracciglia. Il colore dura circa 4-7 settimane, offrendo risultati duraturi.\n<\/p>\n<p>\nTempi di sviluppo della tinta Biosmetics:\n<\/p>\n<p>\n\u2013 Per le ciglia: da 4 a 10 minuti, a seconda dell\u2019intensit\u00e0 desiderata. Nota: Se stai colorando durante un trattamento di lash lift, lascia la tinta solo per 4-5 minuti poich\u00e9 le ciglia sono gi\u00e0 pre-trattate, permettendo un assorbimento del colore pi\u00f9 rapido.<br \/>\u2013 Per le sopracciglia: da 2 a 10 minuti, in base all\u2019intensit\u00e0 che vuoi ottenere.\n<\/p>\n<p>\nLe tinte Biosmetics funzionano perfettamente con i trattamenti di lash lift e laminazione delle ciglia Lami Super Booster. Per risultati migliori, usa sempre le tinte Biosmetics con lo <a href=\"https:\/\/staging.lamisuperbooster.com\/product\/cream-oxidant-biosmetics\">sviluppatore Biosmetics<\/a>.\n<\/p>\n<p>\nPatch Test: Ti consigliamo di fare un patch test 24 ore prima della prima applicazione e dopo lunghi periodi senza colorazione.\n<\/p>\n<p>\nAssicurati di leggere e seguire le istruzioni prima dell\u2019uso.\n<\/p>\n<p>\nSolo per uso professionale.<\/p>\n","protected":false},"excerpt":{"rendered":"<ul>\n<li>Tubo: 20ml<\/li>\n<li>Colore: marrone medio<\/li>\n<li>Prodotto in Germania<\/li>\n<\/ul>\n","protected":false},"featured_media":24497,"comment_status":"open","ping_status":"closed","template":"","meta":{"inline_featured_image":false,"_kad_blocks_custom_css":"","_kad_blocks_head_custom_js":"","_kad_blocks_body_custom_js":"","_kad_blocks_footer_custom_js":"","_kadence_starter_templates_imported_post":false,"wds_primary_product_brand":0,"wds_primary_product_cat":0},"product_brand":[],"product_cat":[1438,1439],"product_tag":[1440],"class_list":{"0":"post-24495","1":"product","2":"type-product","3":"status-publish","4":"has-post-thumbnail","6":"product_cat-tinta-ciglia","7":"product_cat-tinta-sopracciglia","8":"product_tag-tinta-ciglia","10":"first","11":"instock","12":"taxable","13":"shipping-taxable","14":"purchasable","15":"product-type-simple"},"taxonomy_info":{"product_cat":[{"value":1438,"label":"Tinta Ciglia"},{"value":1439,"label":"Tinta Sopracciglia"}],"product_tag":[{"value":1440,"label":"tinta ciglia"}]},"featured_image_src_large":["https:\/\/lamisuperbooster.com\/wp-content\/uploads\/2020\/10\/Biocosmetics-tint-middle-brown-Lash-Super-Booster.jpg",800,800,false],"author_info":[],"comment_info":0,"_links":{"self":[{"href":"https:\/\/lamisuperbooster.com\/it\/wp-json\/wp\/v2\/product\/24495","targetHints":{"allow":["GET"]}}],"collection":[{"href":"https:\/\/lamisuperbooster.com\/it\/wp-json\/wp\/v2\/product"}],"about":[{"href":"https:\/\/lamisuperbooster.com\/it\/wp-json\/wp\/v2\/types\/product"}],"replies":[{"embeddable":true,"href":"https:\/\/lamisuperbooster.com\/it\/wp-json\/wp\/v2\/comments?post=24495"}],"wp:featuredmedia":[{"embeddable":true,"href":"https:\/\/lamisuperbooster.com\/it\/wp-json\/wp\/v2\/media\/24497"}],"wp:attachment":[{"href":"https:\/\/lamisuperbooster.com\/it\/wp-json\/wp\/v2\/media?parent=24495"}],"wp:term":[{"taxonomy":"product_brand","embeddable":true,"href":"https:\/\/lamisuperbooster.com\/it\/wp-json\/wp\/v2\/product_brand?post=24495"},{"taxonomy":"product_cat","embeddable":true,"href":"https:\/\/lamisuperbooster.com\/it\/wp-json\/wp\/v2\/product_cat?post=24495"},{"taxonomy":"product_tag","embeddable":true,"href":"https:\/\/lamisuperbooster.com\/it\/wp-json\/wp\/v2\/product_tag?post=24495"}],"curies":[{"name":"wp","href":"https:\/\/api.w.org\/{rel}","templated":true}]}}