{"id":24490,"date":"2020-10-11T21:09:01","date_gmt":"2020-10-11T19:09:01","guid":{"rendered":"https:\/\/lamisuperbooster.com\/product\/tinta-per-ciglia-e-sopracciglia-marrone-biosmetics\/"},"modified":"2025-12-15T15:37:50","modified_gmt":"2025-12-15T13:37:50","slug":"tinta-per-ciglia-e-sopracciglia-marrone-biosmetics","status":"publish","type":"product","link":"https:\/\/lamisuperbooster.com\/it\/prodotto\/tinta-per-ciglia-e-sopracciglia-marrone-biosmetics\/","title":{"rendered":"Tinta per ciglia e sopracciglia MARRONE, Biosmetics"},"content":{"rendered":"<p>\nDa oltre 20 anni, il marchio tedesco Biosmetics \u00e8 apprezzato per le sue tinte di alta qualit\u00e0 per ciglia e sopracciglia.\n<\/p>\n<p>\nOttieni ciglia e sopracciglia meravigliosamente valorizzate con facilit\u00e0. La tinta marrone \u00e8 perfetta per creare un look naturale e ben definito ed \u00e8 una scelta popolare per la colorazione delle sopracciglia. Il colore dura circa 4-7 settimane, offrendo risultati duraturi.\n<\/p>\n<p>\nTempi di sviluppo della tinta Biosmetics:<br \/>\u2013 Per le ciglia: da 4 a 10 minuti, a seconda dell\u2019intensit\u00e0 desiderata. Nota: Quando tingi durante un trattamento di lash lift, applica solo per 4-5 minuti poich\u00e9 le ciglia pretrattate assorbono il colore pi\u00f9 velocemente.<br \/>\u2013 Per le sopracciglia: da 2 a 10 minuti, a seconda della profondit\u00e0 del colore che desideri ottenere.\n<\/p>\n<p>\nLe tinte Biosmetics si abbinano perfettamente ai trattamenti Lami Super Booster Lash Lift e lamination delle sopracciglia. Per i migliori risultati, usa con lo <a href=\"https:\/\/staging.lamisuperbooster.com\/product\/cream-oxidant-biosmetics\">sviluppatore Biosmetics<\/a>.\n<\/p>\n<p>\nTest di patch: Si consiglia un test allergico 24 ore prima del primo utilizzo o dopo lunghi periodi senza colorazione.\n<\/p>\n<p>\nAssicurati di leggere e seguire attentamente tutte le istruzioni.\n<\/p>\n<p>\nSolo per uso professionale.<\/p>\n","protected":false},"excerpt":{"rendered":"<ul>\n<li>Tubo: 20ml<\/li>\n<li>Colore: marrone<\/li>\n<li>Prodotto in Germania<\/li>\n<\/ul>\n","protected":false},"featured_media":24492,"comment_status":"open","ping_status":"closed","template":"","meta":{"inline_featured_image":false,"_kad_blocks_custom_css":"","_kad_blocks_head_custom_js":"","_kad_blocks_body_custom_js":"","_kad_blocks_footer_custom_js":"","_kadence_starter_templates_imported_post":false,"wds_primary_product_brand":0,"wds_primary_product_cat":0},"product_brand":[],"product_cat":[1438,1439],"product_tag":[1440,1441],"class_list":{"0":"post-24490","1":"product","2":"type-product","3":"status-publish","4":"has-post-thumbnail","6":"product_cat-tinta-ciglia","7":"product_cat-tinta-sopracciglia","8":"product_tag-tinta-ciglia","9":"product_tag-tinta-sopracciglia","11":"first","12":"instock","13":"taxable","14":"shipping-taxable","15":"purchasable","16":"product-type-simple"},"taxonomy_info":{"product_cat":[{"value":1438,"label":"Tinta Ciglia"},{"value":1439,"label":"Tinta Sopracciglia"}],"product_tag":[{"value":1440,"label":"tinta ciglia"},{"value":1441,"label":"tinta sopracciglia"}]},"featured_image_src_large":["https:\/\/lamisuperbooster.com\/wp-content\/uploads\/2020\/10\/Biocosmetics-tint-brown-Lash-Super-Booster-2.jpg",800,800,false],"author_info":[],"comment_info":0,"_links":{"self":[{"href":"https:\/\/lamisuperbooster.com\/it\/wp-json\/wp\/v2\/product\/24490","targetHints":{"allow":["GET"]}}],"collection":[{"href":"https:\/\/lamisuperbooster.com\/it\/wp-json\/wp\/v2\/product"}],"about":[{"href":"https:\/\/lamisuperbooster.com\/it\/wp-json\/wp\/v2\/types\/product"}],"replies":[{"embeddable":true,"href":"https:\/\/lamisuperbooster.com\/it\/wp-json\/wp\/v2\/comments?post=24490"}],"wp:featuredmedia":[{"embeddable":true,"href":"https:\/\/lamisuperbooster.com\/it\/wp-json\/wp\/v2\/media\/24492"}],"wp:attachment":[{"href":"https:\/\/lamisuperbooster.com\/it\/wp-json\/wp\/v2\/media?parent=24490"}],"wp:term":[{"taxonomy":"product_brand","embeddable":true,"href":"https:\/\/lamisuperbooster.com\/it\/wp-json\/wp\/v2\/product_brand?post=24490"},{"taxonomy":"product_cat","embeddable":true,"href":"https:\/\/lamisuperbooster.com\/it\/wp-json\/wp\/v2\/product_cat?post=24490"},{"taxonomy":"product_tag","embeddable":true,"href":"https:\/\/lamisuperbooster.com\/it\/wp-json\/wp\/v2\/product_tag?post=24490"}],"curies":[{"name":"wp","href":"https:\/\/api.w.org\/{rel}","templated":true}]}}