{"id":24483,"date":"2019-02-17T20:40:52","date_gmt":"2019-02-17T18:40:52","guid":{"rendered":"https:\/\/lamisuperbooster.com\/product\/tinta-per-ciglia-e-sopracciglia-colore-nero-intenso-biosmetics\/"},"modified":"2026-04-10T12:41:00","modified_gmt":"2026-04-10T10:41:00","slug":"tinta-per-ciglia-e-sopracciglia-colore-nero-intenso-biosmetics","status":"publish","type":"product","link":"https:\/\/lamisuperbooster.com\/it\/prodotto\/tinta-per-ciglia-e-sopracciglia-colore-nero-intenso-biosmetics\/","title":{"rendered":"Tinta per Ciglia e Sopracciglia, colore NERO INTENSO"},"content":{"rendered":"<p>\nDa oltre 20 anni, il marchio tedesco Biosmetics \u00e8 un nome affidabile per tinte di alta qualit\u00e0 per ciglia e sopracciglia.\n<\/p>\n<p>\nValorizza ciglia e sopracciglia in modo rapido e senza sforzo con Biosmetics. Ti consigliamo di usare la tinta nero intenso per accentuare la lunghezza naturale delle ciglia e definire gli occhi. Questa tinta \u00e8 perfetta per i clienti con capelli neri o per chi cerca un look audace e definito. \u00c8 completamente resistente all\u2019acqua e non sbava, con un colore che dura circa 4-7 settimane.\n<\/p>\n<p>\nTempi di sviluppo della tinta Biosmetics:<br \/>\u2013 Per le ciglia: da 4 a 10 minuti, a seconda dell\u2019intensit\u00e0 di colore desiderata. **Nota**: Durante un trattamento Lash Lift, lascia la tinta solo per 4-5 minuti, poich\u00e9 le ciglia pre-trattate assorbono il colore pi\u00f9 velocemente.<br \/>\u2013 Per le sopracciglia: da 2 a 10 minuti, a seconda dell\u2019intensit\u00e0 che vuoi ottenere.\n<\/p>\n<p>\nLe tinte Biosmetics funzionano perfettamente con i trattamenti di lash lift e laminazione sopracciglia Lami Super Booster. Per i migliori risultati, usa sempre con lo <a href=\"https:\/\/staging.lamisuperbooster.com\/product\/cream-oxidant-biosmetics\">sviluppatore Biosmetics al 3%<\/a>.\n<\/p>\n<p>\nPatch Test: Ti consigliamo di fare un test allergico 24 ore prima del primo utilizzo e dopo lunghi periodi senza tintura.\n<\/p>\n<p>\nAssicurati di leggere e seguire attentamente le istruzioni.\n<\/p>\n<p>\nSolo per uso professionale.<\/p>\n","protected":false},"excerpt":{"rendered":"<ul>\n<li>Tubo: 20ml<\/li>\n<li>Colore: nero intenso<\/li>\n<li>Prodotto in Germania<\/li>\n<\/ul>\n","protected":false},"featured_media":24481,"comment_status":"open","ping_status":"closed","template":"","meta":{"inline_featured_image":false,"_kad_blocks_custom_css":"","_kad_blocks_head_custom_js":"","_kad_blocks_body_custom_js":"","_kad_blocks_footer_custom_js":"","_kadence_starter_templates_imported_post":false,"wds_primary_product_brand":0,"wds_primary_product_cat":0},"product_brand":[],"product_cat":[1427,1429,1438,1439],"product_tag":[1440,1441],"class_list":{"0":"post-24483","1":"product","2":"type-product","3":"status-publish","4":"has-post-thumbnail","6":"product_cat-laminazione-sopracciglia","7":"product_cat-lash-lift-it","8":"product_cat-tinta-ciglia","9":"product_cat-tinta-sopracciglia","10":"product_tag-tinta-ciglia","11":"product_tag-tinta-sopracciglia","13":"first","14":"instock","15":"taxable","16":"shipping-taxable","17":"purchasable","18":"product-type-simple"},"taxonomy_info":{"product_cat":[{"value":1427,"label":"Laminazione sopracciglia"},{"value":1429,"label":"Lash Lift"},{"value":1438,"label":"Tinta Ciglia"},{"value":1439,"label":"Tinta Sopracciglia"}],"product_tag":[{"value":1440,"label":"tinta ciglia"},{"value":1441,"label":"tinta sopracciglia"}]},"featured_image_src_large":["https:\/\/lamisuperbooster.com\/wp-content\/uploads\/2019\/02\/Eyelash-and-eyebrow-tint-deep-black-tone-Biocosmetics-with-a-box.jpg.jpg",600,600,false],"author_info":[],"comment_info":0,"_links":{"self":[{"href":"https:\/\/lamisuperbooster.com\/it\/wp-json\/wp\/v2\/product\/24483","targetHints":{"allow":["GET"]}}],"collection":[{"href":"https:\/\/lamisuperbooster.com\/it\/wp-json\/wp\/v2\/product"}],"about":[{"href":"https:\/\/lamisuperbooster.com\/it\/wp-json\/wp\/v2\/types\/product"}],"replies":[{"embeddable":true,"href":"https:\/\/lamisuperbooster.com\/it\/wp-json\/wp\/v2\/comments?post=24483"}],"wp:featuredmedia":[{"embeddable":true,"href":"https:\/\/lamisuperbooster.com\/it\/wp-json\/wp\/v2\/media\/24481"}],"wp:attachment":[{"href":"https:\/\/lamisuperbooster.com\/it\/wp-json\/wp\/v2\/media?parent=24483"}],"wp:term":[{"taxonomy":"product_brand","embeddable":true,"href":"https:\/\/lamisuperbooster.com\/it\/wp-json\/wp\/v2\/product_brand?post=24483"},{"taxonomy":"product_cat","embeddable":true,"href":"https:\/\/lamisuperbooster.com\/it\/wp-json\/wp\/v2\/product_cat?post=24483"},{"taxonomy":"product_tag","embeddable":true,"href":"https:\/\/lamisuperbooster.com\/it\/wp-json\/wp\/v2\/product_tag?post=24483"}],"curies":[{"name":"wp","href":"https:\/\/api.w.org\/{rel}","templated":true}]}}