{"id":24459,"date":"2019-02-19T19:31:43","date_gmt":"2019-02-19T19:31:43","guid":{"rendered":"https:\/\/lamisuperbooster.com\/product\/tinta-per-ciglia-e-sopracciglia-blu-nero-biosmetics\/"},"modified":"2025-06-09T16:10:53","modified_gmt":"2025-06-09T14:10:53","slug":"tinta-per-ciglia-e-sopracciglia-blu-nero-biosmetics","status":"publish","type":"product","link":"https:\/\/lamisuperbooster.com\/it\/prodotto\/tinta-per-ciglia-e-sopracciglia-blu-nero-biosmetics\/","title":{"rendered":"Tinta per ciglia e sopracciglia BLU NERO, Biosmetics"},"content":{"rendered":"<p>\nDa oltre 20 anni, il marchio tedesco Biosmetics \u00e8 rinomato per le sue tinte di alta qualit\u00e0 per ciglia e sopracciglia.\n<\/p>\n<p>\nOra puoi valorizzare ciglia e sopracciglia in modo rapido e semplice. Questa tinta unica offre una tonalit\u00e0 ancora pi\u00f9 intensa del nero, dando alle ciglia un aspetto pi\u00f9 lungo e pieno con un leggero riflesso blu che aggiunge un tocco giovane e raffinato. La tinta \u00e8 completamente impermeabile e resistente alle sbavature, durando circa 4-7 settimane.\n<\/p>\n<p>\nTempi di sviluppo della tinta Biosmetics:<br \/>\u2013 Per le ciglia: da 4 a 10 minuti, a seconda dell\u2019intensit\u00e0 di colore desiderata. Nota: Durante un trattamento di lash lift, lascia la tinta solo per 4-5 minuti, poich\u00e9 le ciglia pretrattate assorbono il colore pi\u00f9 velocemente.<br \/>\u2013 Per le sopracciglia: da 2 a 10 minuti, a seconda dell\u2019intensit\u00e0 desiderata.\n<\/p>\n<p>\nLe tinte Biosmetics sono ideali per l\u2019uso con i trattamenti di lash lift e laminazione sopracciglia Lami Super Booster. Per garantire i migliori risultati, usale sempre con lo sviluppatore Biosmetics al 3%.\n<\/p>\n<p>\nTest del cerotto: Consigliamo di eseguire un test allergico 24 ore prima della prima applicazione, e anche dopo lunghi periodi senza tintura.\n<\/p>\n<p>\nAssicurati di leggere e seguire attentamente le istruzioni.\n<\/p>\n<p>\nSolo per uso professionale.<\/p>\n","protected":false},"excerpt":{"rendered":"<ul>\n<li>Tubo: 20ml<\/li>\n<li>Colore: blu nero<\/li>\n<li>Prodotto in Germania<\/li>\n<\/ul>\n","protected":false},"featured_media":24461,"comment_status":"open","ping_status":"closed","template":"","meta":{"inline_featured_image":false,"_kad_blocks_custom_css":"","_kad_blocks_head_custom_js":"","_kad_blocks_body_custom_js":"","_kad_blocks_footer_custom_js":"","_kadence_starter_templates_imported_post":false,"wds_primary_product_brand":0,"wds_primary_product_cat":0},"product_brand":[],"product_cat":[1427,1429,1438,1439],"product_tag":[1440,1441],"class_list":{"0":"post-24459","1":"product","2":"type-product","3":"status-publish","4":"has-post-thumbnail","6":"product_cat-laminazione-sopracciglia","7":"product_cat-lash-lift-it","8":"product_cat-tinta-ciglia","9":"product_cat-tinta-sopracciglia","10":"product_tag-tinta-ciglia","11":"product_tag-tinta-sopracciglia","13":"first","14":"instock","15":"taxable","16":"shipping-taxable","17":"purchasable","18":"product-type-simple"},"taxonomy_info":{"product_cat":[{"value":1427,"label":"Laminazione sopracciglia"},{"value":1429,"label":"Lash Lift"},{"value":1438,"label":"Tinta Ciglia"},{"value":1439,"label":"Tinta Sopracciglia"}],"product_tag":[{"value":1440,"label":"tinta ciglia"},{"value":1441,"label":"tinta sopracciglia"}]},"featured_image_src_large":["https:\/\/lamisuperbooster.com\/wp-content\/uploads\/2019\/02\/Eyelash-and-eyebrow-tint-blue-black-tone-Biocosmetics-with-a-box.jpg.jpg",600,600,false],"author_info":[],"comment_info":0,"_links":{"self":[{"href":"https:\/\/lamisuperbooster.com\/it\/wp-json\/wp\/v2\/product\/24459","targetHints":{"allow":["GET"]}}],"collection":[{"href":"https:\/\/lamisuperbooster.com\/it\/wp-json\/wp\/v2\/product"}],"about":[{"href":"https:\/\/lamisuperbooster.com\/it\/wp-json\/wp\/v2\/types\/product"}],"replies":[{"embeddable":true,"href":"https:\/\/lamisuperbooster.com\/it\/wp-json\/wp\/v2\/comments?post=24459"}],"wp:featuredmedia":[{"embeddable":true,"href":"https:\/\/lamisuperbooster.com\/it\/wp-json\/wp\/v2\/media\/24461"}],"wp:attachment":[{"href":"https:\/\/lamisuperbooster.com\/it\/wp-json\/wp\/v2\/media?parent=24459"}],"wp:term":[{"taxonomy":"product_brand","embeddable":true,"href":"https:\/\/lamisuperbooster.com\/it\/wp-json\/wp\/v2\/product_brand?post=24459"},{"taxonomy":"product_cat","embeddable":true,"href":"https:\/\/lamisuperbooster.com\/it\/wp-json\/wp\/v2\/product_cat?post=24459"},{"taxonomy":"product_tag","embeddable":true,"href":"https:\/\/lamisuperbooster.com\/it\/wp-json\/wp\/v2\/product_tag?post=24459"}],"curies":[{"name":"wp","href":"https:\/\/api.w.org\/{rel}","templated":true}]}}