{"id":24449,"date":"2022-06-30T21:41:33","date_gmt":"2022-06-30T19:41:33","guid":{"rendered":"https:\/\/lamisuperbooster.com\/product\/colla-laminante-super-tenace-diamond\/"},"modified":"2025-06-09T15:35:21","modified_gmt":"2025-06-09T13:35:21","slug":"colla-laminante-super-tenace-diamond","status":"publish","type":"product","link":"https:\/\/lamisuperbooster.com\/it\/prodotto\/colla-laminante-super-tenace-diamond\/","title":{"rendered":"DIAMOND Colla laminazione &#8211; forte tenuta"},"content":{"rendered":"<p>\nLa Colla Laminante Diamond offre una presa forte che mantiene la tenuta durante tutto il trattamento di laminazione, rendendo i trattamenti di lash lift (laminazione ciglia) e laminazione sopracciglia semplici anche per i principianti e impedendo alle ciglia di staccarsi dai bigodini in silicone.\n<\/p>\n<p>\nQuando usi la colla, ricordati che \u00e8 solubile al 100% in acqua. Applica uno strato sottile e uniforme sul bigodino in silicone, perch\u00e9 la colla in eccesso pu\u00f2 impedire alle ciglia di aderire correttamente.\n<\/p>\n<p>\nDopo l\u2019applicazione, aspetta qualche secondo che la colla diventi appiccicosa prima di sollevare le ciglia sul bigodino in silicone.\n<\/p>\n<p>\nQuando applichi le lozioni per la permanente e il fissaggio, evita di coprire le punte delle ciglia, perch\u00e9 questo pu\u00f2 far sciogliere la colla, portando al distacco delle ciglia. Se devi allineare ciglia gi\u00e0 in posizione, applica semplicemente un po\u2019 pi\u00f9 di colla per ammorbidirle prima di riposizionarle.<\/p>\n","protected":false},"excerpt":{"rendered":"<ul>\n<li>A base d\u2019acqua<\/li>\n<li>Usata per trattamenti di lash lift e laminazione sopracciglia<\/li>\n<li>Facile da pulire senza lasciare residui sulle palpebre<\/li>\n<li>Adesivo di grado cosmetico<\/li>\n<li>Prodotta in Italia<\/li>\n<\/ul>\n","protected":false},"featured_media":24453,"comment_status":"open","ping_status":"closed","template":"","meta":{"inline_featured_image":false,"_kad_blocks_custom_css":"","_kad_blocks_head_custom_js":"","_kad_blocks_body_custom_js":"","_kad_blocks_footer_custom_js":"","_kadence_starter_templates_imported_post":false,"wds_primary_product_brand":0,"wds_primary_product_cat":0},"product_brand":[],"product_cat":[1488,1500,1427,1429],"product_tag":[1448,1446],"class_list":{"0":"post-24449","1":"product","2":"type-product","3":"status-publish","4":"has-post-thumbnail","6":"product_cat-adesivi-e-polveri","7":"product_cat-laminazione-ciglia-classica","8":"product_cat-laminazione-sopracciglia","9":"product_cat-lash-lift-it","10":"product_tag-colla","11":"product_tag-colla-per-lash-lift","13":"first","14":"outofstock","15":"taxable","16":"shipping-taxable","17":"purchasable","18":"product-type-simple"},"taxonomy_info":{"product_cat":[{"value":1488,"label":"Adesivi &amp; Polveri"},{"value":1500,"label":"Laminazione Ciglia Classica"},{"value":1427,"label":"Laminazione sopracciglia"},{"value":1429,"label":"Lash Lift"}],"product_tag":[{"value":1448,"label":"colla"},{"value":1446,"label":"Colla per Lash Lift"}]},"featured_image_src_large":["https:\/\/lamisuperbooster.com\/wp-content\/uploads\/2022\/06\/Lami-Super-Booster-Diamond-glue.jpg",900,900,false],"author_info":[],"comment_info":0,"_links":{"self":[{"href":"https:\/\/lamisuperbooster.com\/it\/wp-json\/wp\/v2\/product\/24449","targetHints":{"allow":["GET"]}}],"collection":[{"href":"https:\/\/lamisuperbooster.com\/it\/wp-json\/wp\/v2\/product"}],"about":[{"href":"https:\/\/lamisuperbooster.com\/it\/wp-json\/wp\/v2\/types\/product"}],"replies":[{"embeddable":true,"href":"https:\/\/lamisuperbooster.com\/it\/wp-json\/wp\/v2\/comments?post=24449"}],"wp:featuredmedia":[{"embeddable":true,"href":"https:\/\/lamisuperbooster.com\/it\/wp-json\/wp\/v2\/media\/24453"}],"wp:attachment":[{"href":"https:\/\/lamisuperbooster.com\/it\/wp-json\/wp\/v2\/media?parent=24449"}],"wp:term":[{"taxonomy":"product_brand","embeddable":true,"href":"https:\/\/lamisuperbooster.com\/it\/wp-json\/wp\/v2\/product_brand?post=24449"},{"taxonomy":"product_cat","embeddable":true,"href":"https:\/\/lamisuperbooster.com\/it\/wp-json\/wp\/v2\/product_cat?post=24449"},{"taxonomy":"product_tag","embeddable":true,"href":"https:\/\/lamisuperbooster.com\/it\/wp-json\/wp\/v2\/product_tag?post=24449"}],"curies":[{"name":"wp","href":"https:\/\/api.w.org\/{rel}","templated":true}]}}