{"id":24427,"date":"2019-11-19T18:52:58","date_gmt":"2019-11-19T16:52:58","guid":{"rendered":"https:\/\/lamisuperbooster.com\/product\/pettine-a-y-per-lash-lift-10pz\/"},"modified":"2026-01-30T14:29:26","modified_gmt":"2026-01-30T12:29:26","slug":"pettine-a-y-per-lash-lift-10pz","status":"publish","type":"product","link":"https:\/\/lamisuperbooster.com\/it\/prodotto\/pettine-a-y-per-lash-lift-10pz\/","title":{"rendered":"Pettine a Y per Lash Lift, 10pz"},"content":{"rendered":"<p>\nIl pettine a Y per Lash Lift si usa per sollevare e separare pi\u00f9 facilmente le ciglia durante il trattamento Lash Lift. \u00c8 una fantastica alternativa o aggiunta allo strumento per Lash Lift. Leggero e preciso, ti aiuter\u00e0 a velocizzare il processo di Lash Lift\n<\/p>\n<p>\nRealizzati in plastica traslucida antiscivolo, per facilitare la presa e per evitare che scivolino tra le mani.<\/p>\n","protected":false},"excerpt":{"rendered":"<ul>\n<li>Confezione da 10Pz<\/li>\n<li>In plastica traslucida<\/li>\n<li>Micropettine + Spatolina<\/li>\n<li>Dimensioni 40mm x 30mm<\/li>\n<\/ul>\n","protected":false},"featured_media":24428,"comment_status":"open","ping_status":"closed","template":"","meta":{"inline_featured_image":false,"_kad_blocks_custom_css":"","_kad_blocks_head_custom_js":"","_kad_blocks_body_custom_js":"","_kad_blocks_footer_custom_js":"","_kadence_starter_templates_imported_post":false,"wds_primary_product_brand":0,"wds_primary_product_cat":0},"product_brand":[],"product_cat":[1427,1429,1428,1432],"product_tag":[1433],"class_list":{"0":"post-24427","1":"product","2":"type-product","3":"status-publish","4":"has-post-thumbnail","6":"product_cat-laminazione-sopracciglia","7":"product_cat-lash-lift-it","8":"product_cat-strumenti-per-laminazione-sopracciglia","9":"product_cat-strumenti-per-lash-lift","10":"product_tag-pettine-a-y","12":"first","13":"instock","14":"taxable","15":"shipping-taxable","16":"purchasable","17":"product-type-simple"},"taxonomy_info":{"product_cat":[{"value":1427,"label":"Laminazione sopracciglia"},{"value":1429,"label":"Lash Lift"},{"value":1428,"label":"Strumenti per laminazione sopracciglia"},{"value":1432,"label":"Strumenti per Lash Lift"}],"product_tag":[{"value":1433,"label":"pettine a y"}]},"featured_image_src_large":["https:\/\/lamisuperbooster.com\/wp-content\/uploads\/2019\/11\/Y-Comb_Lash-Super-Booster.jpg",911,1024,false],"author_info":[],"comment_info":0,"_links":{"self":[{"href":"https:\/\/lamisuperbooster.com\/it\/wp-json\/wp\/v2\/product\/24427","targetHints":{"allow":["GET"]}}],"collection":[{"href":"https:\/\/lamisuperbooster.com\/it\/wp-json\/wp\/v2\/product"}],"about":[{"href":"https:\/\/lamisuperbooster.com\/it\/wp-json\/wp\/v2\/types\/product"}],"replies":[{"embeddable":true,"href":"https:\/\/lamisuperbooster.com\/it\/wp-json\/wp\/v2\/comments?post=24427"}],"wp:featuredmedia":[{"embeddable":true,"href":"https:\/\/lamisuperbooster.com\/it\/wp-json\/wp\/v2\/media\/24428"}],"wp:attachment":[{"href":"https:\/\/lamisuperbooster.com\/it\/wp-json\/wp\/v2\/media?parent=24427"}],"wp:term":[{"taxonomy":"product_brand","embeddable":true,"href":"https:\/\/lamisuperbooster.com\/it\/wp-json\/wp\/v2\/product_brand?post=24427"},{"taxonomy":"product_cat","embeddable":true,"href":"https:\/\/lamisuperbooster.com\/it\/wp-json\/wp\/v2\/product_cat?post=24427"},{"taxonomy":"product_tag","embeddable":true,"href":"https:\/\/lamisuperbooster.com\/it\/wp-json\/wp\/v2\/product_tag?post=24427"}],"curies":[{"name":"wp","href":"https:\/\/api.w.org\/{rel}","templated":true}]}}