{"id":5952,"date":"2021-06-01T09:47:32","date_gmt":"2021-06-01T07:47:32","guid":{"rendered":"https:\/\/lamisuperbooster.com\/product\/lash-lift-brow-lamination-lotion-samples-aloe-for-eyelashes-and-eyebrow\/"},"modified":"2024-05-09T15:11:32","modified_gmt":"2024-05-09T13:11:32","slug":"lash-lifti-kulmude-lamineerimise-emulsioonide-tootenaidised-aaloega","status":"publish","type":"product","link":"https:\/\/lamisuperbooster.com\/et\/toode\/lash-lifti-kulmude-lamineerimise-emulsioonide-tootenaidised-aaloega\/","title":{"rendered":"Lash lifti\/kulmude lamineerimise emulsioonide tooten\u00e4idised AALOEga"},"content":{"rendered":"<p>See emulsioonide n\u00e4idiste komplekt aaloega tagab kuni 3 lash lifti v\u00f5i kulmude lamineerimise protseduuri. Lami Super Booster emulsioonid sobivad ideaalselt nii lash lifti kui kulmude lamineerimise l\u00e4biviimiseks.<\/p>\n<h2><span style=\"font-weight: 400;\">Kuidas kasutada Lami Super Booster koolutusemulsiooni ripsmetel:<\/span><\/h2>\n<p>&nbsp;<\/p>\n<p><span style=\"font-weight: 400;\">Kanna koolutusemulsioon ripsmetele p\u00e4rast ripsmete silikoonpadjale t\u00f5stmist.<\/span><\/p>\n<p><span style=\"font-weight: 400;\">M\u00e4\u00e4ri emulsioon ripsmetele \u00fchtlaselt laiali, kasutades \u00fchekordseks kasutamiseks m\u00f5eldud pintslit.<\/span><\/p>\n<p><span style=\"font-weight: 400;\">Alusta silma v\u00e4lisnurgast ja kata ripsmed emulsiooniga kuni silikoonpadja alumise servani.<\/span><\/p>\n<p><span style=\"font-weight: 400;\">\u00c4ra kanna emulsiooni ripsme otstesse!<\/span><\/p>\n<p><span style=\"font-weight: 400;\">Hoia koolutusemulsiooni ripsmetel:<\/span><\/p>\n<ul>\n<li style=\"font-weight: 400;\" aria-level=\"1\"><span style=\"font-weight: 400;\">7-8 minutit \u00f5hukeste ripsmekarvade puhul<\/span><\/li>\n<li style=\"font-weight: 400;\" aria-level=\"1\"><span style=\"font-weight: 400;\">10 minutit keskmiste\/paksude ripsmekarvade puhul<\/span><\/li>\n<li style=\"font-weight: 400;\" aria-level=\"1\"><span style=\"font-weight: 400;\">12 minutit paksude ripsmekarvade puhul<\/span><\/li>\n<\/ul>\n<h2><span style=\"font-weight: 400;\">Kasutamine kulmudel:<\/span><\/h2>\n<ul>\n<li style=\"font-weight: 400;\" aria-level=\"1\"><span style=\"font-weight: 400;\">7-8 minutit \u00f5hukeste kulmukarvade puhul<\/span><\/li>\n<li style=\"font-weight: 400;\" aria-level=\"1\"><span style=\"font-weight: 400;\">10 minutit keskmiste\/paksude kulmukarvade puhul<\/span><\/li>\n<li style=\"font-weight: 400;\" aria-level=\"1\"><span style=\"font-weight: 400;\">12 minutit paksude kulmukarvade puhul<\/span><\/li>\n<\/ul>\n<p><span style=\"font-weight: 400;\">Eemalda kuiva vatitikuga.<\/span><\/p>\n<h2><span style=\"font-weight: 400;\">Kuidas kasutada Lami Super Booster fikseerimisemulsiooni ripsmetel:<\/span><\/h2>\n<p>&nbsp;<\/p>\n<p><span style=\"font-weight: 400;\">Kanna Lami Super Booster fikseerimisemulsioon ripsmetele p\u00e4rast koolutusemulsiooni eemaldamist.<\/span><\/p>\n<p><span style=\"font-weight: 400;\">M\u00e4\u00e4ri emulsioon ripsmetele \u00fchtlaselt laiali, kasutades \u00fchekordseks kasutamiseks m\u00f5eldud pintslit.<\/span><\/p>\n<p><span style=\"font-weight: 400;\">Alusta silma v\u00e4lisnurgast ja kata ripsmed emulsiooniga kuni silikoonpadja alumise servani.<\/span><\/p>\n<p><span style=\"font-weight: 400;\">\u00c4ra kanna emulsiooni ripsme otstesse!<\/span><\/p>\n<p><span style=\"font-weight: 400;\">Hoia emulsiooni ripsmetel:<\/span><\/p>\n<ul>\n<li style=\"font-weight: 400;\" aria-level=\"1\"><span style=\"font-weight: 400;\">7-8 minutit \u00f5hukeste ripsmekarvade puhul<\/span><\/li>\n<li style=\"font-weight: 400;\" aria-level=\"1\"><span style=\"font-weight: 400;\">10 minutit keskmiste\/paksude ripsmekarvade puhul<\/span><\/li>\n<li style=\"font-weight: 400;\" aria-level=\"1\"><span style=\"font-weight: 400;\">12 minutit paksude ripsmekarvade puhul<\/span><\/li>\n<\/ul>\n<h2><span style=\"font-weight: 400;\">Kasutamine kulmudel:<\/span><\/h2>\n<ul>\n<li style=\"font-weight: 400;\" aria-level=\"1\"><span style=\"font-weight: 400;\">7-8 minutit \u00f5hukeste kulmukarvade puhul<\/span><\/li>\n<li style=\"font-weight: 400;\" aria-level=\"1\"><span style=\"font-weight: 400;\">10 minutit keskmiste\/paksude kulmukarvade puhul<\/span><\/li>\n<li style=\"font-weight: 400;\" aria-level=\"1\"><span style=\"font-weight: 400;\">12 minutit paksude kulmukarvade puhul<\/span><\/li>\n<\/ul>\n<p><span style=\"font-weight: 400;\">Eemalda kuiva vatitikuga.<\/span><\/p>\n<h2>Lami Super Booster lamineerimiskreem<\/h2>\n<p>Lami Super Booster ripsmete\/kulmude lamineerimiskreemi kasutatakse lash lifti v\u00f5i kulmude lamineerimise protseduuri ajal viimasena, p\u00e4rast v\u00e4rvimise etappi. Selle kasutamise tulemusel n\u00e4evad ripsmed ja kulmud v\u00e4lja tumedamad ja t\u00e4idlasemad. Ta suleb niiskuse karvadesse, toidab ja hooldab neid.<br \/>\nKanna kreem ripsmetele v\u00f5i kulmudele 5-10 minutiks ning eemalda seej\u00e4rel kuiva vatitikuga.<\/p>\n<p>Lami Super Booster lamineerimiskreemi kasutatakse lash lifti v\u00f5i kulmude lamineerimise protseduuri l\u00f5pus p\u00e4rast koolutusemulsiooni ja fikseerimisemulsioni peale kandmist ning ripsmete v\u00f5i kulmude v\u00e4rvimist. Lamineerimiskreem toidab ja tugevdada ripsmeid ning kulme.<\/p>\n<p>Lamineerimisprotsess sulgeb karva kutiikulid ja suleb niiskuse ripsmetesse \/ kulmudesse. Seet\u00f5ttu n\u00e4evad nad v\u00e4lja tumedamad, pikemad ja t\u00e4idlasemad.<\/p>\n<p>Lamineerimiskreem Lami Super Booster sisaldab keratiini karvade loomulik valku), argaania\u00f5li, jojoba\u00f5li, vitamiine ja aminohappeid, mis pehmendavad ja niisutavad ripsmeid ning kulme.<\/p>\n<p>Pakendatud v\u00e4ikestesse kotikestesse, ei kaota Lami Super Booster lamineerimiskreem suletuna keemilist stabiilsust ega s\u00e4ilivusaega. Seda kantakse ripsmetele v\u00f5i kulmudele pintsli v\u00f5i mikroharja abil.<\/p>\n<p>J\u00e4ta kreem 5-10 minutiks ripsmetele v\u00f5i kulmudele toimima, eemaldage seej\u00e4rel kuiva vatitiku \/ vatipadjaga.<\/p>\n<p><span style=\"font-weight: 400;\">Lash lift ja kulmude lamineerimise protseduuri turvaliseks ja korrektseks l\u00e4biviimiseks kasuta Lami Super Booster emulsioone vaid koos teiste sama sarja toodetega.<\/span><\/p>\n<p><span style=\"font-weight: 400;\">NB! Lami Super Booster emulsioonid on m\u00f5eldud vaid professionaalseks kasutuseks. K\u00f5ik Lami Super Booster tooted on Euroopa Liidus valmistatud ja turvalised.<\/span><\/p>\n<p><span style=\"font-weight: 400;\">24h enne lash lifti v\u00f5i kulmude lamineerimise protseduuri soovitame l\u00e4bi viia naha testi, kandes v\u00e4ikeses koguses toodet kliendi randme sisek\u00fcljele v\u00f5i k\u00f5rva taha kaelale. Kui 24h m\u00f6\u00f6dudes punetust ei esine, pole klient tootele allergiline.<\/span><\/p>\n<p><span style=\"font-weight: 400;\">Hoiatus: v\u00e4ldi silma sattumist!<\/span><\/p>\n","protected":false},"excerpt":{"rendered":"<p><strong>Komplekt sisaldab:<\/strong><\/p>\n<ul>\n<li><strong>Ripsmete koolutusemulsiooni aaloega (1 ml)<\/strong><\/li>\n<li><strong>Ripsmete fikseerimisemulsiooni aaloega (1 ml)<\/strong><\/li>\n<li><strong>Lami Super Booster lamineerimiskreemi (1 ml)<\/strong><\/li>\n<\/ul>\n","protected":false},"featured_media":5950,"comment_status":"open","ping_status":"closed","template":"","meta":{"inline_featured_image":false,"_kad_blocks_custom_css":"","_kad_blocks_head_custom_js":"","_kad_blocks_body_custom_js":"","_kad_blocks_footer_custom_js":"","_kadence_starter_templates_imported_post":false,"wds_primary_product_brand":0,"wds_primary_product_cat":0},"product_brand":[],"product_cat":[1498,1322,1323,1327,1331],"product_tag":[],"class_list":{"0":"post-5952","1":"product","2":"type-product","3":"status-publish","4":"has-post-thumbnail","6":"product_cat-klassikaline-lash-lift","7":"product_cat-kulmude-lamineerimine","8":"product_cat-kulmude-lamineerimise-emulsioonid","9":"product_cat-lash-lift-et","10":"product_cat-lash-lifti-emulsioonid","12":"first","13":"instock","14":"taxable","15":"shipping-taxable","16":"purchasable","17":"product-type-simple"},"taxonomy_info":{"product_cat":[{"value":1498,"label":"Klassikaline Lash Lift"},{"value":1322,"label":"Kulmude lamineerimine"},{"value":1323,"label":"Kulmude lamineerimise losjoonid"},{"value":1327,"label":"Lash lift"},{"value":1331,"label":"Lash lifti losjoonid"}]},"featured_image_src_large":["https:\/\/lamisuperbooster.com\/wp-content\/uploads\/2021\/06\/Lami-Super-Booster-product-samples-with-aloe.jpg",800,800,false],"author_info":[],"comment_info":0,"_links":{"self":[{"href":"https:\/\/lamisuperbooster.com\/et\/wp-json\/wp\/v2\/product\/5952","targetHints":{"allow":["GET"]}}],"collection":[{"href":"https:\/\/lamisuperbooster.com\/et\/wp-json\/wp\/v2\/product"}],"about":[{"href":"https:\/\/lamisuperbooster.com\/et\/wp-json\/wp\/v2\/types\/product"}],"replies":[{"embeddable":true,"href":"https:\/\/lamisuperbooster.com\/et\/wp-json\/wp\/v2\/comments?post=5952"}],"wp:featuredmedia":[{"embeddable":true,"href":"https:\/\/lamisuperbooster.com\/et\/wp-json\/wp\/v2\/media\/5950"}],"wp:attachment":[{"href":"https:\/\/lamisuperbooster.com\/et\/wp-json\/wp\/v2\/media?parent=5952"}],"wp:term":[{"taxonomy":"product_brand","embeddable":true,"href":"https:\/\/lamisuperbooster.com\/et\/wp-json\/wp\/v2\/product_brand?post=5952"},{"taxonomy":"product_cat","embeddable":true,"href":"https:\/\/lamisuperbooster.com\/et\/wp-json\/wp\/v2\/product_cat?post=5952"},{"taxonomy":"product_tag","embeddable":true,"href":"https:\/\/lamisuperbooster.com\/et\/wp-json\/wp\/v2\/product_tag?post=5952"}],"curies":[{"name":"wp","href":"https:\/\/api.w.org\/{rel}","templated":true}]}}