{"id":5832,"date":"2021-05-25T17:50:03","date_gmt":"2021-05-25T15:50:03","guid":{"rendered":"http:\/\/lamisuperbooster.local\/product\/eyelash-and-eyebrow-lamination-cream-10-pack\/"},"modified":"2026-01-16T09:23:29","modified_gmt":"2026-01-16T07:23:29","slug":"ripsmete-ja-kulmude-lamineerimiskreem-10-tk-pakis","status":"publish","type":"product","link":"https:\/\/lamisuperbooster.com\/et\/toode\/ripsmete-ja-kulmude-lamineerimiskreem-10-tk-pakis\/","title":{"rendered":"Ripsmete ja kulmude lamineerimiskreem, 10tk pakis (10ml)"},"content":{"rendered":"<p class=\"p1\">Lami Super Booster ripsmete\/kulmude lamineerimiskreemi kasutatakse lash lifti v\u00f5i kulmude lamineerimise protseduuri ajal viimasena, p\u00e4rast v\u00e4rvimise etappi. Selle kasutamise tulemusel n\u00e4evad ripsmed ja kulmud v\u00e4lja tumedamad ja t\u00e4idlasemad. Ta suleb niiskuse karvadesse, toidab, tugevdab ja hooldab neid. Lamineerimiskreem sisaldab keratiini (karvade loomulikku valku), argaania\u00f5li, jojoba\u00f5li, vitamiine ja aminohappeid, mis pehmendavad ja niisutavad ripsmeid ning kulme. Pakendatuna v\u00e4ikestesse kotikestesse, ei kaota Lami Super Booster lamineerimiskreem suletuna keemilist stabiilsust ega s\u00e4ilivusaega.<span class=\"Apple-converted-space\">\u00a0<\/span><\/p>\n<p class=\"p1\">Seda kantakse ripsmetele v\u00f5i kulmudele pintsli v\u00f5i mikroharja abil.<\/p>\n<p class=\"p1\">J\u00e4ta kreem 5-10 minutiks ripsmetele v\u00f5i kulmudele toimima, eemalda seej\u00e4rel kuiva vatitiku \/ vatipadjaga.<\/p>\n<p class=\"p1\">NB! Lami Super Booster lamineerimiskreem on m\u00f5eldud professionaalseks kasutamiseks. K\u00f5ik Lami Super Booster emulsioonid on valmistatud Euroopa Liidus ja neid on ohutu kasutada.<\/p>\n<p class=\"p1\">Soovitame v\u00e4hemalt 24 tundi enne protseduuri l\u00e4bi viia allergiatest, et veenduda, et klient pole m\u00f5ne koostisosa suhtes allergiline.<\/p>\n","protected":false},"excerpt":{"rendered":"<ul>\n<li><strong>Sisaldab 10 lamineerimiskreemi pakikest (1ml)<\/strong><\/li>\n<li><strong>Lash lifti ja kulmude lamineerimise viimane samm \u2013 ripsmete ja kulmude lamineerimine ning toitmine<\/strong><\/li>\n<li><strong>Toodetud Itaalias<\/strong><\/li>\n<li><strong>Vaid professionaalseks kasutuseks!<\/strong><\/li>\n<\/ul>\n","protected":false},"featured_media":5830,"comment_status":"open","ping_status":"closed","template":"","meta":{"inline_featured_image":false,"_kad_blocks_custom_css":"","_kad_blocks_head_custom_js":"","_kad_blocks_body_custom_js":"","_kad_blocks_footer_custom_js":"","_kadence_starter_templates_imported_post":false,"wds_primary_product_brand":0,"wds_primary_product_cat":0},"product_brand":[],"product_cat":[1498,1495,1322,1323,1327,1331],"product_tag":[],"class_list":{"0":"post-5832","1":"product","2":"type-product","3":"status-publish","4":"has-post-thumbnail","6":"product_cat-klassikaline-lash-lift","7":"product_cat-korea-lash-lift","8":"product_cat-kulmude-lamineerimine","9":"product_cat-kulmude-lamineerimise-emulsioonid","10":"product_cat-lash-lift-et","11":"product_cat-lash-lifti-emulsioonid","13":"first","14":"instock","15":"featured","16":"taxable","17":"shipping-taxable","18":"purchasable","19":"product-type-simple"},"taxonomy_info":{"product_cat":[{"value":1498,"label":"Klassikaline Lash Lift"},{"value":1495,"label":"Korea lash lift"},{"value":1322,"label":"Kulmude lamineerimine"},{"value":1323,"label":"Kulmude lamineerimise losjoonid"},{"value":1327,"label":"Lash lift"},{"value":1331,"label":"Lash lifti losjoonid"}]},"featured_image_src_large":["https:\/\/lamisuperbooster.com\/wp-content\/uploads\/2021\/05\/Lami-Super-Booster-lamination-cream-10ml.jpg",800,800,false],"author_info":[],"comment_info":0,"_links":{"self":[{"href":"https:\/\/lamisuperbooster.com\/et\/wp-json\/wp\/v2\/product\/5832","targetHints":{"allow":["GET"]}}],"collection":[{"href":"https:\/\/lamisuperbooster.com\/et\/wp-json\/wp\/v2\/product"}],"about":[{"href":"https:\/\/lamisuperbooster.com\/et\/wp-json\/wp\/v2\/types\/product"}],"replies":[{"embeddable":true,"href":"https:\/\/lamisuperbooster.com\/et\/wp-json\/wp\/v2\/comments?post=5832"}],"wp:featuredmedia":[{"embeddable":true,"href":"https:\/\/lamisuperbooster.com\/et\/wp-json\/wp\/v2\/media\/5830"}],"wp:attachment":[{"href":"https:\/\/lamisuperbooster.com\/et\/wp-json\/wp\/v2\/media?parent=5832"}],"wp:term":[{"taxonomy":"product_brand","embeddable":true,"href":"https:\/\/lamisuperbooster.com\/et\/wp-json\/wp\/v2\/product_brand?post=5832"},{"taxonomy":"product_cat","embeddable":true,"href":"https:\/\/lamisuperbooster.com\/et\/wp-json\/wp\/v2\/product_cat?post=5832"},{"taxonomy":"product_tag","embeddable":true,"href":"https:\/\/lamisuperbooster.com\/et\/wp-json\/wp\/v2\/product_tag?post=5832"}],"curies":[{"name":"wp","href":"https:\/\/api.w.org\/{rel}","templated":true}]}}