{"id":5819,"date":"2021-05-23T18:15:05","date_gmt":"2021-05-23T16:15:05","guid":{"rendered":"http:\/\/lamisuperbooster.local\/product\/perming-lotion-and-fixing-lotion-classic-for-eyelashes-and-eyebrows-20-pack\/"},"modified":"2024-05-09T15:20:12","modified_gmt":"2024-05-09T13:20:12","slug":"koolutusemulsioon-ja-fikseerimisemulsioon-classic-ripsmetele-ja-kulmudele-20-tk-karbis","status":"publish","type":"product","link":"https:\/\/lamisuperbooster.com\/et\/toode\/koolutusemulsioon-ja-fikseerimisemulsioon-classic-ripsmetele-ja-kulmudele-20-tk-karbis\/","title":{"rendered":"Koolutusemulsioon + fikseerimisemulsioon CLASSIC ripsmetele ja kulmudele, 10 + 10 tk karbis (20ml)"},"content":{"rendered":"<h2><span style=\"font-weight: 400;\">Kuidas kasutada Lami Super Booster koolutusemulsiooni ripsmetel:<\/span><\/h2>\n<p>&nbsp;<\/p>\n<p><span style=\"font-weight: 400;\">Kanna koolutusemulsioon ripsmetele p\u00e4rast ripsmete silikoonpadjale t\u00f5stmist.<\/span><\/p>\n<p><span style=\"font-weight: 400;\">M\u00e4\u00e4ri emulsioon ripsmetele \u00fchtlaselt laiali, kasutades \u00fchekordseks kasutamiseks m\u00f5eldud pintslit.<\/span><\/p>\n<p><span style=\"font-weight: 400;\">Alusta silma v\u00e4lisnurgast ja kata ripsmed emulsiooniga kuni silikoonpadja alumise servani.<\/span><\/p>\n<p><span style=\"font-weight: 400;\">\u00c4ra kanna emulsiooni ripsme otstesse!<\/span><\/p>\n<p><span style=\"font-weight: 400;\">Hoia koolutusemulsiooni ripsmetel:<\/span><\/p>\n<ul>\n<li style=\"font-weight: 400;\" aria-level=\"1\"><span style=\"font-weight: 400;\">7-8 minutit \u00f5hukeste ripsmekarvade puhul<\/span><\/li>\n<li style=\"font-weight: 400;\" aria-level=\"1\"><span style=\"font-weight: 400;\">10 minutit keskmiste\/paksude ripsmekarvade puhul<\/span><\/li>\n<li style=\"font-weight: 400;\" aria-level=\"1\"><span style=\"font-weight: 400;\">12 minutit paksude ripsmekarvade puhul<\/span><\/li>\n<\/ul>\n<h2><span style=\"font-weight: 400;\">Kasutamine kulmudel:<\/span><\/h2>\n<ul>\n<li style=\"font-weight: 400;\" aria-level=\"1\"><span style=\"font-weight: 400;\">7-8 minutit \u00f5hukeste kulmukarvade puhul<\/span><\/li>\n<li style=\"font-weight: 400;\" aria-level=\"1\"><span style=\"font-weight: 400;\">10 minutit keskmiste\/paksude kulmukarvade puhul<\/span><\/li>\n<li style=\"font-weight: 400;\" aria-level=\"1\"><span style=\"font-weight: 400;\">12 minutit paksude kulmukarvade puhul<\/span><\/li>\n<\/ul>\n<p><span style=\"font-weight: 400;\">Eemalda kuiva vatitikuga.<\/span><\/p>\n<h2><span style=\"font-weight: 400;\">Kuidas kasutada Lami Super Booster fikseerimisemulsiooni ripsmetel:<\/span><\/h2>\n<p>&nbsp;<\/p>\n<p><span style=\"font-weight: 400;\">Kanna Lami Super Booster fikseerimisemulsioon ripsmetele p\u00e4rast koolutusemulsiooni eemaldamist.<\/span><\/p>\n<p><span style=\"font-weight: 400;\">M\u00e4\u00e4ri emulsioon ripsmetele \u00fchtlaselt laiali, kasutades \u00fchekordseks kasutamiseks m\u00f5eldud pintslit.<\/span><\/p>\n<p><span style=\"font-weight: 400;\">Alusta silma v\u00e4lisnurgast ja kata ripsmed emulsiooniga kuni silikoonpadja alumise servani.<\/span><\/p>\n<p><span style=\"font-weight: 400;\">\u00c4ra kanna emulsiooni ripsme otstesse!<\/span><\/p>\n<p><span style=\"font-weight: 400;\">Hoia emulsiooni ripsmetel:<\/span><\/p>\n<ul>\n<li style=\"font-weight: 400;\" aria-level=\"1\"><span style=\"font-weight: 400;\">7-8 minutit \u00f5hukeste ripsmekarvade puhul<\/span><\/li>\n<li style=\"font-weight: 400;\" aria-level=\"1\"><span style=\"font-weight: 400;\">10 minutit keskmiste\/paksude ripsmekarvade puhul<\/span><\/li>\n<li style=\"font-weight: 400;\" aria-level=\"1\"><span style=\"font-weight: 400;\">12 minutit paksude ripsmekarvade puhul<\/span><\/li>\n<\/ul>\n<h2><span style=\"font-weight: 400;\">Kasutamine kulmudel:<\/span><\/h2>\n<ul>\n<li style=\"font-weight: 400;\" aria-level=\"1\"><span style=\"font-weight: 400;\">7-8 minutit \u00f5hukeste kulmukarvade puhul<\/span><\/li>\n<li style=\"font-weight: 400;\" aria-level=\"1\"><span style=\"font-weight: 400;\">10 minutit keskmiste\/paksude kulmukarvade puhul<\/span><\/li>\n<li style=\"font-weight: 400;\" aria-level=\"1\"><span style=\"font-weight: 400;\">12 minutit paksude kulmukarvade puhul<\/span><\/li>\n<\/ul>\n<p><span style=\"font-weight: 400;\">Eemalda kuiva vatitikuga.<\/span><\/p>\n<p>&nbsp;<\/p>\n<p><span style=\"font-weight: 400;\">Lash lift ja kulmude lamineerimise protseduuri turvaliseks ja korrektseks l\u00e4biviimiseks kasuta Lami Super Booster emulsioone vaid koos teiste sama sarja toodetega.<\/span><\/p>\n<p><span style=\"font-weight: 400;\">NB! Lami Super Booster emulsioonid on m\u00f5eldud vaid professionaalseks kasutuseks. K\u00f5ik Lami Super Booster tooted on Euroopa Liidus valmistatud ja turvalised.<\/span><\/p>\n<p><span style=\"font-weight: 400;\">24h enne lash lifti v\u00f5i kulmude lamineerimise protseduuri soovitame l\u00e4bi viia naha testi, kandes v\u00e4ikeses koguses toodet kliendi randme sisek\u00fcljele v\u00f5i k\u00f5rva taha kaelale. Kui 24h m\u00f6\u00f6dudes punetust ei esine, pole klient tootele allergiline.<\/span><\/p>\n<p><span style=\"font-weight: 400;\">Hoiatus: v\u00e4ldi silma sattumist!<\/span><\/p>\n","protected":false},"excerpt":{"rendered":"<ul>\n<li><b>Sisaldab 10 \u00fchekordseks kasutuseks m\u00f5eldud koolutusemulsiooni kotikest (1ml) ja 10 \u00fchekordseks kasutuseks m\u00f5eldud fikseerimisemulsiooni kotikest (1ml)<\/b><\/li>\n<li><b>Lami Super Booster emulsioonid on 2 \u00fches &#8211; see t\u00e4hendab, et nad sobivad nii lash liftiks kui kulmude lamineerimiseks<\/b><\/li>\n<li><b>Kreemja tekstuuri t\u00f5ttu lihtne kasutada<\/b><\/li>\n<li><b>Toodetud Itaalias<\/b><\/li>\n<\/ul>\n","protected":false},"featured_media":5825,"comment_status":"open","ping_status":"closed","template":"","meta":{"inline_featured_image":false,"_kad_blocks_custom_css":"","_kad_blocks_head_custom_js":"","_kad_blocks_body_custom_js":"","_kad_blocks_footer_custom_js":"","_kadence_starter_templates_imported_post":false,"wds_primary_product_brand":0,"wds_primary_product_cat":0},"product_brand":[],"product_cat":[1498,1322,1323,1327,1331],"product_tag":[1346],"class_list":{"0":"post-5819","1":"product","2":"type-product","3":"status-publish","4":"has-post-thumbnail","6":"product_cat-klassikaline-lash-lift","7":"product_cat-kulmude-lamineerimine","8":"product_cat-kulmude-lamineerimise-emulsioonid","9":"product_cat-lash-lift-et","10":"product_cat-lash-lifti-emulsioonid","11":"product_tag-featured-et","13":"first","14":"instock","15":"taxable","16":"shipping-taxable","17":"purchasable","18":"product-type-simple"},"taxonomy_info":{"product_cat":[{"value":1498,"label":"Klassikaline Lash Lift"},{"value":1322,"label":"Kulmude lamineerimine"},{"value":1323,"label":"Kulmude lamineerimise losjoonid"},{"value":1327,"label":"Lash lift"},{"value":1331,"label":"Lash lifti losjoonid"}],"product_tag":[{"value":1346,"label":"featured"}]},"featured_image_src_large":["https:\/\/lamisuperbooster.com\/wp-content\/uploads\/2021\/05\/Lami-Super-Booster-perming-and-fixing-lotion-Classic-20ml-1.jpg",800,800,false],"author_info":[],"comment_info":0,"_links":{"self":[{"href":"https:\/\/lamisuperbooster.com\/et\/wp-json\/wp\/v2\/product\/5819","targetHints":{"allow":["GET"]}}],"collection":[{"href":"https:\/\/lamisuperbooster.com\/et\/wp-json\/wp\/v2\/product"}],"about":[{"href":"https:\/\/lamisuperbooster.com\/et\/wp-json\/wp\/v2\/types\/product"}],"replies":[{"embeddable":true,"href":"https:\/\/lamisuperbooster.com\/et\/wp-json\/wp\/v2\/comments?post=5819"}],"wp:featuredmedia":[{"embeddable":true,"href":"https:\/\/lamisuperbooster.com\/et\/wp-json\/wp\/v2\/media\/5825"}],"wp:attachment":[{"href":"https:\/\/lamisuperbooster.com\/et\/wp-json\/wp\/v2\/media?parent=5819"}],"wp:term":[{"taxonomy":"product_brand","embeddable":true,"href":"https:\/\/lamisuperbooster.com\/et\/wp-json\/wp\/v2\/product_brand?post=5819"},{"taxonomy":"product_cat","embeddable":true,"href":"https:\/\/lamisuperbooster.com\/et\/wp-json\/wp\/v2\/product_cat?post=5819"},{"taxonomy":"product_tag","embeddable":true,"href":"https:\/\/lamisuperbooster.com\/et\/wp-json\/wp\/v2\/product_tag?post=5819"}],"curies":[{"name":"wp","href":"https:\/\/api.w.org\/{rel}","templated":true}]}}