{"id":5562,"date":"2020-10-12T20:02:13","date_gmt":"2020-10-12T18:02:13","guid":{"rendered":"https:\/\/www.lashsuperbooster.com\/product\/dappen-glass-cup-for-eyelash-and-eyebrow-tint-mixing\/"},"modified":"2025-11-27T18:50:27","modified_gmt":"2025-11-27T16:50:27","slug":"ripsme-ja-kulmuvarvi-klaasist-segamisalus","status":"publish","type":"product","link":"https:\/\/lamisuperbooster.com\/et\/toode\/ripsme-ja-kulmuvarvi-klaasist-segamisalus\/","title":{"rendered":"Ripsme- ja kulmuv\u00e4rvi klaasist segamisalus"},"content":{"rendered":"<p>Muuda v\u00e4rvi segamine h\u00f5lpsaks selle suurep\u00e4rase klaasist v\u00e4rvisegamisaluse abil!<\/p>\n<p>V\u00e4rvisegamisalus sobib suurep\u00e4raselt Biocosmetics v\u00e4rvide ja vesiniku segamiseks, aga ka liimi aluseks.<\/p>\n<p>Biocosmetics v\u00e4rv on t\u00e4iesti vee- ja h\u00f5\u00f5rumiskindel. Tulemus p\u00fcsib keskmiselt 4-7 n\u00e4dalat.<\/p>\n<p>Sega 1 cm v\u00e4rvi 4-5 tilga <a href=\"https:\/\/lamisuperbooster.com\/et\/toode\/kreemvesinik-3-biocosmetics\/\">kreemvesinikuga<\/a>, kanna peale ja lase m\u00f5juda:<\/p>\n<ul>\n<li>Ripsmete puhul 5-10 minutit, s\u00f5ltuvalt sellest kui intensiivset tulemust soovid saavutada. NB! Kui v\u00e4rvid ripsmeid lash lifti protseduuri ajal, hoia v\u00e4rvi ripsmetel vaid 4-5 minutit. Kuna ripsmed on juba keemiliselt t\u00f6\u00f6deldud, tungib v\u00e4rv karva ja m\u00f5jub kiiremini.<\/li>\n<li>Kulmude puhul 2-10 minutit, s\u00f5ltuvalt sellest kui intensiivset tulemust soovid saavutada.<\/li>\n<\/ul>\n<p>Biocosmetics ripsme- ja kulmuv\u00e4rvid sobivad ideaalselt Lash Super Booster lash lifti ja ripsmete v\u00f5i kulmude lamineerimise protseduuril kasutamiseks.<\/p>\n<p>Parima tulemuse saavutamiseks, kasuta koos Biocosmetics kreemvesinikuga.<\/p>\n","protected":false},"excerpt":{"rendered":"<ul>\n<li>Mitmeotstarbeline ripsme- ja kulmuv\u00e4rvi klaasist segamisn\u00f5u<\/li>\n<li>\u00dchtlane ja puhas tulemus<\/li>\n<\/ul>\n","protected":false},"featured_media":5553,"comment_status":"open","ping_status":"closed","template":"","meta":{"inline_featured_image":false,"_kad_blocks_custom_css":"","_kad_blocks_head_custom_js":"","_kad_blocks_body_custom_js":"","_kad_blocks_footer_custom_js":"","_kadence_starter_templates_imported_post":false,"wds_primary_product_brand":0,"wds_primary_product_cat":0},"product_brand":[],"product_cat":[1324,1325,1332,1328],"product_tag":[773],"class_list":{"0":"post-5562","1":"product","2":"type-product","3":"status-publish","4":"has-post-thumbnail","6":"product_cat-kulmude-lamineerimise-tooriistad","7":"product_cat-kulmuvarv","8":"product_cat-lash-lifti-tooriistad","9":"product_cat-ripsmevarv","10":"product_tag-ripsmevarv","12":"first","13":"instock","14":"taxable","15":"shipping-taxable","16":"purchasable","17":"product-type-simple"},"taxonomy_info":{"product_cat":[{"value":1324,"label":"Kulmude lamineerimise t\u00f6\u00f6riistad"},{"value":1325,"label":"Kulmuv\u00e4rv"},{"value":1332,"label":"Lash lifti t\u00f6\u00f6riistad"},{"value":1328,"label":"Ripsmev\u00e4rv"}],"product_tag":[{"value":773,"label":"ripsmev\u00e4rv"}]},"featured_image_src_large":["https:\/\/lamisuperbooster.com\/wp-content\/uploads\/2020\/10\/Dappen-Glass-Cup-for-Eyelash-and-Eyebrow-Tint-Mixing-2.jpg",800,800,false],"author_info":[],"comment_info":0,"_links":{"self":[{"href":"https:\/\/lamisuperbooster.com\/et\/wp-json\/wp\/v2\/product\/5562","targetHints":{"allow":["GET"]}}],"collection":[{"href":"https:\/\/lamisuperbooster.com\/et\/wp-json\/wp\/v2\/product"}],"about":[{"href":"https:\/\/lamisuperbooster.com\/et\/wp-json\/wp\/v2\/types\/product"}],"replies":[{"embeddable":true,"href":"https:\/\/lamisuperbooster.com\/et\/wp-json\/wp\/v2\/comments?post=5562"}],"wp:featuredmedia":[{"embeddable":true,"href":"https:\/\/lamisuperbooster.com\/et\/wp-json\/wp\/v2\/media\/5553"}],"wp:attachment":[{"href":"https:\/\/lamisuperbooster.com\/et\/wp-json\/wp\/v2\/media?parent=5562"}],"wp:term":[{"taxonomy":"product_brand","embeddable":true,"href":"https:\/\/lamisuperbooster.com\/et\/wp-json\/wp\/v2\/product_brand?post=5562"},{"taxonomy":"product_cat","embeddable":true,"href":"https:\/\/lamisuperbooster.com\/et\/wp-json\/wp\/v2\/product_cat?post=5562"},{"taxonomy":"product_tag","embeddable":true,"href":"https:\/\/lamisuperbooster.com\/et\/wp-json\/wp\/v2\/product_tag?post=5562"}],"curies":[{"name":"wp","href":"https:\/\/api.w.org\/{rel}","templated":true}]}}