{"id":5531,"date":"2020-10-11T22:04:01","date_gmt":"2020-10-11T20:04:01","guid":{"rendered":"https:\/\/www.lashsuperbooster.com\/?post_type=product&#038;p=5531"},"modified":"2026-02-05T18:02:10","modified_gmt":"2026-02-05T16:02:10","slug":"ripsme-ja-kulmuvarv-middle-brown-keskmiselt-pruun-biosmetics","status":"publish","type":"product","link":"https:\/\/lamisuperbooster.com\/et\/toode\/ripsme-ja-kulmuvarv-middle-brown-keskmiselt-pruun-biosmetics\/","title":{"rendered":"Ripsme- ja kulmuv\u00e4rv MIDDLE BROWN (keskmiselt pruun), Biosmetics"},"content":{"rendered":"<p>Saksamaa br\u00e4nd <strong>Biosmetics<\/strong> on juba \u00fcle 20 aasta olnud tuntud oma kvaliteetsete ripsmev\u00e4rvide ja kulmuv\u00e4rvide poolest.<\/p>\n<p>Nende v\u00e4rvide abil saab ripsmeid ja kulme h\u00f5lpsasti ja v\u00e4ga kiiresti r\u00f5hutada.<\/p>\n<p><span style=\"font-weight: 400;\">Middle brown ehk keskmiselt pruun toon j\u00e4\u00e4b ripsmetel ja kulmudel kaunilt loomulik.<\/span><\/p>\n<p><span style=\"font-weight: 400;\">V\u00e4rv on t\u00e4iesti vee- ja h\u00f5\u00f5rumiskindel. Tulemus p\u00fcsib keskmiselt 4-7 n\u00e4dalat.<\/span><\/p>\n<p><span style=\"font-weight: 400;\">Sega 1 cm v\u00e4rvi 4-5 tilga <a href=\"https:\/\/lamisuperbooster.com\/et\/toode\/kreemvesinik-3-biosmetics\/\">Biosmetics kreemvesinikuga<\/a>, kanna peale ja lase m\u00f5juda:<\/span><\/p>\n<ul>\n<li>Ripsmete puhul 5-10 minutit, s\u00f5ltuvalt sellest kui intensiivset tulemust soovid saavutada. <span style=\"font-weight: 400;\">NB! Kui v\u00e4rvid ripsmeid lash lifti protseduuri ajal, hoia v\u00e4rvi ripsmetel vaid 4-5 minutit. Kuna ripsmed on juba keemiliselt t\u00f6\u00f6deldud, tungib v\u00e4rv karva ja m\u00f5jub kiiremini.<\/span><\/li>\n<li>Kulmude\u00a0puhul 2-10 minutit, s\u00f5ltuvalt sellest kui intensiivset tulemust soovid saavutada.<\/li>\n<\/ul>\n<p>Biosmetics ripsme- ja kulmuv\u00e4rvid sobivad ideaalselt Lami Super Booster lash lifti ja ripsmete v\u00f5i kulmude lamineerimise protseduuril kasutamiseks.<\/p>\n<p>Parima tulemuse saavutamiseks, kasuta koos Biosmetics kreemvesinikuga.<\/p>\n<p><span style=\"font-weight: 400;\">Allergiatest: Soovitame enne esimest kasutuskorda ning p\u00e4rast pikemat ripsmete v\u00e4rvimise pausi l\u00e4bi viia allergiatest. <\/span><\/p>\n<p><span style=\"font-weight: 400;\">Enne kasutamist lugeda kasutusjuhendit.<\/span><\/p>\n<p>Ainult professionaalseks kasutamiseks<\/p>\n","protected":false},"excerpt":{"rendered":"<ul>\n<li>20ml tuub<\/li>\n<li>V\u00e4rv: keskmiselt pruun<\/li>\n<li>Toodetud Saksamaal<\/li>\n<\/ul>\n","protected":false},"featured_media":5533,"comment_status":"open","ping_status":"closed","template":"","meta":{"inline_featured_image":false,"_kad_blocks_custom_css":"","_kad_blocks_head_custom_js":"","_kad_blocks_body_custom_js":"","_kad_blocks_footer_custom_js":"","_kadence_starter_templates_imported_post":false,"wds_primary_product_brand":0,"wds_primary_product_cat":0},"product_brand":[],"product_cat":[1325,1328],"product_tag":[773],"class_list":{"0":"post-5531","1":"product","2":"type-product","3":"status-publish","4":"has-post-thumbnail","6":"product_cat-kulmuvarv","7":"product_cat-ripsmevarv","8":"product_tag-ripsmevarv","10":"first","11":"instock","12":"taxable","13":"shipping-taxable","14":"purchasable","15":"product-type-simple"},"taxonomy_info":{"product_cat":[{"value":1325,"label":"Kulmuv\u00e4rv"},{"value":1328,"label":"Ripsmev\u00e4rv"}],"product_tag":[{"value":773,"label":"ripsmev\u00e4rv"}]},"featured_image_src_large":["https:\/\/lamisuperbooster.com\/wp-content\/uploads\/2020\/10\/Biocosmetics-tint-middle-brown-Lash-Super-Booster.jpg",800,800,false],"author_info":[],"comment_info":0,"_links":{"self":[{"href":"https:\/\/lamisuperbooster.com\/et\/wp-json\/wp\/v2\/product\/5531","targetHints":{"allow":["GET"]}}],"collection":[{"href":"https:\/\/lamisuperbooster.com\/et\/wp-json\/wp\/v2\/product"}],"about":[{"href":"https:\/\/lamisuperbooster.com\/et\/wp-json\/wp\/v2\/types\/product"}],"replies":[{"embeddable":true,"href":"https:\/\/lamisuperbooster.com\/et\/wp-json\/wp\/v2\/comments?post=5531"}],"wp:featuredmedia":[{"embeddable":true,"href":"https:\/\/lamisuperbooster.com\/et\/wp-json\/wp\/v2\/media\/5533"}],"wp:attachment":[{"href":"https:\/\/lamisuperbooster.com\/et\/wp-json\/wp\/v2\/media?parent=5531"}],"wp:term":[{"taxonomy":"product_brand","embeddable":true,"href":"https:\/\/lamisuperbooster.com\/et\/wp-json\/wp\/v2\/product_brand?post=5531"},{"taxonomy":"product_cat","embeddable":true,"href":"https:\/\/lamisuperbooster.com\/et\/wp-json\/wp\/v2\/product_cat?post=5531"},{"taxonomy":"product_tag","embeddable":true,"href":"https:\/\/lamisuperbooster.com\/et\/wp-json\/wp\/v2\/product_tag?post=5531"}],"curies":[{"name":"wp","href":"https:\/\/api.w.org\/{rel}","templated":true}]}}