{"id":4977,"date":"2019-11-19T20:29:02","date_gmt":"2019-11-19T18:29:02","guid":{"rendered":"https:\/\/www.lashsuperbooster.com\/product\/lash-lift-aftercare-makeup-remover-and-eyelash-serum\/"},"modified":"2024-05-13T08:38:32","modified_gmt":"2024-05-13T06:38:32","slug":"lash-lifti-jarelhoolduskomplekt-meigieemaldaja-ja-ripsmeseerum","status":"publish","type":"product","link":"https:\/\/lamisuperbooster.com\/et\/toode\/lash-lifti-jarelhoolduskomplekt-meigieemaldaja-ja-ripsmeseerum\/","title":{"rendered":"Lash lifti j\u00e4relhoolduskomplekt: meigieemaldaja ja ripsmeseerum"},"content":{"rendered":"<p>Koduseks kasutamiseks m\u00f5eldud lash lifti j\u00e4relhoolduskomplekt sisaldab Nutrilash ripsmeseerumit ja \u00f5rna meigieemaldajat.<\/p>\n<p><strong>Lami Super Booster \u00f5rn meigieemaldaja<\/strong> sobib ka tundlikule nahale ja on v\u00e4lja t\u00f6\u00f6tatud spetsiaalselt ripsmepikenduste kandjatele ning kasutamiseks enne ja p\u00e4rast lash lifti. See teeb ta ideaalseks koduhooldustooteks, mida klientidele p\u00e4rast lash lifti v\u00f5i ripsmepikenduste protseduuri kaasa m\u00fc\u00fca.<\/p>\n<p>Ei sisalda kunstlikke v\u00e4rvaineid ja parf\u00fc\u00fcme. Ta on parabeeni, silikooni ja hormoonide vaba.<\/p>\n<p><strong>Nutrilash toitev ripsmeseerum<\/strong>, mis kaitseb, toidab, toonib ning soodustab ripsmete kasvu.<\/p>\n<ul>\n<li>Kiirendab ja tihendab ripsmete ja kulmude kasvu \u00fcle 35%<\/li>\n<li>Peale 5 n\u00e4dalast kasutamist tavap\u00e4rasest ligi 20% pikemad ja tihedamad ripsmed<\/li>\n<li>Ripsmete kasvu j\u00e4tk ka p\u00e4rast toote kasutamise l\u00f5petamist<\/li>\n<li>Kaitseb ripsmeid tolmu ning mustuse eest<\/li>\n<\/ul>\n<p>Nutrilashi koostises on:<\/p>\n<ul>\n<li><strong>H\u00fcdroliseeritud keratiin\u00a0<\/strong>\u2013 karva enda loomulik proteiin mis tagab kohevuse, toidab ning niisutab karva.<\/li>\n<li><strong>Naatriumh\u00fcaluronaat\u00a0<\/strong>\u2013 suurep\u00e4raselt niisutav toime ja aitab v\u00e4hendada niiskuskadu ripsmetest (eriti talvel kui k\u00fctteperioodil muutub siseruumide \u00f5hk v\u00e4ga kuivaks).<\/li>\n<li><strong>Kollageen\u00a0<\/strong>\u2013 noorendava toimega valk. Aitab s\u00e4ilitada ripsmete elastsust.<\/li>\n<li><strong>H\u00fcdroliseeritud siid<\/strong>\u00a0\u2013 niisutab ja annab rispmetele l\u00e4ike.<\/li>\n<\/ul>\n<p>Lash lifti j\u00e4relhoolduskomplekt sobib kasutamiseks ka ripsmepikendustega.<\/p>\n","protected":false},"excerpt":{"rendered":"<p><strong>Kodune j\u00e4relhoolduskomplekt sisaldab:<\/strong><\/p>\n<ul>\n<li><strong>1 ripsmekasvu soodustav seerum, 12ml<\/strong><\/li>\n<li><strong>1 Lami Super Booster \u00f5rn meigieemaldaja, 100ml<\/strong><\/li>\n<\/ul>\n<p><strong>Sobib ka ripsmepikenduste kandjatele<\/strong><\/p>\n","protected":false},"featured_media":22225,"comment_status":"open","ping_status":"closed","template":"","meta":{"inline_featured_image":false,"_kad_blocks_custom_css":"","_kad_blocks_head_custom_js":"","_kad_blocks_body_custom_js":"","_kad_blocks_footer_custom_js":"","_kadence_starter_templates_imported_post":false,"wds_primary_product_brand":0,"wds_primary_product_cat":0},"product_brand":[],"product_cat":[1360,1327,1329,1366],"product_tag":[1119],"class_list":{"0":"post-4977","1":"product","2":"type-product","3":"status-publish","4":"has-post-thumbnail","6":"product_cat-kasuta-kodus","7":"product_cat-lash-lift-et","8":"product_cat-lash-lifti-jarelhooldus","9":"product_cat-seerum","10":"product_tag-lash-lift-aftercare-et","12":"first","13":"instock","14":"taxable","15":"shipping-taxable","16":"purchasable","17":"product-type-simple"},"taxonomy_info":{"product_cat":[{"value":1360,"label":"Kasuta kodus"},{"value":1327,"label":"Lash lift"},{"value":1329,"label":"Lash lifti j\u00e4relhooldus"},{"value":1366,"label":"Ripsmeseerum"}],"product_tag":[{"value":1119,"label":"Lash Lift aftercare"}]},"featured_image_src_large":["https:\/\/lamisuperbooster.com\/wp-content\/uploads\/2019\/11\/LSB-gentle-makeup-remover-and-Nutrilash-eyelash-serum.png",706,706,false],"author_info":[],"comment_info":0,"_links":{"self":[{"href":"https:\/\/lamisuperbooster.com\/et\/wp-json\/wp\/v2\/product\/4977","targetHints":{"allow":["GET"]}}],"collection":[{"href":"https:\/\/lamisuperbooster.com\/et\/wp-json\/wp\/v2\/product"}],"about":[{"href":"https:\/\/lamisuperbooster.com\/et\/wp-json\/wp\/v2\/types\/product"}],"replies":[{"embeddable":true,"href":"https:\/\/lamisuperbooster.com\/et\/wp-json\/wp\/v2\/comments?post=4977"}],"wp:featuredmedia":[{"embeddable":true,"href":"https:\/\/lamisuperbooster.com\/et\/wp-json\/wp\/v2\/media\/22225"}],"wp:attachment":[{"href":"https:\/\/lamisuperbooster.com\/et\/wp-json\/wp\/v2\/media?parent=4977"}],"wp:term":[{"taxonomy":"product_brand","embeddable":true,"href":"https:\/\/lamisuperbooster.com\/et\/wp-json\/wp\/v2\/product_brand?post=4977"},{"taxonomy":"product_cat","embeddable":true,"href":"https:\/\/lamisuperbooster.com\/et\/wp-json\/wp\/v2\/product_cat?post=4977"},{"taxonomy":"product_tag","embeddable":true,"href":"https:\/\/lamisuperbooster.com\/et\/wp-json\/wp\/v2\/product_tag?post=4977"}],"curies":[{"name":"wp","href":"https:\/\/api.w.org\/{rel}","templated":true}]}}