{"id":4971,"date":"2019-11-19T18:52:58","date_gmt":"2019-11-19T16:52:58","guid":{"rendered":"https:\/\/www.lashsuperbooster.com\/product\/lash-lift-y-comb-10pc\/"},"modified":"2024-09-07T19:59:14","modified_gmt":"2024-09-07T17:59:14","slug":"lash-lifti-y-kamm-10tk","status":"publish","type":"product","link":"https:\/\/lamisuperbooster.com\/et\/toode\/lash-lifti-y-kamm-10tk\/","title":{"rendered":"Lash lifti Y kamm, 10tk"},"content":{"rendered":"<p>Lash lifti Y kammi kasutatakse lihtsamaks ripsmete silikoonpadjale t\u00f5stmiseks ja eraldamiseks. See on suurep\u00e4raseks alternatiiviks v\u00f5i t\u00e4ienduseks lash lifti t\u00f6\u00f6riistale. Kerge kaaluga ja t\u00e4pne, Y kamm aitab Lash Lifti protsessi kiirendada.<\/p>\n","protected":false},"excerpt":{"rendered":"<ul>\n<li>10 lash lifti Y kammi<\/li>\n<li>Lash lifti Y kammi kasutatakse ripsmete silikoonpadjale t\u00f5stmiseks ja eraldamiseks lash lifti ajal v\u00f5i kulmukarvade t\u00f5stmiseks ja eraldamiseks kulmude lamineerimise k\u00e4igus.<\/li>\n<\/ul>\n","protected":false},"featured_media":4969,"comment_status":"open","ping_status":"closed","template":"","meta":{"inline_featured_image":false,"_kad_blocks_custom_css":"","_kad_blocks_head_custom_js":"","_kad_blocks_body_custom_js":"","_kad_blocks_footer_custom_js":"","_kadence_starter_templates_imported_post":false,"wds_primary_product_brand":0,"wds_primary_product_cat":0},"product_brand":[],"product_cat":[1322,1324,1327,1332],"product_tag":[1093],"class_list":{"0":"post-4971","1":"product","2":"type-product","3":"status-publish","4":"has-post-thumbnail","6":"product_cat-kulmude-lamineerimine","7":"product_cat-kulmude-lamineerimise-tooriistad","8":"product_cat-lash-lift-et","9":"product_cat-lash-lifti-tooriistad","10":"product_tag-y-comb-et","12":"first","13":"instock","14":"taxable","15":"shipping-taxable","16":"purchasable","17":"product-type-simple"},"taxonomy_info":{"product_cat":[{"value":1322,"label":"Kulmude lamineerimine"},{"value":1324,"label":"Kulmude lamineerimise t\u00f6\u00f6riistad"},{"value":1327,"label":"Lash lift"},{"value":1332,"label":"Lash lifti t\u00f6\u00f6riistad"}],"product_tag":[{"value":1093,"label":"y-comb"}]},"featured_image_src_large":["https:\/\/lamisuperbooster.com\/wp-content\/uploads\/2019\/11\/Y-Comb_Lash-Super-Booster-911x1024.jpg",911,1024,true],"author_info":[],"comment_info":0,"_links":{"self":[{"href":"https:\/\/lamisuperbooster.com\/et\/wp-json\/wp\/v2\/product\/4971","targetHints":{"allow":["GET"]}}],"collection":[{"href":"https:\/\/lamisuperbooster.com\/et\/wp-json\/wp\/v2\/product"}],"about":[{"href":"https:\/\/lamisuperbooster.com\/et\/wp-json\/wp\/v2\/types\/product"}],"replies":[{"embeddable":true,"href":"https:\/\/lamisuperbooster.com\/et\/wp-json\/wp\/v2\/comments?post=4971"}],"wp:featuredmedia":[{"embeddable":true,"href":"https:\/\/lamisuperbooster.com\/et\/wp-json\/wp\/v2\/media\/4969"}],"wp:attachment":[{"href":"https:\/\/lamisuperbooster.com\/et\/wp-json\/wp\/v2\/media?parent=4971"}],"wp:term":[{"taxonomy":"product_brand","embeddable":true,"href":"https:\/\/lamisuperbooster.com\/et\/wp-json\/wp\/v2\/product_brand?post=4971"},{"taxonomy":"product_cat","embeddable":true,"href":"https:\/\/lamisuperbooster.com\/et\/wp-json\/wp\/v2\/product_cat?post=4971"},{"taxonomy":"product_tag","embeddable":true,"href":"https:\/\/lamisuperbooster.com\/et\/wp-json\/wp\/v2\/product_tag?post=4971"}],"curies":[{"name":"wp","href":"https:\/\/api.w.org\/{rel}","templated":true}]}}