{"id":4827,"date":"2019-10-10T08:05:22","date_gmt":"2019-10-10T06:05:22","guid":{"rendered":"https:\/\/www.lashsuperbooster.com\/product\/makeup-remover\/"},"modified":"2025-08-11T11:16:39","modified_gmt":"2025-08-11T09:16:39","slug":"meigieemaldaja","status":"publish","type":"product","link":"https:\/\/lamisuperbooster.com\/et\/toode\/meigieemaldaja\/","title":{"rendered":"\u00d5rn meigieemaldaja"},"content":{"rendered":"<p>Lash Super Booster \u00f5rn meigieemaldaja sobib ka tundlikule nahale ja on v\u00e4lja t\u00f6\u00f6tatud spetsiaalselt ripsmepikenduste kandjatele ja kasutamiseks enne ja p\u00e4rast lash lifti. See teeb ta ideaalseks koduhooldustooteks, mida klientidele p\u00e4rast lash lifti v\u00f5i ripsmepikenduste protseduuri kaasa m\u00fc\u00fca.<\/p>\n<p>Kasuta teda kliendi ripsmete puhastamiseks enne Lash Lift Prepi kasutamist. Puhasta sellega kliendi ripsmeid enne ja p\u00e4rast lash lifti.<\/p>\n<p>See meigieemaldaja ei sisalda kunstlikke v\u00e4rvaineid ja parf\u00fc\u00fcme. Ta on parabeeni, silikooni ja hormoonide vaba.<\/p>\n<p>Toodet on testitud inimeste, mitte loomade peal.<\/p>\n<p>Lash Super Booster \u00f5rn meigieemaldaja on toodetud Itaalias.<\/p>\n","protected":false},"excerpt":{"rendered":"<ul>\n<li>Sobib tundlikule nahale<\/li>\n<li>V\u00e4lja t\u00f6\u00f6tatud spetsiaalselt ripsmepikenduste kandjatele ning kasutamiseks enne ja p\u00e4rast lash lifti<\/li>\n<li>Ei sisalda kunstlikke v\u00e4rvaineid, parf\u00fc\u00fcme, parabeene, silikooni ega hormoone<\/li>\n<li>100ml pudel<\/li>\n<\/ul>\n","protected":false},"featured_media":22221,"comment_status":"open","ping_status":"closed","template":"","meta":{"inline_featured_image":false,"_kad_blocks_custom_css":"","_kad_blocks_head_custom_js":"","_kad_blocks_body_custom_js":"","_kad_blocks_footer_custom_js":"","_kadence_starter_templates_imported_post":false,"wds_primary_product_brand":0,"wds_primary_product_cat":0},"product_brand":[],"product_cat":[1360,1322,1327,1329],"product_tag":[1010],"class_list":{"0":"post-4827","1":"product","2":"type-product","3":"status-publish","4":"has-post-thumbnail","6":"product_cat-kasuta-kodus","7":"product_cat-kulmude-lamineerimine","8":"product_cat-lash-lift-et","9":"product_cat-lash-lifti-jarelhooldus","10":"product_tag-makeup-remover-et","12":"first","13":"instock","14":"taxable","15":"shipping-taxable","16":"purchasable","17":"product-type-simple"},"taxonomy_info":{"product_cat":[{"value":1360,"label":"Kasuta kodus"},{"value":1322,"label":"Kulmude lamineerimine"},{"value":1327,"label":"Lash lift"},{"value":1329,"label":"Lash lifti j\u00e4relhooldus"}],"product_tag":[{"value":1010,"label":"makeup remover"}]},"featured_image_src_large":["https:\/\/lamisuperbooster.com\/wp-content\/uploads\/2019\/11\/LSB-gentle-makeup-remover-1.png",706,706,false],"author_info":[],"comment_info":0,"_links":{"self":[{"href":"https:\/\/lamisuperbooster.com\/et\/wp-json\/wp\/v2\/product\/4827","targetHints":{"allow":["GET"]}}],"collection":[{"href":"https:\/\/lamisuperbooster.com\/et\/wp-json\/wp\/v2\/product"}],"about":[{"href":"https:\/\/lamisuperbooster.com\/et\/wp-json\/wp\/v2\/types\/product"}],"replies":[{"embeddable":true,"href":"https:\/\/lamisuperbooster.com\/et\/wp-json\/wp\/v2\/comments?post=4827"}],"wp:featuredmedia":[{"embeddable":true,"href":"https:\/\/lamisuperbooster.com\/et\/wp-json\/wp\/v2\/media\/22221"}],"wp:attachment":[{"href":"https:\/\/lamisuperbooster.com\/et\/wp-json\/wp\/v2\/media?parent=4827"}],"wp:term":[{"taxonomy":"product_brand","embeddable":true,"href":"https:\/\/lamisuperbooster.com\/et\/wp-json\/wp\/v2\/product_brand?post=4827"},{"taxonomy":"product_cat","embeddable":true,"href":"https:\/\/lamisuperbooster.com\/et\/wp-json\/wp\/v2\/product_cat?post=4827"},{"taxonomy":"product_tag","embeddable":true,"href":"https:\/\/lamisuperbooster.com\/et\/wp-json\/wp\/v2\/product_tag?post=4827"}],"curies":[{"name":"wp","href":"https:\/\/api.w.org\/{rel}","templated":true}]}}