{"id":4661,"date":"2019-05-17T18:05:38","date_gmt":"2019-05-17T16:05:38","guid":{"rendered":"https:\/\/www.lashsuperbooster.com\/product\/lash-lift-and-lamination-mini-kit\/"},"modified":"2022-05-03T00:01:34","modified_gmt":"2022-05-02T22:01:34","slug":"lash-lifti-ja-ripsmete-lamineerimise-minikomplekt","status":"publish","type":"product","link":"https:\/\/lamisuperbooster.com\/et\/toode\/lash-lifti-ja-ripsmete-lamineerimise-minikomplekt\/","title":{"rendered":"Lash lifti\/kulmude lamineerimise minikomplekt"},"content":{"rendered":"<p>Lami Super Boosteri minikomplekt sisaldab k\u00f5iki lash lifti ja kulmude lamineerimise protseduuriks vajaminevaid emulsioone ja liimi. Tooted on pakendatud mugavasse kosmeetikakotti.<\/p>\n<p><strong>Koolutusemulsioon + fikseerimisemulsioon AALOEga ripsmetele ja kulmudele<\/strong><\/p>\n<p>LSB aaloe emulsioonid on rikastatud aaloe veraga. Aaloe vera luksuslik koostis on eriti niisutav ning rahustab kulmude\u00fcmbruse nahka kulmude lamineerimisel. Nii aaloega kui Classic emulsioonid sobivad nii lash liftiks kui kulmude lamineerimiseks. Kreemja tekstuuri t\u00f5ttu on neid v\u00e4ga lihtne kasutada. Toodetud Itaalias.<\/p>\n<p><strong>Kuidas kasutada LSB koolutusemulsiooni (<em>step 1<\/em>) ripsmetel:<\/strong><\/p>\n<ul>\n<li>Kanna koolutusemulsioon ripsmetele p\u00e4rast ripsmete silikoonpadjale t\u00f5stmist.<\/li>\n<li>M\u00e4\u00e4ri emulsioon ripsmetele pintsliga \u00fchtlaselt laiali kuid \u00e4ra kanna emulsiooni ripsme otstesse!.<\/li>\n<li>Alusta silma v\u00e4lisnurgast ja kata ripsmed emulsiooniga kuni silikoonpadja alumise servani.<\/li>\n<\/ul>\n<p><strong>Hoia koolutusemulsiooni ripsmetel:<\/strong><\/p>\n<ul>\n<li>7-8 minutit \u00f5hukeste ripsmekarvade puhul<\/li>\n<li>10 minutit keskmiste\/paksude ripsmekarvade puhul<\/li>\n<li>12 minutit paksude ripsmekarvade puhul<\/li>\n<\/ul>\n<p><strong>Kasutamine kulmudel:<\/strong><\/p>\n<ul>\n<li>7-8 minutit \u00f5hukeste kulmukarvade puhul<\/li>\n<li>10 minutit keskmiste\/paksude kulmukarvade puhul<\/li>\n<li>12 minutit paksude kulmukarvade puhul<\/li>\n<\/ul>\n<p>Eemalda kuiva vatitikuga.<\/p>\n<p><strong>Kuidas kasutada LSB fikseerimisemulsiooni (<em>step 2<\/em>) ripsmetel:<\/strong><\/p>\n<ul>\n<li>Kanna fikseerimisemulsioon ripsmetele p\u00e4rast koolutusemulsiooni eemaldamist.<\/li>\n<li>M\u00e4\u00e4ri fikseerimisemulsioon ripsmetele pintsliga \u00fchtlaselt laiali kuid \u00e4ra kanna emulsiooni ripsme otstesse!<\/li>\n<li>Alusta silma v\u00e4lisnurgast ja kata ripsmed emulsiooniga kuni silikoonpadja alumise servani.<\/li>\n<\/ul>\n<p><strong>Hoia emulsiooni ripsmetel:<\/strong><\/p>\n<ul>\n<li>7-8 minutit \u00f5hukeste ripsmekarvade puhul<\/li>\n<li>10 minutit keskmiste\/paksude ripsmekarvade puhul<\/li>\n<li>12 minutit paksude ripsmekarvade puhul<\/li>\n<\/ul>\n<p><strong>Kasutamine kulmudel:<\/strong><\/p>\n<ul>\n<li>7-8 minutit \u00f5hukeste kulmukarvade puhul<\/li>\n<li>10 minutit keskmiste\/paksude kulmukarvade puhul<\/li>\n<li>12 minutit paksude kulmukarvade puhul<\/li>\n<\/ul>\n<p>Eemalda kuiva vatitikuga.<\/p>\n<p><strong>LSB ripsmete ja kulmude lamineerimiskreem<\/strong><\/p>\n<p>LSB ripsmete\/kulmude lamineerimiskreemi kasutatakse lash lifti v\u00f5i kulmude lamineerimise protseduuri ajal viimasena, p\u00e4rast v\u00e4rvimise etappi. Selle kasutamise tulemusel n\u00e4evad ripsmed ja kulmud v\u00e4lja tumedamad ja t\u00e4idlasemad. Ta suleb niiskuse karvadesse, toidab ja hooldab neid. Kanna kreem ripsmetele v\u00f5i kulmudele 5-10 minutiks ning eemalda seej\u00e4rel kuiva vatitikuga.<\/p>\n<p><strong>LSB liim<\/strong><\/p>\n<p>Kuna tegu on kosmeetilise liimiga, siis oma struktuurilt erineb ta t\u00e4ielikult turul saadaval olevatest liimidest.<\/p>\n<ul>\n<li>Liimi kasutamisel on oluline meeles pidada, et toode on niiskustundlik.<\/li>\n<li>Liimi silikoonpadjale kandes tuleks v\u00e4ltida liigset kuhjamist, vastasel juhul ripsmed ei haaku h\u00e4sti.<\/li>\n<li>P\u00e4rast liimi pealekandmist tuleks paar sekundit oodata kuni ta kuivama hakkab ja siis t\u00f5sta ripsmed silikoonpadjale.<\/li>\n<li>Antud liimi kasutades tuleks koolutus- ja fikseerimisemulsiooni pealekandmisel v\u00e4ltida ripsmeotste katmist, kuna selliselt v\u00f5ivad ripsmed silikoonpadja k\u00fcljest lahti tulla.<\/li>\n<\/ul>\n","protected":false},"excerpt":{"rendered":"<ul>\n<li><strong>Lami Super Booster koolutusemulsioon. 10tk, 1ml pakendid<\/strong><\/li>\n<li><strong>Lami Super Booster fikseerimisemulsioon. 10tk, 1ml pakendid<\/strong><\/li>\n<li><strong>Lami Super Booster lamineerimismask. 10tk, 1ml pakendid<\/strong><\/li>\n<li><strong>Lami Super Booster lash lifti\/kulmude lamineerimise liim<\/strong><\/li>\n<\/ul>\n","protected":false},"featured_media":6136,"comment_status":"open","ping_status":"closed","template":"","meta":{"inline_featured_image":false,"_kad_blocks_custom_css":"","_kad_blocks_head_custom_js":"","_kad_blocks_body_custom_js":"","_kad_blocks_footer_custom_js":"","_kadence_starter_templates_imported_post":false,"wds_primary_product_brand":0,"wds_primary_product_cat":0},"product_brand":[],"product_cat":[1322,1336,1327,1330],"product_tag":[1362,585],"class_list":{"0":"post-4661","1":"product","2":"type-product","3":"status-publish","4":"has-post-thumbnail","6":"product_cat-kulmude-lamineerimine","7":"product_cat-kulmude-lamineerimise-komplekt","8":"product_cat-lash-lift-et","9":"product_cat-lash-lifti-komplekt","10":"product_tag-brow-lamination-kit-et","11":"product_tag-lash-lift-komplekt","13":"first","14":"outofstock","15":"taxable","16":"shipping-taxable","17":"purchasable","18":"product-type-simple"},"taxonomy_info":{"product_cat":[{"value":1322,"label":"Kulmude lamineerimine"},{"value":1336,"label":"Kulmude lamineerimise komplekt"},{"value":1327,"label":"Lash lift"},{"value":1330,"label":"Lash lifti komplekt"}],"product_tag":[{"value":1362,"label":"Brow lamination kit"},{"value":585,"label":"Lash lift komplekt"}]},"featured_image_src_large":["https:\/\/lamisuperbooster.com\/wp-content\/uploads\/2019\/05\/Lami-Super-Booster-min-kit-with-aloe.jpg",1024,1024,false],"author_info":[],"comment_info":0,"_links":{"self":[{"href":"https:\/\/lamisuperbooster.com\/et\/wp-json\/wp\/v2\/product\/4661","targetHints":{"allow":["GET"]}}],"collection":[{"href":"https:\/\/lamisuperbooster.com\/et\/wp-json\/wp\/v2\/product"}],"about":[{"href":"https:\/\/lamisuperbooster.com\/et\/wp-json\/wp\/v2\/types\/product"}],"replies":[{"embeddable":true,"href":"https:\/\/lamisuperbooster.com\/et\/wp-json\/wp\/v2\/comments?post=4661"}],"wp:featuredmedia":[{"embeddable":true,"href":"https:\/\/lamisuperbooster.com\/et\/wp-json\/wp\/v2\/media\/6136"}],"wp:attachment":[{"href":"https:\/\/lamisuperbooster.com\/et\/wp-json\/wp\/v2\/media?parent=4661"}],"wp:term":[{"taxonomy":"product_brand","embeddable":true,"href":"https:\/\/lamisuperbooster.com\/et\/wp-json\/wp\/v2\/product_brand?post=4661"},{"taxonomy":"product_cat","embeddable":true,"href":"https:\/\/lamisuperbooster.com\/et\/wp-json\/wp\/v2\/product_cat?post=4661"},{"taxonomy":"product_tag","embeddable":true,"href":"https:\/\/lamisuperbooster.com\/et\/wp-json\/wp\/v2\/product_tag?post=4661"}],"curies":[{"name":"wp","href":"https:\/\/api.w.org\/{rel}","templated":true}]}}