{"id":4447,"date":"2019-03-14T19:35:38","date_gmt":"2019-03-14T19:35:38","guid":{"rendered":"https:\/\/www.lashsuperbooster.com\/?post_type=product&#038;p=4447"},"modified":"2025-07-01T20:14:02","modified_gmt":"2025-07-01T18:14:02","slug":"lash-lifti-tootenaidised","status":"publish","type":"product","link":"https:\/\/lamisuperbooster.com\/et\/toode\/lash-lifti-tootenaidised\/","title":{"rendered":"Lash lifti\/kulmude lamineerimise tooten\u00e4idised Classic"},"content":{"rendered":"<p>Telli Lami Super Booster Classic tooten\u00e4idiste komplekt ning veendu nende k\u00f5rges kvaliteedis. \u00dchest kotikesest piisab kuni kolmeks kasutuskorraks.<\/p>\n<h1><strong>Koolutusemulsioon + fikseerimisemulsioon Classic ripsmetele ja kulmudele<\/strong><\/h1>\n<p>Lami Super Booster emulsioonid sobivad nii lash liftiks kui kulmude lamineerimiseks. Kreemja tekstuuri t\u00f5ttu on neid v\u00e4ga lihtne kasutada. Toodetud Itaalias.<\/p>\n<h2><strong>Kuidas kasutada LSB koolutusemulsiooni (<em>step 1<\/em>) ripsmetel:<\/strong><\/h2>\n<ul>\n<li>Kanna koolutusemulsioon ripsmetele p\u00e4rast ripsmete silikoonpadjale t\u00f5stmist.<\/li>\n<li>M\u00e4\u00e4ri emulsioon ripsmetele pintsliga \u00fchtlaselt laiali kuid \u00e4ra kanna emulsiooni ripsme otstesse!.<\/li>\n<li>Alusta silma v\u00e4lisnurgast ja kata ripsmed emulsiooniga kuni silikoonpadja alumise servani.<\/li>\n<\/ul>\n<p><strong>Hoia koolutusemulsiooni ripsmetel:<\/strong><\/p>\n<ul>\n<li>7-8 minutit \u00f5hukeste ripsmekarvade puhul<\/li>\n<li>10 minutit keskmiste\/paksude ripsmekarvade puhul<\/li>\n<li>12 minutit paksude ripsmekarvade puhul<\/li>\n<\/ul>\n<p><strong>Kasutamine kulmudel:<\/strong><\/p>\n<ul>\n<li>7-8 minutit \u00f5hukeste kulmukarvade puhul<\/li>\n<li>10 minutit keskmiste\/paksude kulmukarvade puhul<\/li>\n<li>12 minutit paksude kulmukarvade puhul<\/li>\n<\/ul>\n<p>Eemalda kuiva vatitikuga.<\/p>\n<h2><strong>Kuidas kasutada LSB fikseerimisemulsiooni (<em>step 2<\/em>) ripsmetel:<\/strong><\/h2>\n<ul>\n<li>Kanna fikseerimisemulsioon ripsmetele p\u00e4rast koolutusemulsiooni eemaldamist.<\/li>\n<li>M\u00e4\u00e4ri fikseerimisemulsioon ripsmetele pintsliga \u00fchtlaselt laiali kuid \u00e4ra kanna emulsiooni ripsme otstesse!<\/li>\n<li>Alusta silma v\u00e4lisnurgast ja kata ripsmed emulsiooniga kuni silikoonpadja alumise servani.<\/li>\n<\/ul>\n<p><strong>Hoia emulsiooni ripsmetel:<\/strong><\/p>\n<ul>\n<li>7-8 minutit \u00f5hukeste ripsmekarvade puhul<\/li>\n<li>10 minutit keskmiste\/paksude ripsmekarvade puhul<\/li>\n<li>12 minutit paksude ripsmekarvade puhul<\/li>\n<\/ul>\n<p><strong>Kasutamine kulmudel:<\/strong><\/p>\n<ul>\n<li>7-8 minutit \u00f5hukeste kulmukarvade puhul<\/li>\n<li>10 minutit keskmiste\/paksude kulmukarvade puhul<\/li>\n<li>12 minutit paksude kulmukarvade puhul<\/li>\n<\/ul>\n<p>Eemalda kuiva vatitikuga.<\/p>\n<h2><strong>LSB ripsmete ja kulmude lamineerimiskreem<\/strong><\/h2>\n<p>LSB ripsmete\/kulmude lamineerimiskreemi kasutatakse lash lifti v\u00f5i kulmude lamineerimise protseduuri ajal viimasena, p\u00e4rast v\u00e4rvimise etappi. Selle kasutamise tulemusel n\u00e4evad ripsmed ja kulmud v\u00e4lja tumedamad ja t\u00e4idlasemad. Ta suleb niiskuse karvadesse, toidab ja hooldab neid. Kanna kreem ripsmetele v\u00f5i kulmudele 5-10 minutiks ning eemalda seej\u00e4rel kuiva vatitikuga.<\/p>\n<p>&nbsp;<\/p>\n<p>NB! Emulsioonid on m\u00f5eldud professionaalseks kasutuseks!<\/p>\n","protected":false},"excerpt":{"rendered":"<p><strong>Komplekt sisaldab:<\/strong><\/p>\n<ul>\n<li><strong>Ripsmete koolutusemulsioon Classic (1 ml)<\/strong><\/li>\n<li><strong>Ripsmete fikseerimisemulsioon Classic (1 ml)<\/strong><\/li>\n<li><strong>Lami Super Booster ripsmete lamineerimiskreem (1 ml)<\/strong><\/li>\n<\/ul>\n","protected":false},"featured_media":6132,"comment_status":"open","ping_status":"closed","template":"","meta":{"inline_featured_image":false,"_kad_blocks_custom_css":"","_kad_blocks_head_custom_js":"","_kad_blocks_body_custom_js":"","_kad_blocks_footer_custom_js":"","_kadence_starter_templates_imported_post":false,"wds_primary_product_brand":0,"wds_primary_product_cat":0},"product_brand":[],"product_cat":[1322,1323,1327,1331],"product_tag":[1271,867,866],"class_list":{"0":"post-4447","1":"product","2":"type-product","3":"status-publish","4":"has-post-thumbnail","6":"product_cat-kulmude-lamineerimine","7":"product_cat-kulmude-lamineerimise-emulsioonid","8":"product_cat-lash-lift-et","9":"product_cat-lash-lifti-emulsioonid","10":"product_tag-kulmude-lamineerimine","11":"product_tag-lash-lift","12":"product_tag-lash-lifti-tootenaidised","14":"first","15":"instock","16":"taxable","17":"shipping-taxable","18":"purchasable","19":"product-type-simple"},"taxonomy_info":{"product_cat":[{"value":1322,"label":"Kulmude lamineerimine"},{"value":1323,"label":"Kulmude lamineerimise losjoonid"},{"value":1327,"label":"Lash lift"},{"value":1331,"label":"Lash lifti losjoonid"}],"product_tag":[{"value":1271,"label":"Kulmude lamineerimine"},{"value":867,"label":"Lash lift"},{"value":866,"label":"Lash Lifti tooten\u00e4idised"}]},"featured_image_src_large":["https:\/\/lamisuperbooster.com\/wp-content\/uploads\/2019\/03\/Lami-Super-Booster-lash-lift-and-brow-lamination-classic-lotions.jpg",800,800,false],"author_info":[],"comment_info":0,"_links":{"self":[{"href":"https:\/\/lamisuperbooster.com\/et\/wp-json\/wp\/v2\/product\/4447","targetHints":{"allow":["GET"]}}],"collection":[{"href":"https:\/\/lamisuperbooster.com\/et\/wp-json\/wp\/v2\/product"}],"about":[{"href":"https:\/\/lamisuperbooster.com\/et\/wp-json\/wp\/v2\/types\/product"}],"replies":[{"embeddable":true,"href":"https:\/\/lamisuperbooster.com\/et\/wp-json\/wp\/v2\/comments?post=4447"}],"wp:featuredmedia":[{"embeddable":true,"href":"https:\/\/lamisuperbooster.com\/et\/wp-json\/wp\/v2\/media\/6132"}],"wp:attachment":[{"href":"https:\/\/lamisuperbooster.com\/et\/wp-json\/wp\/v2\/media?parent=4447"}],"wp:term":[{"taxonomy":"product_brand","embeddable":true,"href":"https:\/\/lamisuperbooster.com\/et\/wp-json\/wp\/v2\/product_brand?post=4447"},{"taxonomy":"product_cat","embeddable":true,"href":"https:\/\/lamisuperbooster.com\/et\/wp-json\/wp\/v2\/product_cat?post=4447"},{"taxonomy":"product_tag","embeddable":true,"href":"https:\/\/lamisuperbooster.com\/et\/wp-json\/wp\/v2\/product_tag?post=4447"}],"curies":[{"name":"wp","href":"https:\/\/api.w.org\/{rel}","templated":true}]}}