{"id":4425,"date":"2019-02-17T20:36:58","date_gmt":"2019-02-17T20:36:58","guid":{"rendered":"https:\/\/www.lashsuperbooster.com\/product\/ripsme-ja-kulmuvarv-black-must-biocosmetics\/"},"modified":"2025-06-15T07:41:56","modified_gmt":"2025-06-15T05:41:56","slug":"ripsme-ja-kulmuvarv-black-must-biosmetics","status":"publish","type":"product","link":"https:\/\/lamisuperbooster.com\/et\/toode\/ripsme-ja-kulmuvarv-black-must-biosmetics\/","title":{"rendered":"Ripsme- ja kulmuv\u00e4rv BLACK (must), Biosmetics"},"content":{"rendered":"<p><span style=\"font-weight: 400;\">Saksamaa br\u00e4nd <\/span><b>Biosmetics<\/b><span style=\"font-weight: 400;\"> on juba \u00fcle 20 aasta olnud tuntud oma kvaliteetsete ripsmev\u00e4rvide ja kulmuv\u00e4rvide poolest.<\/span><\/p>\n<p><span style=\"font-weight: 400;\">Nende v\u00e4rvide abil saab ripsmeid ja kulme h\u00f5lpsasti ja v\u00e4ga kiiresti r\u00f5hutada.<\/span><\/p>\n<p><span style=\"font-weight: 400;\">Must v\u00e4rvitoon r\u00f5hutab ripsmeid ja kulme ning toob silmad esile, m\u00f5judes samal ajal v\u00e4ga loomulikuna.\u00a0<\/span><\/p>\n<p><span style=\"font-weight: 400;\">V\u00e4rv on t\u00e4iesti vee- ja h\u00f5\u00f5rumiskindel. Tulemus p\u00fcsib keskmiselt 4-7 n\u00e4dalat.<\/span><\/p>\n<p><span style=\"font-weight: 400;\">Sega 1cm v\u00e4rvi 4-5 tilga 3% kreemvesinikuga, kanna peale ja lase m\u00f5juda:<\/span><\/p>\n<ul>\n<li style=\"font-weight: 400;\"><span style=\"font-weight: 400;\">Ripsmete puhul 5-10 minutit, s\u00f5ltuvalt sellest kui intensiivset tulemust soovid saavutada. NB! Kui v\u00e4rvid ripsmeid lash lifti protseduuri ajal, hoia v\u00e4rvi ripsmetel vaid 4-5 minutit. Kuna ripsmed on juba keemiliselt t\u00f6\u00f6deldud, tungib v\u00e4rv karva ja m\u00f5jub kiiremini.<\/span><\/li>\n<li style=\"font-weight: 400;\"><span style=\"font-weight: 400;\">Kulmude puhul 2-10 minutit, s\u00f5ltuvalt sellest kui intensiivset tulemust soovid saavutada.<\/span><\/li>\n<\/ul>\n<p><span style=\"font-weight: 400;\">Biosmetics ripsme- ja kulmuv\u00e4rvid sobivad ideaalselt Lami Super Booster lash lifti ja kulmude lamineerimise protseduuril kasutamiseks.<\/span><\/p>\n<p><span style=\"font-weight: 400;\">Parima tulemuse saavutamiseks, kasuta koos <a href=\"https:\/\/lamisuperbooster.com\/et\/toode\/kreemvesinik-3-biosmetics\/\">Biosmetics 3% kreemvesinikuga<\/a>.<\/span><\/p>\n<p><span style=\"font-weight: 400;\">Allergiatest: Soovitame enne esimest kasutuskorda ning p\u00e4rast pikemat ripsmete v\u00e4rvimise pausi l\u00e4bi viia allergiatest.<\/span><\/p>\n<p><span style=\"font-weight: 400;\">Enne kasutamist lugeda kasutusjuhendit.<\/span><\/p>\n<p>M\u00f5eldud professionaalseks kasutamiseks.<\/p>\n","protected":false},"excerpt":{"rendered":"<ul>\n<li style=\"font-weight: 400;\"><span style=\"font-weight: 400;\">20ml tuub<\/span><\/li>\n<li style=\"font-weight: 400;\"><span style=\"font-weight: 400;\">V\u00e4rv: must<\/span><\/li>\n<li style=\"font-weight: 400;\"><span style=\"font-weight: 400;\">Toodetud Saksamaal<\/span><\/li>\n<\/ul>\n","protected":false},"featured_media":4390,"comment_status":"open","ping_status":"closed","template":"","meta":{"inline_featured_image":false,"_kad_blocks_custom_css":"","_kad_blocks_head_custom_js":"","_kad_blocks_body_custom_js":"","_kad_blocks_footer_custom_js":"","_kadence_starter_templates_imported_post":false,"wds_primary_product_brand":0,"wds_primary_product_cat":0},"product_brand":[],"product_cat":[1322,1325,1327,1328],"product_tag":[773],"class_list":{"0":"post-4425","1":"product","2":"type-product","3":"status-publish","4":"has-post-thumbnail","6":"product_cat-kulmude-lamineerimine","7":"product_cat-kulmuvarv","8":"product_cat-lash-lift-et","9":"product_cat-ripsmevarv","10":"product_tag-ripsmevarv","12":"first","13":"instock","14":"taxable","15":"shipping-taxable","16":"purchasable","17":"product-type-simple"},"taxonomy_info":{"product_cat":[{"value":1322,"label":"Kulmude lamineerimine"},{"value":1325,"label":"Kulmuv\u00e4rv"},{"value":1327,"label":"Lash lift"},{"value":1328,"label":"Ripsmev\u00e4rv"}],"product_tag":[{"value":773,"label":"ripsmev\u00e4rv"}]},"featured_image_src_large":["https:\/\/lamisuperbooster.com\/wp-content\/uploads\/2019\/02\/Eyelash-and-eyebrow-tint-black-tone-Biocosmetics-with-a-box-1.jpg",600,600,false],"author_info":[],"comment_info":0,"_links":{"self":[{"href":"https:\/\/lamisuperbooster.com\/et\/wp-json\/wp\/v2\/product\/4425","targetHints":{"allow":["GET"]}}],"collection":[{"href":"https:\/\/lamisuperbooster.com\/et\/wp-json\/wp\/v2\/product"}],"about":[{"href":"https:\/\/lamisuperbooster.com\/et\/wp-json\/wp\/v2\/types\/product"}],"replies":[{"embeddable":true,"href":"https:\/\/lamisuperbooster.com\/et\/wp-json\/wp\/v2\/comments?post=4425"}],"wp:featuredmedia":[{"embeddable":true,"href":"https:\/\/lamisuperbooster.com\/et\/wp-json\/wp\/v2\/media\/4390"}],"wp:attachment":[{"href":"https:\/\/lamisuperbooster.com\/et\/wp-json\/wp\/v2\/media?parent=4425"}],"wp:term":[{"taxonomy":"product_brand","embeddable":true,"href":"https:\/\/lamisuperbooster.com\/et\/wp-json\/wp\/v2\/product_brand?post=4425"},{"taxonomy":"product_cat","embeddable":true,"href":"https:\/\/lamisuperbooster.com\/et\/wp-json\/wp\/v2\/product_cat?post=4425"},{"taxonomy":"product_tag","embeddable":true,"href":"https:\/\/lamisuperbooster.com\/et\/wp-json\/wp\/v2\/product_tag?post=4425"}],"curies":[{"name":"wp","href":"https:\/\/api.w.org\/{rel}","templated":true}]}}