{"id":4418,"date":"2019-02-19T20:32:23","date_gmt":"2019-02-19T18:32:23","guid":{"rendered":"https:\/\/www.lashsuperbooster.com\/product\/kreemvesinik-3-biocosmetics\/"},"modified":"2026-04-19T21:38:20","modified_gmt":"2026-04-19T19:38:20","slug":"kreemvesinik-3-biosmetics","status":"publish","type":"product","link":"https:\/\/lamisuperbooster.com\/et\/toode\/kreemvesinik-3-biosmetics\/","title":{"rendered":"Kreemvesinik 2% Biosmetics"},"content":{"rendered":"<p>Biosmetics kreemvesinikku 2% on v\u00e4ga h\u00f5lbus kasutada, kuna ta ei tilgu. Selle abil saab ripsme- ja kulmuv\u00e4rvi segu m\u00f5nusalt kreemja ning \u00fchtlase struktuuri.<\/p>\n<p>Biosmetics kreemvesinik sobib kasutamiseks ka k\u00f5ige tundlikuma nahaga klientidel.<\/p>\n<p>Parima tulemuse saavutamiseks kasuta kreemvesinikku Biosmetics ripsme- ja kulmuv\u00e4rvidega. Selliselt saavutad kontrastse v\u00e4rvitooni ja tulemuse pikaaegse kestvuse.<\/p>\n<p>Biosmetics ripsme- ja kulmuv\u00e4rve v\u00f5ib ka omavahel kokku segada, et luua erinevaid v\u00e4rvitoone.<\/p>\n<p>Kasuta 6 tilka kreemvesinikku 2cm v\u00e4rvi kohta.<\/p>\n","protected":false},"excerpt":{"rendered":"<ul>\n<li>Kreemvesinik 2%<\/li>\n<li>50ml<\/li>\n<li>Toodetud Saksamaal<\/li>\n<li>Professionaalseks kasutuseks<\/li>\n<\/ul>\n","protected":false},"featured_media":4408,"comment_status":"open","ping_status":"closed","template":"","meta":{"inline_featured_image":false,"_kad_blocks_custom_css":"","_kad_blocks_head_custom_js":"","_kad_blocks_body_custom_js":"","_kad_blocks_footer_custom_js":"","_kadence_starter_templates_imported_post":false,"wds_primary_product_brand":0,"wds_primary_product_cat":0},"product_brand":[],"product_cat":[1322,1325,1327,1328],"product_tag":[775,773],"class_list":{"0":"post-4418","1":"product","2":"type-product","3":"status-publish","4":"has-post-thumbnail","6":"product_cat-kulmude-lamineerimine","7":"product_cat-kulmuvarv","8":"product_cat-lash-lift-et","9":"product_cat-ripsmevarv","10":"product_tag-kreemvesinik","11":"product_tag-ripsmevarv","13":"first","14":"instock","15":"taxable","16":"shipping-taxable","17":"purchasable","18":"product-type-simple"},"taxonomy_info":{"product_cat":[{"value":1322,"label":"Kulmude lamineerimine"},{"value":1325,"label":"Kulmuv\u00e4rv"},{"value":1327,"label":"Lash lift"},{"value":1328,"label":"Ripsmev\u00e4rv"}],"product_tag":[{"value":775,"label":"kreemvesinik"},{"value":773,"label":"ripsmev\u00e4rv"}]},"featured_image_src_large":["https:\/\/lamisuperbooster.com\/wp-content\/uploads\/2019\/02\/Cream-Developer-Oxidant-3-Biocosmetics.jpg",600,600,false],"author_info":[],"comment_info":0,"_links":{"self":[{"href":"https:\/\/lamisuperbooster.com\/et\/wp-json\/wp\/v2\/product\/4418","targetHints":{"allow":["GET"]}}],"collection":[{"href":"https:\/\/lamisuperbooster.com\/et\/wp-json\/wp\/v2\/product"}],"about":[{"href":"https:\/\/lamisuperbooster.com\/et\/wp-json\/wp\/v2\/types\/product"}],"replies":[{"embeddable":true,"href":"https:\/\/lamisuperbooster.com\/et\/wp-json\/wp\/v2\/comments?post=4418"}],"wp:featuredmedia":[{"embeddable":true,"href":"https:\/\/lamisuperbooster.com\/et\/wp-json\/wp\/v2\/media\/4408"}],"wp:attachment":[{"href":"https:\/\/lamisuperbooster.com\/et\/wp-json\/wp\/v2\/media?parent=4418"}],"wp:term":[{"taxonomy":"product_brand","embeddable":true,"href":"https:\/\/lamisuperbooster.com\/et\/wp-json\/wp\/v2\/product_brand?post=4418"},{"taxonomy":"product_cat","embeddable":true,"href":"https:\/\/lamisuperbooster.com\/et\/wp-json\/wp\/v2\/product_cat?post=4418"},{"taxonomy":"product_tag","embeddable":true,"href":"https:\/\/lamisuperbooster.com\/et\/wp-json\/wp\/v2\/product_tag?post=4418"}],"curies":[{"name":"wp","href":"https:\/\/api.w.org\/{rel}","templated":true}]}}