{"id":4414,"date":"2019-02-19T20:42:09","date_gmt":"2019-02-19T20:42:09","guid":{"rendered":"https:\/\/www.lashsuperbooster.com\/product\/biocosmetics-varvieemaldaja\/"},"modified":"2024-09-04T13:51:46","modified_gmt":"2024-09-04T11:51:46","slug":"biosmetics-varvieemaldaja","status":"publish","type":"product","link":"https:\/\/lamisuperbooster.com\/et\/toode\/biosmetics-varvieemaldaja\/","title":{"rendered":"Biosmetics v\u00e4rvieemaldaja"},"content":{"rendered":"<p>Biosmetics v\u00e4rvieemaldaja eemaldab nahalt \u00f5rnalt ja kiiresti ripsmete v\u00f5i kulmude v\u00e4rvimisel tekkinud plekid.<\/p>\n<p>Parimad tulemused saavutab siis, kui v\u00e4rvieemaldajat kohe v\u00e4rvipleki tekkimisel kasutada.<\/p>\n<p>Lisa veidi v\u00e4rvieemaldajat vatipadjale ja eemalda v\u00e4rv nahalt \u00f5rnalt h\u00f5\u00f5rudes.<\/p>\n<p><strong>NB! \u00e4ra kasuta toodet otse ripsmetel, sest see v\u00f5ib p\u00f5hjustada \u00e4rritust!<\/strong><\/p>\n<p><span style=\"font-weight: 400;\">Soovitame enne esimest kasutuskorda ning p\u00e4rast pikemat ripsmete v\u00e4rvimise pausi l\u00e4bi viia allergiatest. <\/span><\/p>\n<p><span style=\"font-weight: 400;\">Enne kasutamist lugeda kasutusjuhendit.<\/span><\/p>\n<p>Professionaalseks kasutuseks.<\/p>\n","protected":false},"excerpt":{"rendered":"<ul>\n<li>V\u00e4rvieemaldaja<\/li>\n<li>90ml<\/li>\n<li>Biosmetics<\/li>\n<li>Toodetud Saksamaal<\/li>\n<\/ul>\n<div id=\"gtx-anchor\" style=\"position: absolute; visibility: hidden; left: 50px; top: 19px; width: 700px; height: 90px;\"><\/div>\n<div class=\"jfk-bubble gtx-bubble\" style=\"visibility: visible; left: 31px; top: 119px; opacity: 1;\" role=\"alertdialog\" aria-describedby=\"bubble-2\">\n<div id=\"bubble-2\" class=\"jfk-bubble-content-id\">\n<div id=\"gtx-host\" style=\"min-width: 200px; max-width: 400px;\"><\/div>\n<\/div>\n<div class=\"jfk-bubble-closebtn-id jfk-bubble-closebtn\" tabindex=\"0\" role=\"button\" aria-label=\"Close\"><\/div>\n<div class=\"jfk-bubble-arrow-id jfk-bubble-arrow jfk-bubble-arrowup\" style=\"left: 390px;\">\n<div class=\"jfk-bubble-arrowimplbefore\"><\/div>\n<div class=\"jfk-bubble-arrowimplafter\"><\/div>\n<\/div>\n<\/div>\n","protected":false},"featured_media":4411,"comment_status":"open","ping_status":"closed","template":"","meta":{"inline_featured_image":false,"_kad_blocks_custom_css":"","_kad_blocks_head_custom_js":"","_kad_blocks_body_custom_js":"","_kad_blocks_footer_custom_js":"","_kadence_starter_templates_imported_post":false,"wds_primary_product_brand":0,"wds_primary_product_cat":0},"product_brand":[],"product_cat":[1322,1325,1327,1328],"product_tag":[773,774],"class_list":{"0":"post-4414","1":"product","2":"type-product","3":"status-publish","4":"has-post-thumbnail","6":"product_cat-kulmude-lamineerimine","7":"product_cat-kulmuvarv","8":"product_cat-lash-lift-et","9":"product_cat-ripsmevarv","10":"product_tag-ripsmevarv","11":"product_tag-varvieemaldaja","13":"first","14":"instock","15":"taxable","16":"shipping-taxable","17":"purchasable","18":"product-type-simple"},"taxonomy_info":{"product_cat":[{"value":1322,"label":"Kulmude lamineerimine"},{"value":1325,"label":"Kulmuv\u00e4rv"},{"value":1327,"label":"Lash lift"},{"value":1328,"label":"Ripsmev\u00e4rv"}],"product_tag":[{"value":773,"label":"ripsmev\u00e4rv"},{"value":774,"label":"v\u00e4rvieemaldaja"}]},"featured_image_src_large":["https:\/\/lamisuperbooster.com\/wp-content\/uploads\/2019\/02\/Eyelash-and-eyebrow-tint-remover-Biocosmetics.jpg",600,600,false],"author_info":[],"comment_info":0,"_links":{"self":[{"href":"https:\/\/lamisuperbooster.com\/et\/wp-json\/wp\/v2\/product\/4414","targetHints":{"allow":["GET"]}}],"collection":[{"href":"https:\/\/lamisuperbooster.com\/et\/wp-json\/wp\/v2\/product"}],"about":[{"href":"https:\/\/lamisuperbooster.com\/et\/wp-json\/wp\/v2\/types\/product"}],"replies":[{"embeddable":true,"href":"https:\/\/lamisuperbooster.com\/et\/wp-json\/wp\/v2\/comments?post=4414"}],"wp:featuredmedia":[{"embeddable":true,"href":"https:\/\/lamisuperbooster.com\/et\/wp-json\/wp\/v2\/media\/4411"}],"wp:attachment":[{"href":"https:\/\/lamisuperbooster.com\/et\/wp-json\/wp\/v2\/media?parent=4414"}],"wp:term":[{"taxonomy":"product_brand","embeddable":true,"href":"https:\/\/lamisuperbooster.com\/et\/wp-json\/wp\/v2\/product_brand?post=4414"},{"taxonomy":"product_cat","embeddable":true,"href":"https:\/\/lamisuperbooster.com\/et\/wp-json\/wp\/v2\/product_cat?post=4414"},{"taxonomy":"product_tag","embeddable":true,"href":"https:\/\/lamisuperbooster.com\/et\/wp-json\/wp\/v2\/product_tag?post=4414"}],"curies":[{"name":"wp","href":"https:\/\/api.w.org\/{rel}","templated":true}]}}