{"id":4405,"date":"2019-02-19T20:04:28","date_gmt":"2019-02-19T18:04:28","guid":{"rendered":"https:\/\/www.lashsuperbooster.com\/?post_type=product&#038;p=4405"},"modified":"2019-02-19T20:07:45","modified_gmt":"2019-02-19T20:07:45","slug":"geelpadjad-100-paari","status":"publish","type":"product","link":"https:\/\/lamisuperbooster.com\/et\/toode\/geelpadjad-100-paari\/","title":{"rendered":"Geelpadjad, 100 paari"},"content":{"rendered":"<p>Kiuvabad nahka pinguldavad geelpadjad. Nad hellitavad ja niisutavad silmaalust nahka, muutes ta s\u00e4ravaks ja pringiks. Geelpadjad siluvad silma\u00fcmbruse kortsukesi ning v\u00e4hendavad paistetust. Kaitsevad nahka ja alumisi ripsmeid lash lifti ja ripsmete lamineerimise protseduuri ajal.<\/p>\n","protected":false},"excerpt":{"rendered":"<ul>\n<li style=\"text-align: left;\"><strong>Kiuvabad geelpadjad<\/strong><\/li>\n<li style=\"text-align: left;\"><strong>Kasutatakse lash lifti, ripsmete lamineerimise ja ripsmepikenduste protseduuridel alumiste ripsmete katmiseks<\/strong><\/li>\n<\/ul>\n","protected":false},"featured_media":4277,"comment_status":"open","ping_status":"closed","template":"","meta":{"inline_featured_image":false,"_kad_blocks_custom_css":"","_kad_blocks_head_custom_js":"","_kad_blocks_body_custom_js":"","_kad_blocks_footer_custom_js":"","_kadence_starter_templates_imported_post":false,"wds_primary_product_brand":0,"wds_primary_product_cat":0},"product_brand":[],"product_cat":[1327,1333],"product_tag":[636],"class_list":{"0":"post-4405","1":"product","2":"type-product","3":"status-publish","4":"has-post-thumbnail","6":"product_cat-lash-lift-et","7":"product_cat-silikoonpadjad","8":"product_tag-geelpadjad","10":"first","11":"instock","12":"taxable","13":"shipping-taxable","14":"purchasable","15":"product-type-simple"},"taxonomy_info":{"product_cat":[{"value":1327,"label":"Lash lift"},{"value":1333,"label":"Silikoonpadjad"}],"product_tag":[{"value":636,"label":"Geelpadjad"}]},"featured_image_src_large":["https:\/\/lamisuperbooster.com\/wp-content\/uploads\/2018\/12\/undereye-patches.jpg",600,600,false],"author_info":[],"comment_info":0,"_links":{"self":[{"href":"https:\/\/lamisuperbooster.com\/et\/wp-json\/wp\/v2\/product\/4405","targetHints":{"allow":["GET"]}}],"collection":[{"href":"https:\/\/lamisuperbooster.com\/et\/wp-json\/wp\/v2\/product"}],"about":[{"href":"https:\/\/lamisuperbooster.com\/et\/wp-json\/wp\/v2\/types\/product"}],"replies":[{"embeddable":true,"href":"https:\/\/lamisuperbooster.com\/et\/wp-json\/wp\/v2\/comments?post=4405"}],"wp:featuredmedia":[{"embeddable":true,"href":"https:\/\/lamisuperbooster.com\/et\/wp-json\/wp\/v2\/media\/4277"}],"wp:attachment":[{"href":"https:\/\/lamisuperbooster.com\/et\/wp-json\/wp\/v2\/media?parent=4405"}],"wp:term":[{"taxonomy":"product_brand","embeddable":true,"href":"https:\/\/lamisuperbooster.com\/et\/wp-json\/wp\/v2\/product_brand?post=4405"},{"taxonomy":"product_cat","embeddable":true,"href":"https:\/\/lamisuperbooster.com\/et\/wp-json\/wp\/v2\/product_cat?post=4405"},{"taxonomy":"product_tag","embeddable":true,"href":"https:\/\/lamisuperbooster.com\/et\/wp-json\/wp\/v2\/product_tag?post=4405"}],"curies":[{"name":"wp","href":"https:\/\/api.w.org\/{rel}","templated":true}]}}