{"id":4308,"date":"2018-12-29T01:37:53","date_gmt":"2018-12-28T23:37:53","guid":{"rendered":"https:\/\/www.lashsuperbooster.com\/product\/lash-lifti-peegel\/"},"modified":"2022-05-03T00:01:34","modified_gmt":"2022-05-02T22:01:34","slug":"lash-lifti-peegel","status":"publish","type":"product","link":"https:\/\/lamisuperbooster.com\/et\/toode\/lash-lifti-peegel\/","title":{"rendered":"Lash lifti peegel"},"content":{"rendered":"<p><span style=\"font-weight: 400;\">Lash lifti peegel on valmistatud kvaliteetsest roostevabast terasest. Selle abil saab h\u00f5lpsasti kontrollida kuidas j\u00e4\u00e4vad ripsmed eestvaates. <\/span><\/p>\n<p><span style=\"font-weight: 400;\">Peegli abil saad veenduda, et ripsmed on korrektselt eraldatud ning kontrollida kui kaugel on lash lifti emulsioon silikoonpadja alumisest servast.<\/span><\/p>\n","protected":false},"excerpt":{"rendered":"<ul>\n<li style=\"text-align: left;\"><strong>Roostevaba terasest<\/strong><\/li>\n<li style=\"text-align: left;\"><strong>Ripsmete kontrollimiseks eestvaates<\/strong><\/li>\n<\/ul>\n","protected":false},"featured_media":4306,"comment_status":"open","ping_status":"closed","template":"","meta":{"inline_featured_image":false,"_kad_blocks_custom_css":"","_kad_blocks_head_custom_js":"","_kad_blocks_body_custom_js":"","_kad_blocks_footer_custom_js":"","_kadence_starter_templates_imported_post":false,"wds_primary_product_brand":0,"wds_primary_product_cat":0},"product_brand":[],"product_cat":[1324,1327,1332],"product_tag":[589],"class_list":{"0":"post-4308","1":"product","2":"type-product","3":"status-publish","4":"has-post-thumbnail","6":"product_cat-kulmude-lamineerimise-tooriistad","7":"product_cat-lash-lift-et","8":"product_cat-lash-lifti-tooriistad","9":"product_tag-lash-lifti-peegel","11":"first","12":"instock","13":"taxable","14":"shipping-taxable","15":"purchasable","16":"product-type-simple"},"taxonomy_info":{"product_cat":[{"value":1324,"label":"Kulmude lamineerimise t\u00f6\u00f6riistad"},{"value":1327,"label":"Lash lift"},{"value":1332,"label":"Lash lifti t\u00f6\u00f6riistad"}],"product_tag":[{"value":589,"label":"Lash lifti peegel"}]},"featured_image_src_large":["https:\/\/lamisuperbooster.com\/wp-content\/uploads\/2018\/12\/mirror.jpg",600,600,false],"author_info":[],"comment_info":0,"_links":{"self":[{"href":"https:\/\/lamisuperbooster.com\/et\/wp-json\/wp\/v2\/product\/4308","targetHints":{"allow":["GET"]}}],"collection":[{"href":"https:\/\/lamisuperbooster.com\/et\/wp-json\/wp\/v2\/product"}],"about":[{"href":"https:\/\/lamisuperbooster.com\/et\/wp-json\/wp\/v2\/types\/product"}],"replies":[{"embeddable":true,"href":"https:\/\/lamisuperbooster.com\/et\/wp-json\/wp\/v2\/comments?post=4308"}],"wp:featuredmedia":[{"embeddable":true,"href":"https:\/\/lamisuperbooster.com\/et\/wp-json\/wp\/v2\/media\/4306"}],"wp:attachment":[{"href":"https:\/\/lamisuperbooster.com\/et\/wp-json\/wp\/v2\/media?parent=4308"}],"wp:term":[{"taxonomy":"product_brand","embeddable":true,"href":"https:\/\/lamisuperbooster.com\/et\/wp-json\/wp\/v2\/product_brand?post=4308"},{"taxonomy":"product_cat","embeddable":true,"href":"https:\/\/lamisuperbooster.com\/et\/wp-json\/wp\/v2\/product_cat?post=4308"},{"taxonomy":"product_tag","embeddable":true,"href":"https:\/\/lamisuperbooster.com\/et\/wp-json\/wp\/v2\/product_tag?post=4308"}],"curies":[{"name":"wp","href":"https:\/\/api.w.org\/{rel}","templated":true}]}}