{"id":4291,"date":"2018-12-29T00:35:25","date_gmt":"2018-12-28T22:35:25","guid":{"rendered":"https:\/\/www.lashsuperbooster.com\/product\/lash-lifti-liim\/"},"modified":"2022-11-28T00:00:30","modified_gmt":"2022-11-27T22:00:30","slug":"lash-lifti-liim","status":"publish","type":"product","link":"https:\/\/lamisuperbooster.com\/et\/toode\/lash-lifti-liim\/","title":{"rendered":"Lash lifti liim"},"content":{"rendered":"<p>Lash Super Booster lash lifti liim on esimene kosmeetiline lash lifti liim turul.<\/p>\n<p>Liimi koostisesse kuuluv kollageen ja h\u00fcdrol\u00fc\u00fcsitud siid annavad ripsmetele l\u00e4ike ja pehmuse ning aitavad lash lifti protseduurist viimast v\u00f5tta. Lash Super Booster liim toidab ripsmeid igas lash lifti etapis.<\/p>\n<p>Lash Super Booster lash lifti liim on dermatoloogiliselt ja mikrobioloogiliselt testitud. Toode on registreeritud Euroopa kosmeetikatoodete teavitusportaalis CPNP.<\/p>\n","protected":false},"excerpt":{"rendered":"<ul>\n<li style=\"text-align: left;\"><strong>Vee baasil<\/strong><\/li>\n<li style=\"text-align: left;\"><strong>Kasutatakse lash lifti ja ripsmete lamineerimise protseduuride l\u00e4biviimisel<\/strong><\/li>\n<li style=\"text-align: left;\"><strong>Kosmeetiline liim<\/strong><\/li>\n<li style=\"text-align: left;\"><strong>Toodetud Euroopa Liidus<\/strong><\/li>\n<li style=\"text-align: left;\"><strong>Dermatoloogiliselt ja mikrobioloogiliselt testitud<\/strong><\/li>\n<\/ul>\n","protected":false},"featured_media":4290,"comment_status":"open","ping_status":"closed","template":"","meta":{"inline_featured_image":false,"_kad_blocks_custom_css":"","_kad_blocks_head_custom_js":"","_kad_blocks_body_custom_js":"","_kad_blocks_footer_custom_js":"","_kadence_starter_templates_imported_post":false,"wds_primary_product_brand":0,"wds_primary_product_cat":0},"product_brand":[],"product_cat":[1322,1323,1327,1487],"product_tag":[635],"class_list":{"0":"post-4291","1":"product","2":"type-product","3":"status-publish","4":"has-post-thumbnail","6":"product_cat-kulmude-lamineerimine","7":"product_cat-kulmude-lamineerimise-emulsioonid","8":"product_cat-lash-lift-et","9":"product_cat-liimid-ja-pulbrid","10":"product_tag-lash-lifti-liim","12":"first","13":"outofstock","14":"taxable","15":"shipping-taxable","16":"purchasable","17":"product-type-simple"},"taxonomy_info":{"product_cat":[{"value":1322,"label":"Kulmude lamineerimine"},{"value":1323,"label":"Kulmude lamineerimise losjoonid"},{"value":1327,"label":"Lash lift"},{"value":1487,"label":"Liimid &amp; Pulbrid"}],"product_tag":[{"value":635,"label":"Lash lifti liim"}]},"featured_image_src_large":["https:\/\/lamisuperbooster.com\/wp-content\/uploads\/2018\/12\/lash-lift-glue.jpg",600,600,false],"author_info":[],"comment_info":0,"_links":{"self":[{"href":"https:\/\/lamisuperbooster.com\/et\/wp-json\/wp\/v2\/product\/4291","targetHints":{"allow":["GET"]}}],"collection":[{"href":"https:\/\/lamisuperbooster.com\/et\/wp-json\/wp\/v2\/product"}],"about":[{"href":"https:\/\/lamisuperbooster.com\/et\/wp-json\/wp\/v2\/types\/product"}],"replies":[{"embeddable":true,"href":"https:\/\/lamisuperbooster.com\/et\/wp-json\/wp\/v2\/comments?post=4291"}],"wp:featuredmedia":[{"embeddable":true,"href":"https:\/\/lamisuperbooster.com\/et\/wp-json\/wp\/v2\/media\/4290"}],"wp:attachment":[{"href":"https:\/\/lamisuperbooster.com\/et\/wp-json\/wp\/v2\/media?parent=4291"}],"wp:term":[{"taxonomy":"product_brand","embeddable":true,"href":"https:\/\/lamisuperbooster.com\/et\/wp-json\/wp\/v2\/product_brand?post=4291"},{"taxonomy":"product_cat","embeddable":true,"href":"https:\/\/lamisuperbooster.com\/et\/wp-json\/wp\/v2\/product_cat?post=4291"},{"taxonomy":"product_tag","embeddable":true,"href":"https:\/\/lamisuperbooster.com\/et\/wp-json\/wp\/v2\/product_tag?post=4291"}],"curies":[{"name":"wp","href":"https:\/\/api.w.org\/{rel}","templated":true}]}}