{"id":40835,"date":"2026-03-16T16:16:35","date_gmt":"2026-03-16T14:16:35","guid":{"rendered":"https:\/\/lamisuperbooster.com\/product\/iconic-duo-lash-lifti-komplekt-liimivaba-tsusteamiiniga\/"},"modified":"2026-03-18T17:51:59","modified_gmt":"2026-03-18T15:51:59","slug":"iconic-duo-lash-lifti-komplekt-liimivaba-tsusteamiiniga","status":"publish","type":"product","link":"https:\/\/lamisuperbooster.com\/et\/toode\/iconic-duo-lash-lifti-komplekt-liimivaba-tsusteamiiniga\/","title":{"rendered":"Iconic Duo lash lifti komplekt ts\u00fcsteamiiniga"},"content":{"rendered":"<h2 data-path-to-node=\"2\"><b data-path-to-node=\"2\" data-index-in-node=\"0\">\u00dclim liimivaba Korea lash lifti s\u00fcsteem<\/b><\/h2>\n<p data-path-to-node=\"3\">T\u00f5sta oma salongi teenuste kvaliteeti selle aega s\u00e4\u00e4stva ts\u00fcsteamiinvesinikkloriidil (Cysteamine HCl) p\u00f5hinevate losjoonide komplektiga. Komplekt on loodud korea lash lifti, Asian ja h\u00fcbriidtehnika jaoks, pakkudes k\u00f5ike vajalikku, et saavutada maksimaalne tulemus ilma ripsmeid kahjustamata ja liimi kasutamata. <\/p>\n<h3 data-path-to-node=\"5\"><b data-path-to-node=\"5\" data-index-in-node=\"0\">Iconic Duo &amp; Lash Lift Glue Powder<\/b><\/h3>\n<p data-path-to-node=\"6\">Meie veganis\u00f5bralik kreemjas koostis v\u00f5imaldab puhast ja t\u00e4pset pealekandmist. Kuna nii koolutav kui ka fikseeriv emulsioon on t\u00e4is hooldavaid koostisosi, puudub vajadus eraldi 3. etapi toitva hoolduse j\u00e4rele, s\u00e4\u00e4stes sinu v\u00e4\u00e4rtuslikku aega. <\/p>\n<p data-path-to-node=\"7\"><b data-path-to-node=\"7\" data-index-in-node=\"0\">Lash Lift Glue Powder (tekstuuri kontroll ja ripsmete s\u00fcgavuti toitmine)<\/b><\/p>\n<p data-path-to-node=\"7\">Revolutsiooniline multifunktsionaalne pulber, mis annab sulle t\u00e4ieliku kontrolli emulsioonide konsistentsi ja toimivuse \u00fcle.<\/p>\n<ul data-path-to-node=\"8\">\n<li>\n<p data-path-to-node=\"8,0,0\"><b data-path-to-node=\"8,0,0\" data-index-in-node=\"0\">Liimivaba koolutamine:<\/b> lisa koolutusemulsiooni sisse <b data-path-to-node=\"8,0,0\" data-index-in-node=\"20\">30\u201350%<\/b> pulbrit, et saavutada autentne Aasia, h\u00fcbriid- v\u00f5i Korea stiilis tulemus. Ripsmed kinnituvad silikoonpadjale ilma t\u00e4iendava liimita. <\/p>\n<\/li>\n<li>\n<p data-path-to-node=\"8,1,0\"><b data-path-to-node=\"8,1,0\" data-index-in-node=\"0\">Fikseerimise kontroll:<\/b> Lisa <b data-path-to-node=\"8,1,0\" data-index-in-node=\"21\">~30%<\/b> oma fikseerivale emulsioonile, et tagada parem p\u00fcsivus fikseerimisetapis.<\/p>\n<\/li>\n<li>\n<p data-path-to-node=\"8,2,0\">Losjoonide paksendamine: Kasuta ~20% pulbrit vedelate losjoonide paksendamiseks, peatades koheselt toote valgumise ja libisemise.<\/p>\n<\/li>\n<\/ul>\n<h3 data-path-to-node=\"10\"><b data-path-to-node=\"10\" data-index-in-node=\"0\">\u2728 Peamised toimeained<\/b><\/h3>\n<p data-path-to-node=\"11\">Nii Iconic Duo kui ka Lash Lift Glue Powder toetavad ripsme- ja kulmukarva struktuuri kogu keemilise protsessi v\u00e4ltel, pakkudes hooldusele unikaalseid eeliseid:<\/p>\n<p data-path-to-node=\"12\"><b data-path-to-node=\"12\" data-index-in-node=\"0\">Iconic Duo koostises (1. ja 2. samm):<\/b><\/p>\n<ul data-path-to-node=\"13\">\n<li>\n<p data-path-to-node=\"13,0,0\">\ud83e\ude84 Kastoor\u00f5li: Toidab s\u00fcgavuti ja hooldab, muutes ripsmed ja kulmud tugevamaks ning l\u00e4ikivamaks.<\/p>\n<\/li>\n<li>\n<p data-path-to-node=\"13,1,0\">\ud83e\uddec Peptiidid (Biotinoyl Tripeptide-1): Aitavad v\u00e4hendada karvade murdumist ning toetavad tihedamat ja paksemat kasvu.<\/p>\n<\/li>\n<li>\n<p data-path-to-node=\"13,2,0\">\ud83c\udf4f \u00d5una t\u00fcvirakud: Kaitsevad ja elustavad karvan\u00e4\u00e4pse tervislikuma ja kauakestvama tulemuse saavutamiseks.<\/p>\n<\/li>\n<li>\n<p data-path-to-node=\"13,3,0\">\ud83d\udca7 <b data-path-to-node=\"13,3,0\" data-index-in-node=\"3\">Gl\u00fctseriin:<\/b> t\u00f5stab niiskustaset, j\u00e4ttes karvad niisutatuks ja elastseks.<\/p>\n<\/li>\n<\/ul>\n<p data-path-to-node=\"14\"><b data-path-to-node=\"14\" data-index-in-node=\"0\">Lash Lift Glue Powder koostises:<\/b><\/p>\n<ul data-path-to-node=\"15\">\n<li>\n<p data-path-to-node=\"15,0,0\">\ud83e\uddea Biotinoyl Tripeptide-1: Annab lisat\u00f5uke tihedama v\u00e4limusega ja vastupidavamate ripsmete saavutamiseks.<\/p>\n<\/li>\n<li>\n<p data-path-to-node=\"15,1,0\">\ud83d\udca7 <b data-path-to-node=\"15,1,0\" data-index-in-node=\"3\">Pantenool (pro-vitamiin B5):<\/b> niisutab s\u00fcgavuti ja muudab karvakiud pehmemaks.<\/p>\n<\/li>\n<li>\n<p data-path-to-node=\"15,2,0\">\ud83c\udf3f <b data-path-to-node=\"15,2,0\" data-index-in-node=\"3\">Magusmandli\u00f5li:<\/b> sisaldab rikkalikult rasvhappeid, mis hooldavad ja kaitsevad karva koolutamise ajal.<\/p>\n<\/li>\n<li>\n<p data-path-to-node=\"15,3,0\">\ud83c\udf31 <b data-path-to-node=\"15,3,0\" data-index-in-node=\"3\">Jojoobi\u00f5li:<\/b> tasakaalustab ja tugevdab ripsme struktuuri, v\u00e4hendades karvade murdumist.<\/p>\n<\/li>\n<li>\n<p data-path-to-node=\"15,4,0\">\ud83d\udee1\ufe0f Tokofer\u00fc\u00fclatsetaat (E-vitamiin): Pakub tugevat antioks\u00fcdantset kaitset.<\/p>\n<\/li>\n<li>\n<p data-path-to-node=\"15,5,0\">\u2728 <b data-path-to-node=\"15,5,0\" data-index-in-node=\"2\">Gl\u00fctseriin:<\/b> lukustab niiskuse, et s\u00e4ilitada ripsmete maksimaalne elastsus.<\/p>\n<\/li>\n<\/ul>\n<h3 data-path-to-node=\"17\"><b data-path-to-node=\"17\" data-index-in-node=\"0\">\u23f1\ufe0f M\u00f5juajad (Iconic Duo)<\/b><\/h3>\n<p data-path-to-node=\"18\"><i data-path-to-node=\"18\" data-index-in-node=\"0\">(J\u00e4lgi ripsmeid ja kulme alati t\u00e4helepanelikult ning kontrolli karva valmidust \u2013 m\u00f5juajad on vaid soovituslikud ja v\u00f5ivad klienditi erineda).<\/i><\/p>\n<table data-path-to-node=\"19\">\n<thead>\n<tr>\n<td><strong>Karva t\u00fc\u00fcp<\/strong><\/td>\n<td><strong>1. samm (Lifting Lotion)<\/strong><\/td>\n<td><strong>2. samm (Fixing Lotion)<\/strong><\/td>\n<\/tr>\n<\/thead>\n<tbody>\n<tr>\n<td><span data-path-to-node=\"19,1,0,0\"><b data-path-to-node=\"19,1,0,0\" data-index-in-node=\"0\">\u00d5hukesed ripsmed\/kulmud<\/b><\/span><\/td>\n<td><span data-path-to-node=\"19,1,1,0\">4 minutit<\/span><\/td>\n<td><span data-path-to-node=\"19,1,2,0\">4 minutit<\/span><\/td>\n<\/tr>\n<tr>\n<td><span data-path-to-node=\"19,2,0,0\"><b data-path-to-node=\"19,2,0,0\" data-index-in-node=\"0\">Keskmised ripsmed\/kulmud<\/b><\/span><\/td>\n<td><span data-path-to-node=\"19,2,1,0\">6\u20137 minutit<\/span><\/td>\n<td><span data-path-to-node=\"19,2,2,0\">6\u20137 minutit<\/span><\/td>\n<\/tr>\n<tr>\n<td><span data-path-to-node=\"19,3,0,0\"><b data-path-to-node=\"19,3,0,0\" data-index-in-node=\"0\">Tugevad ripsmed\/kulmud<\/b><\/span><\/td>\n<td><span data-path-to-node=\"19,3,1,0\">8\u201310 minutit<\/span><\/td>\n<td><span data-path-to-node=\"19,3,2,0\">8\u201310 minutit<\/span><\/td>\n<\/tr>\n<\/tbody>\n<\/table>\n<blockquote data-path-to-node=\"20\">\n<p data-path-to-node=\"20,0\">Pro nipp: Sega Lash Lift Glue Powder otse Iconic Duo losjoonidesse vahetult enne pealekandmist, et luua kleepuv tekstuur, mis sobib ideaalselt sinu koolutamistehnikaga.<\/p>\n<\/blockquote>\n<h3 data-path-to-node=\"22\"><b data-path-to-node=\"22\" data-index-in-node=\"0\">\ud83d\udee1\ufe0f Liimivabad silikoonpadjad ja tarvikud<\/b><\/h3>\n<p data-path-to-node=\"23\"><b data-path-to-node=\"23\" data-index-in-node=\"0\">Korea lash lifti lamedad silikoonpadjad (1 paar)<\/b><\/p>\n<p data-path-to-node=\"23\">Saavuta veatu tulemus nende \u00fcli\u00f5hukeste liimivabade silikoonpatjadega, mis on loodud kasutamiseks <b data-path-to-node=\"23\" data-index-in-node=\"139\">1. etapis<\/b> koos <b data-path-to-node=\"23\" data-index-in-node=\"139\">koolutusemulsiooniga<\/b>. Need on valmistatud \u00fclipehmest piimjast l\u00e4bipaistvast ja \u00f5rna s\u00e4delusega silikoonist, tagades ripsmete p\u00f5hjaliku pehmendamise juurest otsteni. \u00dclilame kuju v\u00f5imaldab t\u00e4iuslikku kontakti emulsiooni ja ripsmejuure vahel, aidates saavutada p\u00f5hjaliku pehmenemise enne suurematele ripsmekuju fikseerimist suurematel silikoonpatjadel (2. etapp).  <\/p>\n<p data-path-to-node=\"24\"><b data-path-to-node=\"24\" data-index-in-node=\"0\">Korduvkasutatavad silikoonpadjad (5 paari)<\/b><\/p>\n<p data-path-to-node=\"24\">Nendel liimivabadel isekinnituvatel silikoonpatjadel on unikaalne kassi n\u00e4o ja k\u00f5rvade kujuline haardeala, mis muudab nende k\u00e4sitsemise lihtsaks ja lisab t\u00f6\u00f6le l\u00f5busa n\u00fcansi. Valmistatud \u00fclipehmest ja nahas\u00f5bralikust silikoonist, kinnituvad need \u00f5rnalt laule ilma liimi v\u00f5i teibita. Komplektis on 5 erinevat suurust (XS, S, M, L, XL), et oleksid valmis igaks ripsmepikkuseks.  <\/p>\n<p data-path-to-node=\"25\"><b data-path-to-node=\"25\" data-index-in-node=\"0\">Mikroharjad (1 karp \/ 50 tk)<\/b><\/p>\n<p data-path-to-node=\"25\">Nendel kergetel harjadel on 360 kraadi painduv pea, mis tagab erakordse kontrolli. Peened kiud libisevad sujuvalt, muutes ripsmete eraldamise ja losjooni pealekandmise lihtsaks, tagades samal ajal kliendi mugavuse. <\/p>\n<h3 data-path-to-node=\"27\"><b data-path-to-node=\"27\" data-index-in-node=\"0\">\ud83e\uddfc Silikoonpatjade puhastamise ja desinfitseerimise juhised<\/b><\/h3>\n<ol start=\"1\" data-path-to-node=\"28\">\n<li>\n<p data-path-to-node=\"28,0,0\">Pese sooja vee ja antibakteriaalse seebiga kohe p\u00e4rast kasutamist.<\/p>\n<\/li>\n<li>\n<p data-path-to-node=\"28,1,0\">Loputa p\u00f5hjalikult sooja veega ja tupsuta kuivaks.<\/p>\n<\/li>\n<li>\n<p data-path-to-node=\"28,2,0\">Desinfitseeri 10 minutit professionaalse desinfitseerimisvahendiga (nt 70% alkohol) v\u00f5i kuuma\u00f5husterilisaatoris.<\/p>\n<\/li>\n<li>\n<p data-path-to-node=\"28,3,0\">Loputa p\u00f5hjalikult.<\/p>\n<\/li>\n<li>\n<p data-path-to-node=\"28,4,0\">Lase enne hoiustamist t\u00e4ielikult \u00f5hu k\u00e4es kuivada.<\/p>\n<\/li>\n<li>\n<p data-path-to-node=\"28,5,0\">Hoiusta puhtas ja kuivas anumas.<\/p>\n<\/li>\n<\/ol>\n<p data-path-to-node=\"30\"><i data-path-to-node=\"30\" data-index-in-node=\"0\">Pane t\u00e4hele: tootefotod on illustratiivsed. Mikroharjade, silikoonpatjade ja ripsmete koolutamise liimipulbri v\u00e4rvus v\u00f5ib s\u00f5ltuvalt laoseisust veidi erineda. <\/i><\/p>\n<p data-path-to-node=\"3\">\n","protected":false},"excerpt":{"rendered":"<h3 data-path-to-node=\"13\"><b data-path-to-node=\"13\" data-index-in-node=\"0\">Sinu komplekt sisaldab:<\/b><\/h3>\n<ul data-path-to-node=\"14\">\n<li>\n<p data-path-to-node=\"14,0,0\"><b data-path-to-node=\"14,0,0\" data-index-in-node=\"0\">Iconic Duo losjoonid (10x 1. etapi losjoone ja 10x 2. etapi losjoone):<\/b> 1 ml \u00fchekordsed kotikesed meie kreemjate emulsioonidega. Rikastatud peptiidide ja \u00f5una t\u00fcvirakkudega, et toita ripsmeid m\u00f5lema etapi v\u00e4ltel. Puudub vajadus 3. etapi j\u00e4rele!  <\/p>\n<\/li>\n<li>\n<p data-path-to-node=\"14,1,0\"><b data-path-to-node=\"14,1,0\" data-index-in-node=\"0\">Ripsmete koolutamise liimipulber (5 g):<\/b> liimivaba tehnika saladus. Sega pulber otse losjoonidesse, et luua kleepuv tekstuur, mis kinnitab ripsmed ilma t\u00e4iendava liimita. <\/p>\n<\/li>\n<li>\n<p data-path-to-node=\"14,2,0\"><b data-path-to-node=\"14,2,0\" data-index-in-node=\"0\">Korea ripsmete koolutamise lamedad silikoonpadjad (1 paar):<\/b> isekinnituvad korduvkasutatavad padjad. M\u00f5eldud 1. etapiks (koolutamine). <span class=\"s1\">  Mitte kasutada 2. etapis.<\/span><\/p>\n<\/li>\n<li>\n<p data-path-to-node=\"14,3,0\"><b data-path-to-node=\"14,3,0\" data-index-in-node=\"0\">Korduvkasutatavad silikoonpadjad (5 paari):<\/b> mitmek\u00fclgne valik isekinnituvaid patju, mis sobivad ideaalselt iga silmakuju ja ripsmepikkusega. Suurused: <span class=\"s2\"><b>XS, S, M, L, XL<\/b><\/span> \u2013 \u00fcks paar igat suurust. <\/p>\n<\/li>\n<li>\n<p data-path-to-node=\"14,4,0\"><b data-path-to-node=\"14,4,0\" data-index-in-node=\"0\">Mikroharjad (50 tk):<\/b> \u00fchekordsed t\u00e4pse otsaga harjad losjooni puhtaks ja t\u00e4pseks pealekandmiseks.<\/p>\n<\/li>\n<li>\n<p data-path-to-node=\"14,5,0\"><b data-path-to-node=\"14,5,0\" data-index-in-node=\"0\">Premium kosmeetikakott:<\/b> stiilne ja vastupidav kott, et hoida oma komplekt organiseerituna ja reisimiseks valmis.<\/p>\n<\/li>\n<\/ul>\n","protected":false},"featured_media":40834,"comment_status":"closed","ping_status":"closed","template":"","meta":{"inline_featured_image":false,"_kad_blocks_custom_css":"","_kad_blocks_head_custom_js":"","_kad_blocks_body_custom_js":"","_kad_blocks_footer_custom_js":"","_kadence_starter_templates_imported_post":false,"wds_primary_product_brand":0,"wds_primary_product_cat":0},"product_brand":[],"product_cat":[1330],"product_tag":[1346],"class_list":{"0":"post-40835","1":"product","2":"type-product","3":"status-publish","4":"has-post-thumbnail","6":"product_cat-lash-lifti-komplekt","7":"product_tag-featured-et","9":"first","10":"instock","11":"sale","12":"taxable","13":"shipping-taxable","14":"purchasable","15":"product-type-simple"},"taxonomy_info":{"product_cat":[{"value":1330,"label":"Lash lifti komplekt"}],"product_tag":[{"value":1346,"label":"featured"}]},"featured_image_src_large":["https:\/\/lamisuperbooster.com\/wp-content\/uploads\/2026\/03\/Korean-lash-lift-kit-medium.jpg",1000,1000,false],"author_info":[],"comment_info":0,"_links":{"self":[{"href":"https:\/\/lamisuperbooster.com\/et\/wp-json\/wp\/v2\/product\/40835","targetHints":{"allow":["GET"]}}],"collection":[{"href":"https:\/\/lamisuperbooster.com\/et\/wp-json\/wp\/v2\/product"}],"about":[{"href":"https:\/\/lamisuperbooster.com\/et\/wp-json\/wp\/v2\/types\/product"}],"replies":[{"embeddable":true,"href":"https:\/\/lamisuperbooster.com\/et\/wp-json\/wp\/v2\/comments?post=40835"}],"wp:featuredmedia":[{"embeddable":true,"href":"https:\/\/lamisuperbooster.com\/et\/wp-json\/wp\/v2\/media\/40834"}],"wp:attachment":[{"href":"https:\/\/lamisuperbooster.com\/et\/wp-json\/wp\/v2\/media?parent=40835"}],"wp:term":[{"taxonomy":"product_brand","embeddable":true,"href":"https:\/\/lamisuperbooster.com\/et\/wp-json\/wp\/v2\/product_brand?post=40835"},{"taxonomy":"product_cat","embeddable":true,"href":"https:\/\/lamisuperbooster.com\/et\/wp-json\/wp\/v2\/product_cat?post=40835"},{"taxonomy":"product_tag","embeddable":true,"href":"https:\/\/lamisuperbooster.com\/et\/wp-json\/wp\/v2\/product_tag?post=40835"}],"curies":[{"name":"wp","href":"https:\/\/api.w.org\/{rel}","templated":true}]}}