{"id":40213,"date":"2026-03-13T15:55:00","date_gmt":"2026-03-13T13:55:00","guid":{"rendered":"https:\/\/lamisuperbooster.com\/product\/lamineerimiskreem-3-samm-keratiini-ja-argaania-oli-toitekompleks\/"},"modified":"2026-03-13T16:06:38","modified_gmt":"2026-03-13T14:06:38","slug":"lamineerimiskreem-3-samm-keratiini-ja-argaania-oli-toitekompleks","status":"publish","type":"product","link":"https:\/\/lamisuperbooster.com\/et\/toode\/lamineerimiskreem-3-samm-keratiini-ja-argaania-oli-toitekompleks\/","title":{"rendered":"Lamineerimiskreem (3. samm) | Keratiini ja argaania \u00f5li toitekompleks"},"content":{"rendered":"<h2 data-path-to-node=\"13\"><b data-path-to-node=\"13\" data-index-in-node=\"0\">Toitev viimistlus<\/b><\/h2>\n<p data-path-to-node=\"14\"><b data-path-to-node=\"14\" data-index-in-node=\"4\"><span class=\"citation-235\">Lami Super Booster lamineerimiskreem (3. samm)<\/span><\/b><span class=\"citation-235 citation-end-235\"> on oluline viimane etapp lash lifti v\u00f5i kulmude lamineerimise hoolduses.<\/span> Keemiline t\u00f6\u00f6tlemine ja v\u00e4rvimine v\u00f5ivad j\u00e4tta karva soomuskihid avatuks ja haavatavaks. <span class=\"citation-234 citation-end-234\">Lamineerimiskreem on s\u00fcgavniisutav ja sulgeb soomuskihid lukustades niisutuse otse karva sisse.<\/span><\/p>\n<p id=\"p-rc_d3ea087a5ec50a75-93\" data-path-to-node=\"15\">Tulemus? Ripsmed ja kulmud, mis mitte ainult ei hoia oma kaunist uut kuju, vaid n\u00e4evad ka m\u00e4rgatavalt tihedamad, tumedamad ja tervemad v\u00e4lja.  <span class=\"citation-233 citation-end-233\">T\u00e4nu nutikale \u00fchekordsele pakendile ei kaota toimeained hapnikuga kokkupuutel oma m\u00f5ju, tagades parima tulemuse ja maksimaalse s\u00e4ilivusaja esimesest tilgast viimaseni.<\/span><\/p>\n<h3 data-path-to-node=\"17\"><b data-path-to-node=\"17\" data-index-in-node=\"0\">\ud83d\udca7 S\u00fcgavuti taastav ja niisutav: peamised koostisosad<\/b><\/h3>\n<p data-path-to-node=\"18\"><span class=\"citation-232 citation-end-232\">Lamineerimiskreem on intensiivne kokteil vitamiinidest, aminohapetest ja looduslikest \u00f5lidest, mis on loodud taastama ja elustama:<\/span><\/p>\n<ul data-path-to-node=\"19\">\n<li>\n<p data-path-to-node=\"19,0,0\"><b data-path-to-node=\"19,0,0\" data-index-in-node=\"0\"><span class=\"citation-231\">H\u00fcdrol\u00fc\u00fcsitud keratiin ja siid:<\/span><\/b><span class=\"citation-231 citation-end-231\"> Taastab karva loomuliku valgustruktuuri, suurendades m\u00e4rkimisv\u00e4\u00e4rselt tugevust ja elastsust ning ennetades protseduurij\u00e4rgset murdumist.<\/span><\/p>\n<\/li>\n<li>\n<p data-path-to-node=\"19,1,0\"><b data-path-to-node=\"19,1,0\" data-index-in-node=\"0\">Argaania- ja jojoba\u00f5li:<\/b> Vedel kuld karvade terviseks. Need kerged \u00f5lid tungivad s\u00fcgavale, et pehmendada, niisutada ja lisada s\u00e4ravat, tervet l\u00e4iget. <\/p>\n<\/li>\n<li>\n<p data-path-to-node=\"19,2,0\"><b data-path-to-node=\"19,2,0\" data-index-in-node=\"0\">Riisinus\u00f5li (Ricinus Communis):<\/b> Legendaarne koostisosa, mis muudab ripsmed ja kulmud n\u00e4htavalt tihedamaks, t\u00e4idlasemaks ja tugevamaks.<\/p>\n<\/li>\n<li>\n<p data-path-to-node=\"19,3,0\"><b data-path-to-node=\"19,3,0\" data-index-in-node=\"0\"><span class=\"citation-230\">Kollageen ja pantenool (pro-vitamiin B5):<\/span><\/b><span class=\"citation-230 citation-end-230\"> T\u00e4idab karvakiud intensiivse niisutusega, muutes nad painduvaks.<\/span><\/p>\n<\/li>\n<li>\n<p data-path-to-node=\"19,4,0\"><b data-path-to-node=\"19,4,0\" data-index-in-node=\"0\">Tokofer\u00fc\u00fclatsetaat (E-vitamiin):<\/b> Pakub olulist antioks\u00fcdantset kaitset keskkonnam\u00f5jude eest.<\/p>\n<\/li>\n<\/ul>\n<h3 data-path-to-node=\"21\"><b data-path-to-node=\"21\" data-index-in-node=\"0\">\ud83d\udccb Kasutusjuhend<\/b><\/h3>\n<ol start=\"1\" data-path-to-node=\"22\">\n<li>\n<p data-path-to-node=\"22,0,0\">L\u00f5peta ripsmete keemilise koolutamise v\u00f5i kulmude lamineerimise protseduur (sh koolutamine, fikseerimine ja v\u00e4rvimine). Veendu, et k\u00f5ik eelmised tooted ja v\u00e4rv on t\u00e4ielikult eemaldatud. <\/p>\n<\/li>\n<li>\n<p data-path-to-node=\"22,1,0\">Kanna puhta harja v\u00f5i mikroharjaga ripsmetele v\u00f5i kulmudele rikkalikult 3. sammu lamineerimiskreemi.<\/p>\n<\/li>\n<li>\n<p data-path-to-node=\"22,2,0\">Lase toitvatel koostisosadel imenduda ja m\u00f5juda <b data-path-to-node=\"22,2,0\" data-index-in-node=\"68\">5 kuni 10 minutit<\/b>.<\/p>\n<\/li>\n<li>\n<p data-path-to-node=\"22,3,0\">Kui aeg on t\u00e4is, eemalda kreem ettevaatlikult kuiva vatitiku v\u00f5i vatipadjaga.<\/p>\n<\/li>\n<\/ol>\n<p data-path-to-node=\"23\"><i data-path-to-node=\"23\" data-index-in-node=\"0\">(Loputamine veega ei ole vajalik. Kreemi mikroskoopiline kiht toimib kliendi ripsmete\/kulmude kaitsekihina).<\/i><\/p>\n","protected":false},"excerpt":{"rendered":"<ul>\n<li data-path-to-node=\"9\">10 pakikest (1,5 ml)<\/li>\n<\/ul>\n<p data-path-to-node=\"9\">Paku oma ripsme- ja kulmuhooldustele \u00fclimat luksuslikku viimistlust <b data-path-to-node=\"9\" data-index-in-node=\"78\">Lami Super Booster lamineerimiskreemiga (3. samm)<\/b>. <span class=\"citation-238 citation-end-238\">P\u00e4rast koolutamist, fikseerimist ja v\u00e4rvimist peale kantav v\u00f5imas toitev hooldus suleb karva soomuskihid ja lukustab vajaliku niiskuse.<\/span><\/p>\n<p id=\"p-rc_d3ea087a5ec50a75-91\" data-path-to-node=\"10\"><span class=\"citation-237\">Kreem sisaldab <\/span><span class=\"citation-237\"><b data-path-to-node=\"10\" data-index-in-node=\"12\">keratiini, siidi, argaania\u00f5li ja jojoba\u00f5li<\/b> ning <\/span><span class=\"citation-237 citation-end-237\">muudab ripsmed ja kulmud koheselt n\u00e4htavalt tumedamaks, t\u00e4idlasemaks ja uskumatult l\u00e4ikivaks.<\/span> <span class=\"citation-236 citation-end-236\">Pakendatud h\u00fcgieenilistesse \u00fchekordsetesse pakikestesse, et tagada 100% keemiline stabiilsus ja maksimaalne s\u00e4ilivusaeg igaks hoolduseks.<\/span><\/p>\n","protected":false},"featured_media":40210,"comment_status":"closed","ping_status":"closed","template":"","meta":{"inline_featured_image":false,"_kad_blocks_custom_css":"","_kad_blocks_head_custom_js":"","_kad_blocks_body_custom_js":"","_kad_blocks_footer_custom_js":"","_kadence_starter_templates_imported_post":false,"wds_primary_product_brand":0,"wds_primary_product_cat":0},"product_brand":[1492],"product_cat":[1360,1498,1495,1322,1323,1327,1331],"product_tag":[],"class_list":{"0":"post-40213","1":"product","2":"type-product","3":"status-publish","4":"has-post-thumbnail","6":"product_brand-lami-super-booster","7":"product_cat-kasuta-kodus","8":"product_cat-klassikaline-lash-lift","9":"product_cat-korea-lash-lift","10":"product_cat-kulmude-lamineerimine","11":"product_cat-kulmude-lamineerimise-emulsioonid","12":"product_cat-lash-lift-et","13":"product_cat-lash-lifti-emulsioonid","15":"first","16":"instock","17":"taxable","18":"shipping-taxable","19":"purchasable","20":"product-type-simple"},"taxonomy_info":{"product_brand":[{"value":1492,"label":"Lami Super Booster"}],"product_cat":[{"value":1360,"label":"Kasuta kodus"},{"value":1498,"label":"Klassikaline Lash Lift"},{"value":1495,"label":"Korea lash lift"},{"value":1322,"label":"Kulmude lamineerimine"},{"value":1323,"label":"Kulmude lamineerimise losjoonid"},{"value":1327,"label":"Lash lift"},{"value":1331,"label":"Lash lifti losjoonid"}]},"featured_image_src_large":["https:\/\/lamisuperbooster.com\/wp-content\/uploads\/2026\/03\/Lami-Super-Booster-Lamination-Cream-1.5ml-box-and-sachets.jpg",1000,1000,false],"author_info":[],"comment_info":0,"_links":{"self":[{"href":"https:\/\/lamisuperbooster.com\/et\/wp-json\/wp\/v2\/product\/40213","targetHints":{"allow":["GET"]}}],"collection":[{"href":"https:\/\/lamisuperbooster.com\/et\/wp-json\/wp\/v2\/product"}],"about":[{"href":"https:\/\/lamisuperbooster.com\/et\/wp-json\/wp\/v2\/types\/product"}],"replies":[{"embeddable":true,"href":"https:\/\/lamisuperbooster.com\/et\/wp-json\/wp\/v2\/comments?post=40213"}],"wp:featuredmedia":[{"embeddable":true,"href":"https:\/\/lamisuperbooster.com\/et\/wp-json\/wp\/v2\/media\/40210"}],"wp:attachment":[{"href":"https:\/\/lamisuperbooster.com\/et\/wp-json\/wp\/v2\/media?parent=40213"}],"wp:term":[{"taxonomy":"product_brand","embeddable":true,"href":"https:\/\/lamisuperbooster.com\/et\/wp-json\/wp\/v2\/product_brand?post=40213"},{"taxonomy":"product_cat","embeddable":true,"href":"https:\/\/lamisuperbooster.com\/et\/wp-json\/wp\/v2\/product_cat?post=40213"},{"taxonomy":"product_tag","embeddable":true,"href":"https:\/\/lamisuperbooster.com\/et\/wp-json\/wp\/v2\/product_tag?post=40213"}],"curies":[{"name":"wp","href":"https:\/\/api.w.org\/{rel}","templated":true}]}}