{"id":40193,"date":"2026-03-13T14:43:50","date_gmt":"2026-03-13T12:43:50","guid":{"rendered":"https:\/\/lamisuperbooster.com\/product\/koolutusemulsioon-1-etapp-aaloega-10-pakikest\/"},"modified":"2026-03-13T14:57:55","modified_gmt":"2026-03-13T12:57:55","slug":"koolutusemulsioon-1-etapp-aaloega-10-pakikest","status":"publish","type":"product","link":"https:\/\/lamisuperbooster.com\/et\/toode\/koolutusemulsioon-1-etapp-aaloega-10-pakikest\/","title":{"rendered":"Koolutusemulsioon (1. etapp) aaloega | 10 pakikest"},"content":{"rendered":"<h2 data-path-to-node=\"14\"><b data-path-to-node=\"14\" data-index-in-node=\"0\">Usaldusv\u00e4\u00e4rne koolutus ja rahustav hooldus<\/b><\/h2>\n<p data-path-to-node=\"15\"><b data-path-to-node=\"15\" data-index-in-node=\"4\">Lami Super Booster koolutusemulsioon aaloega (1. etapp)<\/b> on asendamatu toode igale professionaalile, kes teostab klassikalist lash lifti ja kulmude lamineerimist. See emulsioon on loodud ripsmete ja kulmude disulfiidsidemete t\u00f5husaks l\u00f5hustamiseks, et neid saaks \u00fcmber kujundada, tagades tugeva ja kindla koolutuse. <\/p>\n<p data-path-to-node=\"16\">Kuna ripsmete ja kulmude tervis on meie prioriteet, on 1. etapi emulsioon rikastatud looduslike hooldusainetega, mis pehmendavad keemilist protsessi, j\u00e4ttes karvad pehmeks ja valmis fikseerimiseks. 1,5 ml kotikesed tagavad, et kasutad vaid vajaliku koguse, v\u00e4hendades raiskamist ja garanteerides losjoonide maksimaalse t\u00f5hususe. <\/p>\n<h3 data-path-to-node=\"18\"><b data-path-to-node=\"18\" data-index-in-node=\"0\">\ud83c\udf3f Aaloe eelised<\/b><\/h3>\n<p data-path-to-node=\"19\">Oleme selle koolutusemulsiooni loonud nii, et see oleks nii t\u00f5hus kui kaitsev:<\/p>\n<ul data-path-to-node=\"20\">\n<li>\n<p data-path-to-node=\"20,0,0\"><b data-path-to-node=\"20,0,0\" data-index-in-node=\"0\">Aaloe lehe mahl:<\/b> Toimib loodusliku rahustajana. See niisutab ja rahustab karvu ning nahka, v\u00e4hendades \u00e4rrituse ja \u00fclekuivatamise ohtu keemilise koolutamise ajal. <\/p>\n<\/li>\n<li>\n<p data-path-to-node=\"20,1,0\"><b data-path-to-node=\"20,1,0\" data-index-in-node=\"0\">T\u00e4iustatud tiogl\u00fckolaadi segu:<\/b> V\u00e4ga t\u00f5hus klassikaline koolutuskompleks, mis pehmendab ripsme- ja kulmukarvade struktuuri stabiilselt, tagades kauap\u00fcsivad tulemused.<\/p>\n<\/li>\n<li>\n<p data-path-to-node=\"20,2,0\"><b data-path-to-node=\"20,2,0\" data-index-in-node=\"0\">Tsetear\u00fc\u00fclalkohol:<\/b> Rasvalkohol, mis toimib pehmendajana, lukustades niiskuse ripsmetesse ja kulmudesse, muutes nad pehmeks ja paindlikuks.<\/p>\n<\/li>\n<\/ul>\n<h3 data-path-to-node=\"22\"><b data-path-to-node=\"22\" data-index-in-node=\"0\">\ud83d\udccb Professionaalsed kasutusjuhised<\/b><\/h3>\n<h4 data-path-to-node=\"23\"><b data-path-to-node=\"23\" data-index-in-node=\"0\">Ripsmetele:<\/b><\/h4>\n<ol start=\"1\" data-path-to-node=\"24\">\n<li>\n<p data-path-to-node=\"24,0,0\">Kleebi ripsmed Lash Lifti silikoonpadjale.<\/p>\n<\/li>\n<li>\n<p data-path-to-node=\"24,1,0\">Kasuta \u00fchekordset harja ja kanna Lami Super Booster koolutusemulsioon \u00fchtlaselt peale.<\/p>\n<\/li>\n<li>\n<p data-path-to-node=\"24,2,0\">Alusta silma v\u00e4lisnurgast ja kanna emulsioon ripsmetele kuni silikoonpadja alumise servani.<\/p>\n<\/li>\n<li>\n<p data-path-to-node=\"24,3,0\"><b data-path-to-node=\"24,3,0\" data-index-in-node=\"0\">Oluline:<\/b> \u00c4ra kanna emulsiooni ripsmeotstele!<\/p>\n<\/li>\n<li>\n<p data-path-to-node=\"24,4,0\">P\u00e4rast m\u00f5juaja l\u00f5ppu eemalda emulsioon p\u00f5hjalikult kuiva vatitikuga.<\/p>\n<\/li>\n<\/ol>\n<h4 data-path-to-node=\"25\"><b data-path-to-node=\"25\" data-index-in-node=\"0\">Kulmudele (lamineerimine):<\/b><\/h4>\n<ol start=\"1\" data-path-to-node=\"26\">\n<li>\n<p data-path-to-node=\"26,0,0\">Kanna emulsioon \u00fchtlaselt kulmukarvadele, harjates need soovitud suunda.<\/p>\n<\/li>\n<li>\n<p data-path-to-node=\"26,1,0\">Kui m\u00f5juaeg on l\u00e4bi, eemalda kogu toode ettevaatlikult kuiva vatitikuga.<\/p>\n<\/li>\n<\/ol>\n<h3 data-path-to-node=\"28\"><b data-path-to-node=\"28\" data-index-in-node=\"0\">\u23f1\ufe0f M\u00f5juajad<\/b><\/h3>\n<p data-path-to-node=\"29\"><i data-path-to-node=\"36\" data-index-in-node=\"0\">(J\u00e4lgi alati ripsmeid ja kulme t\u00e4helepanelikult ning kontrolli valmidust \u2013 m\u00f5juajad on vaid soovituslikud ja v\u00f5ivad klienditi erineda)<\/i><\/p>\n<table data-path-to-node=\"30\">\n<thead>\n<tr>\n<td><strong>Karva t\u00fc\u00fcp<\/strong><\/td>\n<td><strong>Ripsmed<\/strong><\/td>\n<td><strong>Kulmud<\/strong><\/td>\n<\/tr>\n<\/thead>\n<tbody>\n<tr>\n<td><span data-path-to-node=\"30,1,0,0\"><b data-path-to-node=\"30,1,0,0\" data-index-in-node=\"0\">\u00d5hukesed ripsmed\/kulmud<\/b><\/span><\/td>\n<td><span data-path-to-node=\"30,1,1,0\">~7\u20138 minutit<\/span><\/td>\n<td><span data-path-to-node=\"30,1,2,0\">~7\u20138 minutit<\/span><\/td>\n<\/tr>\n<tr>\n<td><span data-path-to-node=\"30,2,0,0\"><b data-path-to-node=\"30,2,0,0\" data-index-in-node=\"0\">Keskmised\/paksud ripsmed ja kulmud<\/b><\/span><\/td>\n<td><span data-path-to-node=\"30,2,1,0\">10 minutit<\/span><\/td>\n<td><span data-path-to-node=\"30,2,2,0\">10 minutit<\/span><\/td>\n<\/tr>\n<tr>\n<td><span data-path-to-node=\"30,3,0,0\"><b data-path-to-node=\"30,3,0,0\" data-index-in-node=\"0\">V\u00e4ga paksud ripsmed ja kulmud<\/b><\/span><\/td>\n<td><span data-path-to-node=\"30,3,1,0\">12 minutit<\/span><\/td>\n<td><span data-path-to-node=\"30,3,2,0\">12 minutit<\/span><\/td>\n<\/tr>\n<\/tbody>\n<\/table>\n<p>&nbsp;<\/p>\n","protected":false},"excerpt":{"rendered":"<p data-path-to-node=\"10\">Saavuta vapustavad tulemused <b data-path-to-node=\"10\" data-index-in-node=\"44\">Lami Super Booster koolutusemulsiooniga (1. etapp)<\/b>. See klassikaliseks ripsmete ja kulmude lamineerimiseks loodud emulsioon on rikastatud rahustava <strong>aaloega<\/strong>, et kaitsta karvu keemilise protsessi ajal. <\/p>\n<p data-path-to-node=\"11\">Pakendatud <b data-path-to-node=\"11\" data-index-in-node=\"12\">10 mugavasse 1,5 ml pakikesse<\/b>, et tagada maksimaalne h\u00fcgieen ja toote v\u00e4rskus. See emulsioon pakub ennustatavat ja kauap\u00fcsivat koolutust, kahjustamata ripsmete v\u00f5i kulmude tervist.<\/p>\n","protected":false},"featured_media":40190,"comment_status":"closed","ping_status":"closed","template":"","meta":{"inline_featured_image":false,"_kad_blocks_custom_css":"","_kad_blocks_head_custom_js":"","_kad_blocks_body_custom_js":"","_kad_blocks_footer_custom_js":"","_kadence_starter_templates_imported_post":false,"wds_primary_product_brand":0,"wds_primary_product_cat":0},"product_brand":[1492],"product_cat":[1498,1322,1323,1327,1331],"product_tag":[],"class_list":{"0":"post-40193","1":"product","2":"type-product","3":"status-publish","4":"has-post-thumbnail","6":"product_brand-lami-super-booster","7":"product_cat-klassikaline-lash-lift","8":"product_cat-kulmude-lamineerimine","9":"product_cat-kulmude-lamineerimise-emulsioonid","10":"product_cat-lash-lift-et","11":"product_cat-lash-lifti-emulsioonid","13":"first","14":"instock","15":"taxable","16":"shipping-taxable","17":"purchasable","18":"product-type-simple"},"taxonomy_info":{"product_brand":[{"value":1492,"label":"Lami Super Booster"}],"product_cat":[{"value":1498,"label":"Klassikaline Lash Lift"},{"value":1322,"label":"Kulmude lamineerimine"},{"value":1323,"label":"Kulmude lamineerimise losjoonid"},{"value":1327,"label":"Lash lift"},{"value":1331,"label":"Lash lifti losjoonid"}]},"featured_image_src_large":["https:\/\/lamisuperbooster.com\/wp-content\/uploads\/2026\/03\/Lami-Super-Booster-Perming-lotion-with-aloe-box-and-sachets.jpg",1000,1000,false],"author_info":[],"comment_info":0,"_links":{"self":[{"href":"https:\/\/lamisuperbooster.com\/et\/wp-json\/wp\/v2\/product\/40193","targetHints":{"allow":["GET"]}}],"collection":[{"href":"https:\/\/lamisuperbooster.com\/et\/wp-json\/wp\/v2\/product"}],"about":[{"href":"https:\/\/lamisuperbooster.com\/et\/wp-json\/wp\/v2\/types\/product"}],"replies":[{"embeddable":true,"href":"https:\/\/lamisuperbooster.com\/et\/wp-json\/wp\/v2\/comments?post=40193"}],"wp:featuredmedia":[{"embeddable":true,"href":"https:\/\/lamisuperbooster.com\/et\/wp-json\/wp\/v2\/media\/40190"}],"wp:attachment":[{"href":"https:\/\/lamisuperbooster.com\/et\/wp-json\/wp\/v2\/media?parent=40193"}],"wp:term":[{"taxonomy":"product_brand","embeddable":true,"href":"https:\/\/lamisuperbooster.com\/et\/wp-json\/wp\/v2\/product_brand?post=40193"},{"taxonomy":"product_cat","embeddable":true,"href":"https:\/\/lamisuperbooster.com\/et\/wp-json\/wp\/v2\/product_cat?post=40193"},{"taxonomy":"product_tag","embeddable":true,"href":"https:\/\/lamisuperbooster.com\/et\/wp-json\/wp\/v2\/product_tag?post=40193"}],"curies":[{"name":"wp","href":"https:\/\/api.w.org\/{rel}","templated":true}]}}