{"id":40183,"date":"2026-03-13T13:43:37","date_gmt":"2026-03-13T11:43:37","guid":{"rendered":"https:\/\/lamisuperbooster.com\/product\/korea-lash-lifti-ja-kulmude-lamineerimise-minikomplekt\/"},"modified":"2026-03-13T14:15:12","modified_gmt":"2026-03-13T12:15:12","slug":"korea-lash-lifti-ja-kulmude-lamineerimise-minikomplekt","status":"publish","type":"product","link":"https:\/\/lamisuperbooster.com\/et\/toode\/korea-lash-lifti-ja-kulmude-lamineerimise-minikomplekt\/","title":{"rendered":"Korea lash lifti ja kulmude lamineerimise minikomplekt"},"content":{"rendered":"<p><b data-path-to-node=\"18\" data-index-in-node=\"4\">Korea lash lifti minikomplekt<\/b> on sinu parim abiline Korea, h\u00fcbriid-, Asian ja liimivabade lash liftide ning veatute kulmude lamineerimiste jaoks. <span class=\"citation-198\">Oleme kombineerinud toitva ts\u00fcsteamiin-HCl-p\u00f5hise <\/span><i data-path-to-node=\"18\" data-index-in-node=\"177\"><span class=\"citation-198\">Iconic Duo 2-astmelise s\u00fcsteemi<\/span><\/i><span class=\"citation-198\"> innovaatilise <\/span><i data-path-to-node=\"18\" data-index-in-node=\"222\"><span class=\"citation-198\">Lash Lift Glue Powder<\/span><\/i><span class=\"citation-198 citation-end-198\"> pulbriga, et anda professionaalidele t\u00e4ieliku kontrolli losjoonide tekstuuri, m\u00f5juaegade ning ripsmete ja kulmude tervise \u00fcle.<\/span><\/p>\n<h3 data-path-to-node=\"20\"><b data-path-to-node=\"20\" data-index-in-node=\"0\">Komplekt sisaldab:<\/b><\/h3>\n<h4 data-path-to-node=\"21\"><b data-path-to-node=\"21\" data-index-in-node=\"0\">1. Iconic Duo: 2-etapiline Korea lash lifti ja kulmude lamineerimise s\u00fcsteem <\/b><\/h4>\n<p data-path-to-node=\"22\"><span class=\"citation-197 citation-end-197\">Korea lash lifti tehnika jaoks v\u00e4lja t\u00f6\u00f6tatud veganis\u00f5bralikud kreemjad losjoonid v\u00f5imaldavad puhast ja sihip\u00e4rast pealekandmist.<\/span><\/p>\n<ul data-path-to-node=\"23\">\n<li>\n<p data-path-to-node=\"23,0,0\"><b data-path-to-node=\"23,0,0\" data-index-in-node=\"0\">Integreeritud hooldus:<\/b> Nii koolutav (Lifting) kui ka fikseeriv (Fixing) losjoon on t\u00e4is hooldavaid koostisaineid. Eraldi toitvat losjooni pole enam vaja. See s\u00e4\u00e4stab v\u00e4\u00e4rtuslikku aega, tegemata j\u00e4releandmisi tulemustes.  <\/p>\n<\/li>\n<li>\n<p data-path-to-node=\"23,1,0\"><b data-path-to-node=\"23,1,0\" data-index-in-node=\"0\">Terved, niisutatud ja koolutatud ripsmed ja kulmud.<\/b><\/p>\n<\/li>\n<\/ul>\n<h4 data-path-to-node=\"24\"><b data-path-to-node=\"24\" data-index-in-node=\"0\">2. Lash Lift Glue Powder (tekstuuri kontroll ja hooldus)<\/b><\/h4>\n<p data-path-to-node=\"25\">Revolutsiooniline multifunktsionaalne pulber, mis annab sulle t\u00e4ieliku kontrolli losjoonide konsistentsi ja toimivuse \u00fcle.<\/p>\n<ul data-path-to-node=\"26\">\n<li>\n<p data-path-to-node=\"26,0,0\"><b data-path-to-node=\"26,0,0\" data-index-in-node=\"0\"><span class=\"citation-196\">Liimivaba lash lift:<\/span><\/b><span class=\"citation-196\"> Sega <\/span><b data-path-to-node=\"26,0,0\" data-index-in-node=\"20\"><span class=\"citation-196\">30\u201350%<\/span><\/b><span class=\"citation-196 citation-end-196\"> pulbrit koolutuslosjooni Asian, h\u00fcbriid ja Korea tehnikate jaoks.<\/span> Ripsmed kinnituvad silikoonpadjale liimita.<\/p>\n<\/li>\n<li>\n<p data-path-to-node=\"26,1,0\"><b data-path-to-node=\"26,1,0\" data-index-in-node=\"0\">Fikseerimise kontroll:<\/b> Lisa <b data-path-to-node=\"26,1,0\" data-index-in-node=\"21\">~30%<\/b> oma fikseerivale losjoonile, et tagada parem p\u00fcsivus fikseerimisetapis.<\/p>\n<\/li>\n<\/ul>\n<p data-path-to-node=\"26,2,0\"><b data-path-to-node=\"26,2,0\" data-index-in-node=\"0\">Losjoonide paksendamine:<\/b><span class=\"citation-195\"> Kasuta <\/span><b data-path-to-node=\"26,2,0\" data-index-in-node=\"22\"><span class=\"citation-195\">~20%<\/span><\/b><span class=\"citation-195 citation-end-195\"> pulbrit vedelate losjoonide paksendamiseks, peatades koheselt toote valgumise ja libisemise.<\/span><\/p>\n<h3 data-path-to-node=\"26,2,0\">Hoolda ripsmeid ja kulme koolutamise ajal: peamised toimeained<\/h3>\n<p data-path-to-node=\"29\">Nii Iconic Duo kui ka Lash Lift Glue Powder on t\u00e4is hooldavaid aineid, mis toetavad ripsme- ja kulmukarva struktuuri kogu keemilise protsessi v\u00e4ltel, kuid m\u00f5lemal on oma unikaalsed eelised:<\/p>\n<p data-path-to-node=\"30\"><b data-path-to-node=\"30\" data-index-in-node=\"0\">Iconic Duo koostises (1. ja 2. samm):<\/b><\/p>\n<ul data-path-to-node=\"31\">\n<li>\n<p data-path-to-node=\"31,0,0\"><b data-path-to-node=\"31,0,0\" data-index-in-node=\"0\">\ud83e\ude84 Kastoor\u00f5li:<\/b> Toidab s\u00fcgavuti ja hooldab, muutes ripsmed ja kulmud tugevamaks ning l\u00e4ikivamaks.<\/p>\n<\/li>\n<li>\n<p data-path-to-node=\"31,1,0\"><b data-path-to-node=\"31,1,0\" data-index-in-node=\"0\">\ud83e\uddec Peptiidid (Biotinoyl Tripeptide-1):<\/b> Aitavad v\u00e4hendada karvade murdumist ning toetavad tihedamat ja paksemat kasvu.<\/p>\n<\/li>\n<li>\n<p data-path-to-node=\"31,2,0\"><b data-path-to-node=\"31,2,0\" data-index-in-node=\"0\">\ud83c\udf4f \u00d5una t\u00fcvirakud:<\/b> Kaitsevad ja elustavad karvan\u00e4\u00e4pse tervislikuma ja kauakestvama tulemuse saavutamiseks.<\/p>\n<\/li>\n<li>\n<p data-path-to-node=\"31,3,0\"><b data-path-to-node=\"31,3,0\" data-index-in-node=\"0\">\ud83d\udca7 Gl\u00fctseriin:<\/b> T\u00f5stab niiskustaset, j\u00e4ttes karvad niisutatuks ja paindlikumaks, nii et saad eraldi toitva sammu vahele j\u00e4tta.<\/p>\n<\/li>\n<\/ul>\n<p data-path-to-node=\"32\"><b data-path-to-node=\"32\" data-index-in-node=\"0\">Lash Lift Glue Powder koostises:<\/b><\/p>\n<ul data-path-to-node=\"33\">\n<li>\n<p data-path-to-node=\"33,0,0\"><b data-path-to-node=\"33,0,0\" data-index-in-node=\"0\">\ud83e\uddea Biotinoyl Tripeptide-1:<\/b> Annab lisat\u00f5uke tihedama v\u00e4limusega ja vastupidavamate ripsmete saavutamiseks.<\/p>\n<\/li>\n<li>\n<p data-path-to-node=\"33,1,0\"><b data-path-to-node=\"33,1,0\" data-index-in-node=\"0\">\ud83d\udca7 Pantenool (pro-vitamiin B5):<\/b> Niisutab intensiivselt ja muudab karvakiud pehmemaks.<\/p>\n<\/li>\n<li>\n<p data-path-to-node=\"33,2,0\"><b data-path-to-node=\"33,2,0\" data-index-in-node=\"0\">\ud83c\udf3f Magusmandli\u00f5li (Prunus Amygdalus Dulcis):<\/b> Rikas rasvhapete poolest, et hooldada ja kaitsta karvu koolutamise ajal.<\/p>\n<\/li>\n<li>\n<p data-path-to-node=\"33,3,0\"><b data-path-to-node=\"33,3,0\" data-index-in-node=\"0\">\ud83c\udf31 Jojoobi\u00f5li (Simmondsia Chinensis):<\/b> Tasakaalustab ja tugevdab ripsmete struktuuri, et v\u00e4hendada murdumist.<\/p>\n<\/li>\n<li>\n<p data-path-to-node=\"33,4,0\"><b data-path-to-node=\"33,4,0\" data-index-in-node=\"0\">\ud83d\udee1\ufe0f Tokofer\u00fc\u00fclatsetaat (E-vitamiin):<\/b> Pakub tugevat antioks\u00fcdantset kaitset.<\/p>\n<\/li>\n<li>\n<p data-path-to-node=\"33,5,0\"><b data-path-to-node=\"33,5,0\" data-index-in-node=\"0\">\u2728 Gl\u00fctseriin:<\/b> Lukustab niiskuse, et s\u00e4ilitada ripsmete maksimaalne paindlikkus ja pehmus.<\/p>\n<\/li>\n<\/ul>\n<h3 data-path-to-node=\"35\"><b data-path-to-node=\"35\" data-index-in-node=\"0\">\u23f1\ufe0f M\u00f5juajad (Iconic Duo)<\/b><\/h3>\n<p data-path-to-node=\"36\"><i data-path-to-node=\"36\" data-index-in-node=\"0\">(J\u00e4lgi alati ripsmeid ja kulme t\u00e4helepanelikult ning testi nende valmidust \u2013 m\u00f5juajad on vaid soovituslikud ja v\u00f5ivad klienditi erineda)<\/i><\/p>\n<table data-path-to-node=\"37\">\n<thead>\n<tr>\n<td><strong>Karva t\u00fc\u00fcp<\/strong><\/td>\n<td><strong>1. samm (Lifting Lotion)<\/strong><\/td>\n<td><strong>2. samm (Fixing Lotion)<\/strong><\/td>\n<\/tr>\n<\/thead>\n<tbody>\n<tr>\n<td><span data-path-to-node=\"37,1,0,0\"><b data-path-to-node=\"37,1,0,0\" data-index-in-node=\"0\">\u00d5hukesed ripsmed\/kulmud<\/b><\/span><\/td>\n<td><span data-path-to-node=\"37,1,1,0\">4 minutit<\/span><\/td>\n<td><span data-path-to-node=\"37,1,2,0\">4 minutit<\/span><\/td>\n<\/tr>\n<tr>\n<td><span data-path-to-node=\"37,2,0,0\"><b data-path-to-node=\"37,2,0,0\" data-index-in-node=\"0\">Keskmised ripsmed\/kulmud<\/b><\/span><\/td>\n<td><span data-path-to-node=\"37,2,1,0\">6\u20137 minutit<\/span><\/td>\n<td><span data-path-to-node=\"37,2,2,0\">6\u20137 minutit<\/span><\/td>\n<\/tr>\n<tr>\n<td><span data-path-to-node=\"37,3,0,0\"><b data-path-to-node=\"37,3,0,0\" data-index-in-node=\"0\">Tugevad ripsmed\/kulmud<\/b><\/span><\/td>\n<td><span data-path-to-node=\"37,3,1,0\">8\u201310 minutit<\/span><\/td>\n<td><span data-path-to-node=\"37,3,2,0\">8\u201310 minutit<\/span><\/td>\n<\/tr>\n<\/tbody>\n<\/table>\n<p><b data-path-to-node=\"38,0\" data-index-in-node=\"0\">Pro nipp:<\/b> Sega <i data-path-to-node=\"38,0\" data-index-in-node=\"17\">Lash Lift Glue Powder<\/i> otse <i data-path-to-node=\"38,0\" data-index-in-node=\"58\">Iconic Duo<\/i> losjoonidesse vahetult enne pealekandmist, et luua kleepuv tekstuur, mis sobib ideaalselt sinu koolutamistehnikaga.<\/p>\n","protected":false},"excerpt":{"rendered":"<p data-path-to-node=\"10\">Valda liimivaba lash lifti kunsti meie <b data-path-to-node=\"10\" data-index-in-node=\"50\">professionaalse Korea lash lifti minikomplektiga<\/b>. See kaasaegsetele ripsme- ja kulmutehnikutele loodud vegan-komplekt muudab lash lifti ja kulmude lamineerimise t\u00e4pseks, kiireks ja s\u00fcgavalt toitvaks. <\/p>\n<p data-path-to-node=\"11\"><b data-path-to-node=\"11\" data-index-in-node=\"0\">Komplektis on:<\/b><\/p>\n<ul data-path-to-node=\"12\">\n<li>\n<p data-path-to-node=\"12,0,0\"><b data-path-to-node=\"12,0,0\" data-index-in-node=\"0\">1x karp Iconic Duo <\/b>(10x 1 ml pakikest 1. sammu ja 10x 1 ml pakikest 2. sammu)<b data-path-to-node=\"12,0,0\" data-index-in-node=\"0\">:<\/b><span class=\"citation-15 citation-end-15\"> kreemjas, aega s\u00e4\u00e4stev ts\u00fcsteamiin-HCl-p\u00f5hine lash lifti ja kulmude lamineerimise s\u00fcsteem, mis on rikastatud peptiidide ja \u00f5una t\u00fcvirakkudega.<\/span><\/p>\n<\/li>\n<li>\n<p data-path-to-node=\"12,1,0\"><b data-path-to-node=\"12,1,0\" data-index-in-node=\"0\"><span class=\"citation-14\">1x Lash Lift Glue Powder <\/span><\/b><span class=\"citation-14\">(5 g)<\/span><b data-path-to-node=\"12,1,0\" data-index-in-node=\"0\"><span class=\"citation-14\">:<\/span><\/b><span class=\"citation-14 citation-end-14\"> multifunktsionaalne lisaaine, mis muudab sinu losjoonid liimiks, et saavutada veatu liimivaba Korea v\u00f5i h\u00fcbriidstiilis tulemus.<\/span><\/p>\n<\/li>\n<li><strong>1 kosmeetikakott<\/strong><\/li>\n<\/ul>\n<p data-path-to-node=\"13\">J\u00e4ta vahele eraldi toitvad sammud. See komplekt niisutab, kaitseb ja tugevdab ripsmeid keemilise t\u00f6\u00f6tlemise ajal, tagades iga kord kaunilt v\u00e4ljajoonistunud tulemuse. <\/p>\n","protected":false},"featured_media":40182,"comment_status":"closed","ping_status":"closed","template":"","meta":{"inline_featured_image":false,"_kad_blocks_custom_css":"","_kad_blocks_head_custom_js":"","_kad_blocks_body_custom_js":"","_kad_blocks_footer_custom_js":"","_kadence_starter_templates_imported_post":false,"wds_primary_product_brand":0,"wds_primary_product_cat":0},"product_brand":[],"product_cat":[1495,1322,1336,1327,1330],"product_tag":[],"class_list":{"0":"post-40183","1":"product","2":"type-product","3":"status-publish","4":"has-post-thumbnail","6":"product_cat-korea-lash-lift","7":"product_cat-kulmude-lamineerimine","8":"product_cat-kulmude-lamineerimise-komplekt","9":"product_cat-lash-lift-et","10":"product_cat-lash-lifti-komplekt","12":"first","13":"instock","14":"sale","15":"taxable","16":"shipping-taxable","17":"purchasable","18":"product-type-simple"},"taxonomy_info":{"product_cat":[{"value":1495,"label":"Korea lash lift"},{"value":1322,"label":"Kulmude lamineerimine"},{"value":1336,"label":"Kulmude lamineerimise komplekt"},{"value":1327,"label":"Lash lift"},{"value":1330,"label":"Lash lifti komplekt"}]},"featured_image_src_large":["https:\/\/lamisuperbooster.com\/wp-content\/uploads\/2026\/03\/Iconic-Duo-Korean-lash-lift-mini-kit.jpg",1000,1000,false],"author_info":[],"comment_info":0,"_links":{"self":[{"href":"https:\/\/lamisuperbooster.com\/et\/wp-json\/wp\/v2\/product\/40183","targetHints":{"allow":["GET"]}}],"collection":[{"href":"https:\/\/lamisuperbooster.com\/et\/wp-json\/wp\/v2\/product"}],"about":[{"href":"https:\/\/lamisuperbooster.com\/et\/wp-json\/wp\/v2\/types\/product"}],"replies":[{"embeddable":true,"href":"https:\/\/lamisuperbooster.com\/et\/wp-json\/wp\/v2\/comments?post=40183"}],"wp:featuredmedia":[{"embeddable":true,"href":"https:\/\/lamisuperbooster.com\/et\/wp-json\/wp\/v2\/media\/40182"}],"wp:attachment":[{"href":"https:\/\/lamisuperbooster.com\/et\/wp-json\/wp\/v2\/media?parent=40183"}],"wp:term":[{"taxonomy":"product_brand","embeddable":true,"href":"https:\/\/lamisuperbooster.com\/et\/wp-json\/wp\/v2\/product_brand?post=40183"},{"taxonomy":"product_cat","embeddable":true,"href":"https:\/\/lamisuperbooster.com\/et\/wp-json\/wp\/v2\/product_cat?post=40183"},{"taxonomy":"product_tag","embeddable":true,"href":"https:\/\/lamisuperbooster.com\/et\/wp-json\/wp\/v2\/product_tag?post=40183"}],"curies":[{"name":"wp","href":"https:\/\/api.w.org\/{rel}","templated":true}]}}