{"id":3013,"date":"2018-10-19T12:36:04","date_gmt":"2018-10-19T10:36:04","guid":{"rendered":"http:\/\/www.lashsuperbooster.com\/product\/nutrilash-6tk\/"},"modified":"2024-04-05T12:32:48","modified_gmt":"2024-04-05T10:32:48","slug":"nutrilash-ripsmeseerum-6tk","status":"publish","type":"product","link":"https:\/\/lamisuperbooster.com\/et\/toode\/nutrilash-ripsmeseerum-6tk\/","title":{"rendered":"Nutrilash ripsmeseerum, 6tk"},"content":{"rendered":"<p>Nutrilash on toitev ripsmeseerum. Ta on koostiselt v\u00e4ga sarnane Lami Super Booster ripsmete lamineerimiskreemile ning aitab ripsmete ja kulmude eest hoolitseda ka kodus, p\u00e4rast lash lifti v\u00f5i kulmude lamineerimise protseduuri v\u00f5i ripsmepikendustest pausi pidades.<\/p>\n<div role=\"main\">\n<article id=\"post-2568\">Nutrilash ripsmeseerum kaitseb, toidab, toonib ning soodustab ripsmete kasvu.<\/p>\n<ul>\n<li>Kiirendab ja tihendab ripsmete ja kulmude kasvu \u00fcle 35%<\/li>\n<li>Peale 5 n\u00e4dalast kasutamist tavap\u00e4rasest ligi 20% pikemad ja tihedamad ripsmed<\/li>\n<li>Ripsmete kasvu j\u00e4tk ka p\u00e4rast toote kasutamise l\u00f5petamist<\/li>\n<li>Kaitseb ripsmeid tolmu ning mustuse eest<\/li>\n<\/ul>\n<p>Toode on musta v\u00e4rvi ning seda v\u00f5ib kasutada igap\u00e4evaselt ripsmetu\u0161i asemel v\u00f5i enne ripsmetu\u0161i peale kandmist. Ta toonib ripsmeid \u00f5rnalt ning l\u00f5pptulemus j\u00e4\u00e4b naturaalne. Pealekandmine on sama lihtne kui ripsmetu\u0161i puhul.<\/p>\n<p>Nutrilash on suurep\u00e4rane toode klientidele edasi m\u00fc\u00fcmiseks. Ripsmeseerumi suure populaarsuse t\u00f5ttu m\u00fc\u00fcme seda ka 6 tuubiga komplektis.<\/p>\n<p>Nutrilashi koostises on:<\/p>\n<p><strong>H\u00fcdrol\u00fc\u00fcsitud keratiin <\/strong>\u2013 karva enda loomulik proteiin mis tagab kohevuse, toidab ning niisutab karva.<br \/>\n<strong>Naatriumh\u00fcaluronaat\u00a0<\/strong>\u2013 suurep\u00e4raselt niisutav toime ja aitab v\u00e4hendada niiskuskadu ripsmetest (eriti talvel kui k\u00fctteperioodil muutub siseruumide \u00f5hk v\u00e4ga kuivaks).<br \/>\n<strong>Kollageen\u00a0<\/strong>\u2013 noorendava toimega valk. Aitab s\u00e4ilitada ripsmete elastsust.<br \/>\n<strong>H\u00fcdrol\u00fc\u00fcsitud siid<\/strong>\u00a0\u2013 niisutab ja annab rispmetele l\u00e4ike.<\/p>\n<p>Nutrilash ripsmeseerum on toodetud Itaalias j\u00e4rgides k\u00f5iki Euroopa Liidu h\u00fcgieeni ja turvalisuse reegleid. Samuti on toode dermatoloogiliselt testitud.<\/p>\n<\/article>\n<\/div>\n<div class=\"jfk-bubble gtx-bubble\" style=\"visibility: visible; left: -130px; top: 241px; opacity: 1;\" role=\"alertdialog\" aria-describedby=\"bubble-6\">\n<div id=\"bubble-6\" class=\"jfk-bubble-content-id\">\n<div id=\"gtx-host\" style=\"min-width: 200px; max-width: 400px;\"><\/div>\n<\/div>\n<div class=\"jfk-bubble-closebtn-id jfk-bubble-closebtn\" tabindex=\"0\" role=\"button\" aria-label=\"Close\"><\/div>\n<div class=\"jfk-bubble-arrow-id jfk-bubble-arrow jfk-bubble-arrowdown\" style=\"left: 207.5px;\">\n<div class=\"jfk-bubble-arrowimplbefore\"><\/div>\n<div class=\"jfk-bubble-arrowimplafter\"><\/div>\n<\/div>\n<\/div>\n","protected":false},"excerpt":{"rendered":"<ul>\n<li>6 Nutrilashi tuubiga komplekt<\/li>\n<li>Ripsmekasvu soodustav seerum<\/li>\n<li>12ml tuubis<\/li>\n<li>v\u00e4rv: must<\/li>\n<\/ul>\n","protected":false},"featured_media":22626,"comment_status":"open","ping_status":"closed","template":"","meta":{"inline_featured_image":false,"_kad_blocks_custom_css":"","_kad_blocks_head_custom_js":"","_kad_blocks_body_custom_js":"","_kad_blocks_footer_custom_js":"","_kadence_starter_templates_imported_post":false,"wds_primary_product_brand":0,"wds_primary_product_cat":0},"product_brand":[],"product_cat":[1360,1327,1329,1366],"product_tag":[593,591],"class_list":{"0":"post-3013","1":"product","2":"type-product","3":"status-publish","4":"has-post-thumbnail","6":"product_cat-kasuta-kodus","7":"product_cat-lash-lift-et","8":"product_cat-lash-lifti-jarelhooldus","9":"product_cat-seerum","10":"product_tag-nutrilash-ripsmeseerum-6tk","11":"product_tag-ripsmeseerum","13":"first","14":"instock","15":"sale","16":"taxable","17":"shipping-taxable","18":"purchasable","19":"product-type-simple"},"taxonomy_info":{"product_cat":[{"value":1360,"label":"Kasuta kodus"},{"value":1327,"label":"Lash lift"},{"value":1329,"label":"Lash lifti j\u00e4relhooldus"},{"value":1366,"label":"Ripsmeseerum"}],"product_tag":[{"value":593,"label":"Nutrilash ripsmeseerum 6tk"},{"value":591,"label":"Ripsmeseerum"}]},"featured_image_src_large":["https:\/\/lamisuperbooster.com\/wp-content\/uploads\/2018\/01\/NUTRILASH_annestiil_award_ENG-1024x1024.jpg",1024,1024,true],"author_info":[],"comment_info":0,"_links":{"self":[{"href":"https:\/\/lamisuperbooster.com\/et\/wp-json\/wp\/v2\/product\/3013","targetHints":{"allow":["GET"]}}],"collection":[{"href":"https:\/\/lamisuperbooster.com\/et\/wp-json\/wp\/v2\/product"}],"about":[{"href":"https:\/\/lamisuperbooster.com\/et\/wp-json\/wp\/v2\/types\/product"}],"replies":[{"embeddable":true,"href":"https:\/\/lamisuperbooster.com\/et\/wp-json\/wp\/v2\/comments?post=3013"}],"wp:featuredmedia":[{"embeddable":true,"href":"https:\/\/lamisuperbooster.com\/et\/wp-json\/wp\/v2\/media\/22626"}],"wp:attachment":[{"href":"https:\/\/lamisuperbooster.com\/et\/wp-json\/wp\/v2\/media?parent=3013"}],"wp:term":[{"taxonomy":"product_brand","embeddable":true,"href":"https:\/\/lamisuperbooster.com\/et\/wp-json\/wp\/v2\/product_brand?post=3013"},{"taxonomy":"product_cat","embeddable":true,"href":"https:\/\/lamisuperbooster.com\/et\/wp-json\/wp\/v2\/product_cat?post=3013"},{"taxonomy":"product_tag","embeddable":true,"href":"https:\/\/lamisuperbooster.com\/et\/wp-json\/wp\/v2\/product_tag?post=3013"}],"curies":[{"name":"wp","href":"https:\/\/api.w.org\/{rel}","templated":true}]}}