{"id":2999,"date":"2018-10-18T10:45:46","date_gmt":"2018-10-18T08:45:46","guid":{"rendered":"http:\/\/www.lashsuperbooster.com\/product\/pintslid-lash-lift-ripsme\/"},"modified":"2026-02-05T18:02:11","modified_gmt":"2026-02-05T16:02:11","slug":"hekordsed-pintslid-25-tk","status":"publish","type":"product","link":"https:\/\/lamisuperbooster.com\/et\/toode\/hekordsed-pintslid-25-tk\/","title":{"rendered":"\u00dchekordsed pintslid, 25tk pakis"},"content":{"rendered":"<p><span style=\"font-weight: 400;\">\u00dchekordsed pintslid on ideaalsed ripsmete ja kulmude erinevate iluprotseduuride l\u00e4biviimiseks. <\/span><\/p>\n<p><span style=\"font-weight: 400;\">Neid kasutatakse lash lifti emulsioonide ripsmetele kandmiseks, aga ka ripsmete ja kulmude v\u00e4rvimisel. <\/span><\/p>\n<p><span style=\"font-weight: 400;\">Pintsli terav ots teeb ta kasutamise v\u00e4ga mugavaks ja t\u00e4pseks ning tagab h\u00fcgieenilise ja turvalise protseduuri. <\/span><\/p>\n","protected":false},"excerpt":{"rendered":"<ul>\n<li><strong>25 pintslit pakis<\/strong><\/li>\n<li><strong>Kasutatakse lash lifti emulsioonide ripsmetele kandmiseks, ripsmete ja kulmude v\u00e4rvimisel<\/strong><\/li>\n<li><strong>\u00dchekordseks kasutuseks<\/strong><\/li>\n<\/ul>\n<p>&nbsp;<\/p>\n<p>&nbsp;<\/p>\n<p>&nbsp;<\/p>\n","protected":false},"featured_media":4210,"comment_status":"open","ping_status":"closed","template":"","meta":{"inline_featured_image":false,"_kad_blocks_custom_css":"","_kad_blocks_head_custom_js":"","_kad_blocks_body_custom_js":"","_kad_blocks_footer_custom_js":"","_kadence_starter_templates_imported_post":false,"wds_primary_product_brand":0,"wds_primary_product_cat":0},"product_brand":[],"product_cat":[1322,1324,1325,1327,1332,1328],"product_tag":[595],"class_list":{"0":"post-2999","1":"product","2":"type-product","3":"status-publish","4":"has-post-thumbnail","6":"product_cat-kulmude-lamineerimine","7":"product_cat-kulmude-lamineerimise-tooriistad","8":"product_cat-kulmuvarv","9":"product_cat-lash-lift-et","10":"product_cat-lash-lifti-tooriistad","11":"product_cat-ripsmevarv","12":"product_tag-lash-lifti-pintslid","14":"first","15":"instock","16":"taxable","17":"shipping-taxable","18":"purchasable","19":"product-type-simple"},"taxonomy_info":{"product_cat":[{"value":1322,"label":"Kulmude lamineerimine"},{"value":1324,"label":"Kulmude lamineerimise t\u00f6\u00f6riistad"},{"value":1325,"label":"Kulmuv\u00e4rv"},{"value":1327,"label":"Lash lift"},{"value":1332,"label":"Lash lifti t\u00f6\u00f6riistad"},{"value":1328,"label":"Ripsmev\u00e4rv"}],"product_tag":[{"value":595,"label":"lash lifti pintslid"}]},"featured_image_src_large":["https:\/\/lamisuperbooster.com\/wp-content\/uploads\/2018\/10\/disposable-brushes-2.jpg",650,650,false],"author_info":[],"comment_info":0,"_links":{"self":[{"href":"https:\/\/lamisuperbooster.com\/et\/wp-json\/wp\/v2\/product\/2999","targetHints":{"allow":["GET"]}}],"collection":[{"href":"https:\/\/lamisuperbooster.com\/et\/wp-json\/wp\/v2\/product"}],"about":[{"href":"https:\/\/lamisuperbooster.com\/et\/wp-json\/wp\/v2\/types\/product"}],"replies":[{"embeddable":true,"href":"https:\/\/lamisuperbooster.com\/et\/wp-json\/wp\/v2\/comments?post=2999"}],"wp:featuredmedia":[{"embeddable":true,"href":"https:\/\/lamisuperbooster.com\/et\/wp-json\/wp\/v2\/media\/4210"}],"wp:attachment":[{"href":"https:\/\/lamisuperbooster.com\/et\/wp-json\/wp\/v2\/media?parent=2999"}],"wp:term":[{"taxonomy":"product_brand","embeddable":true,"href":"https:\/\/lamisuperbooster.com\/et\/wp-json\/wp\/v2\/product_brand?post=2999"},{"taxonomy":"product_cat","embeddable":true,"href":"https:\/\/lamisuperbooster.com\/et\/wp-json\/wp\/v2\/product_cat?post=2999"},{"taxonomy":"product_tag","embeddable":true,"href":"https:\/\/lamisuperbooster.com\/et\/wp-json\/wp\/v2\/product_tag?post=2999"}],"curies":[{"name":"wp","href":"https:\/\/api.w.org\/{rel}","templated":true}]}}