{"id":2993,"date":"2018-10-18T10:25:02","date_gmt":"2018-10-18T08:25:02","guid":{"rendered":"http:\/\/www.lashsuperbooster.com\/product\/ripsmeharjad\/"},"modified":"2024-12-02T12:52:57","modified_gmt":"2024-12-02T10:52:57","slug":"ripsmeharjad-25-tk-pakis","status":"publish","type":"product","link":"https:\/\/lamisuperbooster.com\/et\/toode\/ripsmeharjad-25-tk-pakis\/","title":{"rendered":"Ripsmeharjad, 25tk pakis"},"content":{"rendered":"<p><span style=\"font-weight: 400;\">\u00dchekordseks kasutuseks m\u00f5eldud ripsmeharjad on ideaalseks t\u00f6\u00f6riistaks professionaalsele ripsme- ja kulmutehnikule. <\/span><\/p>\n<p><span style=\"font-weight: 400;\">Ripsmeharjaga saad kliendi ripsme- ja kulmukarvu enne hooldust vormida ning eraldada.<\/span><\/p>\n<p><span style=\"font-weight: 400;\">Ripsmehari on ka suurep\u00e4raseks kingituseks kliendile, kes saab selle omale koju viia ja igap\u00e4evaselt oma ripsmete suurep\u00e4rase v\u00e4limuse s\u00e4ilitamise eest hoolitseda. <\/span><\/p>\n","protected":false},"excerpt":{"rendered":"<ul>\n<li><b>25 ripsmeharja pakis<\/b><\/li>\n<li><strong>\u00dchekordseks kasutuseks<\/strong><\/li>\n<\/ul>\n<p>&nbsp;<\/p>\n<p>&nbsp;<\/p>\n<p>&nbsp;<\/p>\n","protected":false},"featured_media":4256,"comment_status":"open","ping_status":"closed","template":"","meta":{"inline_featured_image":false,"_kad_blocks_custom_css":"","_kad_blocks_head_custom_js":"","_kad_blocks_body_custom_js":"","_kad_blocks_footer_custom_js":"","_kadence_starter_templates_imported_post":false,"wds_primary_product_brand":0,"wds_primary_product_cat":0},"product_brand":[],"product_cat":[1322,1324,1327,1332],"product_tag":[597],"class_list":{"0":"post-2993","1":"product","2":"type-product","3":"status-publish","4":"has-post-thumbnail","6":"product_cat-kulmude-lamineerimine","7":"product_cat-kulmude-lamineerimise-tooriistad","8":"product_cat-lash-lift-et","9":"product_cat-lash-lifti-tooriistad","10":"product_tag-ripsmeharjad","12":"first","13":"instock","14":"taxable","15":"shipping-taxable","16":"purchasable","17":"product-type-simple"},"taxonomy_info":{"product_cat":[{"value":1322,"label":"Kulmude lamineerimine"},{"value":1324,"label":"Kulmude lamineerimise t\u00f6\u00f6riistad"},{"value":1327,"label":"Lash lift"},{"value":1332,"label":"Lash lifti t\u00f6\u00f6riistad"}],"product_tag":[{"value":597,"label":"Ripsmeharjad"}]},"featured_image_src_large":["https:\/\/lamisuperbooster.com\/wp-content\/uploads\/2018\/10\/Mascara-Brushes-1.jpg",600,600,false],"author_info":[],"comment_info":0,"_links":{"self":[{"href":"https:\/\/lamisuperbooster.com\/et\/wp-json\/wp\/v2\/product\/2993","targetHints":{"allow":["GET"]}}],"collection":[{"href":"https:\/\/lamisuperbooster.com\/et\/wp-json\/wp\/v2\/product"}],"about":[{"href":"https:\/\/lamisuperbooster.com\/et\/wp-json\/wp\/v2\/types\/product"}],"replies":[{"embeddable":true,"href":"https:\/\/lamisuperbooster.com\/et\/wp-json\/wp\/v2\/comments?post=2993"}],"wp:featuredmedia":[{"embeddable":true,"href":"https:\/\/lamisuperbooster.com\/et\/wp-json\/wp\/v2\/media\/4256"}],"wp:attachment":[{"href":"https:\/\/lamisuperbooster.com\/et\/wp-json\/wp\/v2\/media?parent=2993"}],"wp:term":[{"taxonomy":"product_brand","embeddable":true,"href":"https:\/\/lamisuperbooster.com\/et\/wp-json\/wp\/v2\/product_brand?post=2993"},{"taxonomy":"product_cat","embeddable":true,"href":"https:\/\/lamisuperbooster.com\/et\/wp-json\/wp\/v2\/product_cat?post=2993"},{"taxonomy":"product_tag","embeddable":true,"href":"https:\/\/lamisuperbooster.com\/et\/wp-json\/wp\/v2\/product_tag?post=2993"}],"curies":[{"name":"wp","href":"https:\/\/api.w.org\/{rel}","templated":true}]}}