{"id":29196,"date":"2025-10-12T11:35:56","date_gmt":"2025-10-12T09:35:56","guid":{"rendered":"https:\/\/lamisuperbooster.com\/product\/iconic-duo-cysteamine-lash-lift-and-brow-lamination-single-use\/"},"modified":"2025-10-12T11:45:40","modified_gmt":"2025-10-12T09:45:40","slug":"iconic-duo-tsusteamiini-lash-lifti-ja-kulmude-lamineerimise-losjoonid-tootenaidised","status":"publish","type":"product","link":"https:\/\/lamisuperbooster.com\/et\/toode\/iconic-duo-tsusteamiini-lash-lifti-ja-kulmude-lamineerimise-losjoonid-tootenaidised\/","title":{"rendered":"Iconic Duo: Ts\u00fcsteamiini lash lifti &#038; kulmude lamineerimise losjoonid &#8211; tooten\u00e4idised"},"content":{"rendered":"<p class=\"p1\"><span class=\"s1\"><b>Iconic Duo<\/b><\/span>\u00a0on professionaalne\u00a0<span class=\"s1\"><b>2-etapiline lash lifti ja kulmude lamineerimise s\u00fcsteem<\/b><\/span>, mis on v\u00e4lja t\u00f6\u00f6tatud spetsiaalselt\u00a0<span class=\"s1\"><b>Korea lash lifti tehnika<\/b><\/span>\u00a0jaoks, kuid sobib ideaalselt ka kulmude lamineerimiseks.<\/p>\n<p class=\"p1\">Losjoonide\u00a0<span class=\"s1\"><b>kreemjas koostis<\/b><\/span>\u00a0v\u00f5imaldab t\u00e4pset ja puhast hooldust nii lash lifti kui kulmude lamineerimise puhul.<\/p>\n<p class=\"p1\">M\u00f5lemad losjoonid on rikastatud\u00a0<span class=\"s1\"><b>kastoor\u00f5li<\/b><\/span>,\u00a0<span class=\"s1\"><b>peptiidide<\/b><\/span>\u00a0ja\u00a0<span class=\"s1\"><b>\u00f5una t\u00fcvirakkudega.\u00a0<\/b>T\u00e4nu sellele nad toidavad ripsmeid ja kulme s\u00fcgavuti ning<\/span>\u00a0tugevdavad karvu.<\/p>\n<p class=\"p3\"><b>Puudub eraldi toitva losjooni vajadus.\u00a0<\/b>Sellega s\u00e4\u00e4stad aega ja saad sama ajaga teenindada rohkem kliente kui varem.<\/p>\n<p class=\"p3\"><span class=\"s2\">Losjoonide koostis on vegan ning<\/span><span class=\"s2\">\u00a0ripsmed ja kulmud hoiavad nende kasutamise tulemusel kaunilt vormi ning<\/span>\u00a0pakatavad tervisest.<\/p>\n<p class=\"p1\"><span class=\"s1\"><b>Tugevama nakkuvuse<\/b><\/span>\u00a0saavutamiseks kasuta liimi asemel\u00a0<span class=\"s1\"><b>Lash Lift Glue Powder<\/b><\/span>-it, et luua kleepuvam tekstuur.<\/p>\n<h3><b>\u23f1\u00a0<\/b><b>M\u00f5juaeg<\/b><\/h3>\n<p class=\"p3\"><i>(M\u00f5juajad on umbkaudsed. Testi alati karva, et veenduda kas ta on \u201cvalmis\u201d)<\/i><\/p>\n<p class=\"p4\"><b>Samm 1 \u2013 Koolutuslosjoon<\/b><\/p>\n<ul>\n<li class=\"p3\">\u00d5hukesed ripsmed\/kulmud:\u00a0<span class=\"s2\"><b>4 min<\/b><\/span><\/li>\n<li class=\"p3\">Keskmised ripsmed\/kulmud:\u00a0<span class=\"s2\"><b>6\u20137 min<\/b><\/span><\/li>\n<li class=\"p3\">Tugevad ripsmed\/kulmud:\u00a0<span class=\"s2\"><b>8\u201310 min<\/b><\/span><\/li>\n<\/ul>\n<p class=\"p4\"><b>Samm 2 \u2013 Fikseeriv losjoon<\/b><\/p>\n<ul>\n<li class=\"p3\">\u00d5hukesed ripsmed\/kulmud:\u00a0<span class=\"s2\"><b>4 min<\/b><\/span><\/li>\n<li class=\"p3\">Keskmised ripsmed\/kulmud:\u00a0<span class=\"s2\"><b>6\u20137 min<\/b><\/span><\/li>\n<li class=\"p3\">Tugevad ripsmed\/kulmud:\u00a0<span class=\"s2\"><b>8\u201310 min<\/b><\/span><\/li>\n<\/ul>\n<h3><\/h3>\n<h3><b>\u2728 Ripsme- ja kulmukarvade toitmine hoolduse ajal<\/b><\/h3>\n<p class=\"p1\"><span class=\"s1\"><b>Iconic Duo<\/b><\/span>\u00a0tugevdab ja hooldab ripsmeid ning kulme kogu hoolduse v\u00e4ltel.<\/p>\n<p class=\"p1\">\ud83e\ude84\u00a0<b>Kastoor\u00f5li<\/b><\/p>\n<p class=\"p1\">Toidab s\u00fcgavuti, tugevdab karva struktuuri ning paneb ripsmed ja kulmud l\u00e4ikima.<\/p>\n<p class=\"p4\"><span class=\"s2\">\ud83e\uddec\u00a0<\/span><b>Peptiidid\u00a0<\/b><b>(Biotinoyl Tripeptide-1)<\/b><\/p>\n<p class=\"p1\">Aitavad v\u00e4hendada murdumist ja toetavad tihedamat, tugevamat karvakasvu<\/p>\n<p class=\"p4\"><span class=\"s2\">\ud83c\udf4f\u00a0<\/span><b>\u00d5una t\u00fcvirakud<\/b><\/p>\n<p class=\"p1\">Kaitsevad ja elustavad foliikuleid, tagades tervema ja kauakestvama tulemuse.<\/p>\n<p class=\"p4\"><span class=\"s2\">\ud83d\udca7\u00a0<\/span><b>Gl\u00fctseriin<\/b><\/p>\n<p class=\"p1\">Niisutab ripsmeid ja kulme ning muudab nad elastsemaks ja paremini t\u00f6\u00f6deldavaks.<\/p>\n","protected":false},"excerpt":{"rendered":"<ul>\n<li class=\"p1\">Losjoonid\u00a0<span class=\"s1\"><b>Korean\/Asian lash lifti, liimivaba v\u00f5i h\u00fcbriid lash lifti<\/b><\/span>\u00a0ja\u00a0<strong>kulmude lamineerimise\u00a0<\/strong>jaoks<\/li>\n<li>1 kotike (1ml) koolutuslosjooni ja 1 kotike (1ml) fikseerimislosjooni<\/li>\n<li class=\"p1\"><span class=\"s1\"><b>Kolmandat losjooni pole vaja<\/b><\/span> &#8211; m\u00f5lemad losjoonid sisaldavad toitvaid toimeaineid<\/li>\n<li class=\"p1\"><span class=\"s1\"><b>Vegan<\/b><\/span>\u00a0ja \u00f5rn koostis<\/li>\n<li class=\"p1\">Kasuta liimi asemel koos\u00a0<span class=\"s1\"><a href=\"https:\/\/lamisuperbooster.com\/et\/toode\/lash-lift-glue-powder\/\"><b>Lash Lift Glue Powder<\/b><\/a>-iga<\/span><\/li>\n<\/ul>\n","protected":false},"featured_media":28732,"comment_status":"closed","ping_status":"closed","template":"","meta":{"inline_featured_image":false,"_kad_blocks_custom_css":"","_kad_blocks_head_custom_js":"","_kad_blocks_body_custom_js":"","_kad_blocks_footer_custom_js":"","_kadence_starter_templates_imported_post":false,"wds_primary_product_brand":0,"wds_primary_product_cat":0},"product_brand":[],"product_cat":[1495,1322,1323,1327,1331],"product_tag":[],"class_list":{"0":"post-29196","1":"product","2":"type-product","3":"status-publish","4":"has-post-thumbnail","6":"product_cat-korea-lash-lift","7":"product_cat-kulmude-lamineerimine","8":"product_cat-kulmude-lamineerimise-emulsioonid","9":"product_cat-lash-lift-et","10":"product_cat-lash-lifti-emulsioonid","12":"first","13":"instock","14":"featured","15":"taxable","16":"shipping-taxable","17":"purchasable","18":"product-type-simple"},"taxonomy_info":{"product_cat":[{"value":1495,"label":"Korea lash lift"},{"value":1322,"label":"Kulmude lamineerimine"},{"value":1323,"label":"Kulmude lamineerimise losjoonid"},{"value":1327,"label":"Lash lift"},{"value":1331,"label":"Lash lifti losjoonid"}]},"featured_image_src_large":["https:\/\/lamisuperbooster.com\/wp-content\/uploads\/2025\/09\/Iconic-Duo-Sachets-1024x1000.jpg",1024,1000,true],"author_info":[],"comment_info":0,"_links":{"self":[{"href":"https:\/\/lamisuperbooster.com\/et\/wp-json\/wp\/v2\/product\/29196","targetHints":{"allow":["GET"]}}],"collection":[{"href":"https:\/\/lamisuperbooster.com\/et\/wp-json\/wp\/v2\/product"}],"about":[{"href":"https:\/\/lamisuperbooster.com\/et\/wp-json\/wp\/v2\/types\/product"}],"replies":[{"embeddable":true,"href":"https:\/\/lamisuperbooster.com\/et\/wp-json\/wp\/v2\/comments?post=29196"}],"wp:featuredmedia":[{"embeddable":true,"href":"https:\/\/lamisuperbooster.com\/et\/wp-json\/wp\/v2\/media\/28732"}],"wp:attachment":[{"href":"https:\/\/lamisuperbooster.com\/et\/wp-json\/wp\/v2\/media?parent=29196"}],"wp:term":[{"taxonomy":"product_brand","embeddable":true,"href":"https:\/\/lamisuperbooster.com\/et\/wp-json\/wp\/v2\/product_brand?post=29196"},{"taxonomy":"product_cat","embeddable":true,"href":"https:\/\/lamisuperbooster.com\/et\/wp-json\/wp\/v2\/product_cat?post=29196"},{"taxonomy":"product_tag","embeddable":true,"href":"https:\/\/lamisuperbooster.com\/et\/wp-json\/wp\/v2\/product_tag?post=29196"}],"curies":[{"name":"wp","href":"https:\/\/api.w.org\/{rel}","templated":true}]}}