{"id":2865,"date":"2018-01-25T10:22:14","date_gmt":"2018-01-25T08:22:14","guid":{"rendered":"http:\/\/www.lashsuperbooster.com\/product\/nutrilash\/"},"modified":"2026-03-25T22:26:18","modified_gmt":"2026-03-25T20:26:18","slug":"nutrilash-ripsmeseerum","status":"publish","type":"product","link":"https:\/\/lamisuperbooster.com\/et\/toode\/nutrilash-ripsmeseerum\/","title":{"rendered":"Nutrilash ripsmeseerum"},"content":{"rendered":"<p>Nutrilash on toitev ripsmeseerum, mis kaitseb, toidab, toonib ning soodustab ripsmete kasvu. Teda v\u00f5ib kasutada ka kulmudel. <strong>Ei sisalda prostaglandiini<\/strong> ega selle derivaate.<\/p>\n<ul>\n<li>Kiirendab ja tihendab ripsmete ja kulmude kasvu \u00fcle 35%<\/li>\n<li>Peale 5 n\u00e4dalast kasutamist tavap\u00e4rasest ligi 20% pikemad ja tihedamad ripsmed<\/li>\n<li>Ripsmete kasvu j\u00e4tk ka p\u00e4rast toote kasutamise l\u00f5petamist<\/li>\n<\/ul>\n<div role=\"main\">\n<article id=\"post-2568\">Toode on musta v\u00e4rvi ning seda v\u00f5ib kasutada igap\u00e4evaselt ripsmetu\u0161i asemel v\u00f5i enne ripsmetu\u0161i pealekandmist.<\/article>\n<article>Nutrilashi kasutamine on v\u00e4ga lihtne! Teda v\u00f5ib peale kanda 1-2 korda p\u00e4evas nii ripsmetele kui kulmudele. Ta toonib ripsmeid\/kulmusid \u00f5rnalt ning l\u00f5pptulemus j\u00e4\u00e4b naturaalne.<\/article>\n<article>Nutrilashi koostises on:<\/p>\n<ul>\n<li><strong>H\u00fcdrol\u00fc\u00fcsitud keratiin <\/strong>\u2013 karva enda loomulik proteiin mis tagab kohevuse, toidab ning niisutab karva.<\/li>\n<li><strong>Naatriumh\u00fcaluronaat\u00a0<\/strong>\u2013 suurep\u00e4raselt niisutav toime ja aitab v\u00e4hendada niiskuskadu ripsmetest (eriti talvel kui k\u00fctteperioodil muutub siseruumide \u00f5hk v\u00e4ga kuivaks).<\/li>\n<li><strong>Kollageen\u00a0<\/strong>\u2013 noorendava toimega valk. Aitab s\u00e4ilitada ripsmete elastsust.<\/li>\n<li><strong>H\u00fcdrol\u00fc\u00fcsitud siid<\/strong>\u00a0\u2013 niisutab ja annab rispmetele l\u00e4ike.<\/li>\n<\/ul>\n<p>Nutrilash ripsmeseerum on toodetud Itaalias j\u00e4rgides k\u00f5iki Euroopa Liidu h\u00fcgieeni ja turvalisuse reegleid. Samuti on toode dermatoloogiliselt testitud (inimeste, mitte loomade peal).<\/p>\n<\/article>\n<\/div>\n<div id=\"gtx-anchor\" style=\"position: absolute; visibility: hidden; left: 115.703px; top: 317px; width: 69.2734px; height: 18px;\"><\/div>\n<div class=\"jfk-bubble gtx-bubble\" style=\"visibility: visible; left: 135px; top: 191px; opacity: 1;\" role=\"alertdialog\" aria-describedby=\"bubble-3\">\n<div id=\"bubble-3\" class=\"jfk-bubble-content-id\">\n<div id=\"gtx-host\" style=\"min-width: 200px; max-width: 400px;\"><\/div>\n<\/div>\n<div class=\"jfk-bubble-closebtn-id jfk-bubble-closebtn\" tabindex=\"0\" role=\"button\" aria-label=\"Close\"><\/div>\n<div class=\"jfk-bubble-arrow-id jfk-bubble-arrow jfk-bubble-arrowdown\" style=\"left: 140.203px;\">\n<div class=\"jfk-bubble-arrowimplbefore\"><\/div>\n<div class=\"jfk-bubble-arrowimplafter\"><\/div>\n<\/div>\n<\/div>\n","protected":false},"excerpt":{"rendered":"<ul>\n<li><strong>Ripsmekasvu soodustav seerum<\/strong><\/li>\n<li><strong>12ml<\/strong><\/li>\n<li><strong>v\u00e4rv: must<\/strong><\/li>\n<\/ul>\n","protected":false},"featured_media":22626,"comment_status":"open","ping_status":"closed","template":"","meta":{"inline_featured_image":false,"_kad_blocks_custom_css":"","_kad_blocks_head_custom_js":"","_kad_blocks_body_custom_js":"","_kad_blocks_footer_custom_js":"","_kadence_starter_templates_imported_post":false,"wds_primary_product_brand":0,"wds_primary_product_cat":0},"product_brand":[],"product_cat":[1360,1327,1329,1366],"product_tag":[1346,601,591],"class_list":{"0":"post-2865","1":"product","2":"type-product","3":"status-publish","4":"has-post-thumbnail","6":"product_cat-kasuta-kodus","7":"product_cat-lash-lift-et","8":"product_cat-lash-lifti-jarelhooldus","9":"product_cat-seerum","10":"product_tag-featured-et","11":"product_tag-nutrilash-ripsmeseerum","12":"product_tag-ripsmeseerum","14":"first","15":"instock","16":"featured","17":"taxable","18":"shipping-taxable","19":"purchasable","20":"product-type-simple"},"taxonomy_info":{"product_cat":[{"value":1360,"label":"Kasuta kodus"},{"value":1327,"label":"Lash lift"},{"value":1329,"label":"Lash lifti j\u00e4relhooldus"},{"value":1366,"label":"Ripsmeseerum"}],"product_tag":[{"value":1346,"label":"featured"},{"value":601,"label":"Nutrilash ripsmeseerum"},{"value":591,"label":"Ripsmeseerum"}]},"featured_image_src_large":["https:\/\/lamisuperbooster.com\/wp-content\/uploads\/2018\/01\/NUTRILASH_annestiil_award_ENG-1024x1024.jpg",1024,1024,true],"author_info":[],"comment_info":0,"_links":{"self":[{"href":"https:\/\/lamisuperbooster.com\/et\/wp-json\/wp\/v2\/product\/2865","targetHints":{"allow":["GET"]}}],"collection":[{"href":"https:\/\/lamisuperbooster.com\/et\/wp-json\/wp\/v2\/product"}],"about":[{"href":"https:\/\/lamisuperbooster.com\/et\/wp-json\/wp\/v2\/types\/product"}],"replies":[{"embeddable":true,"href":"https:\/\/lamisuperbooster.com\/et\/wp-json\/wp\/v2\/comments?post=2865"}],"wp:featuredmedia":[{"embeddable":true,"href":"https:\/\/lamisuperbooster.com\/et\/wp-json\/wp\/v2\/media\/22626"}],"wp:attachment":[{"href":"https:\/\/lamisuperbooster.com\/et\/wp-json\/wp\/v2\/media?parent=2865"}],"wp:term":[{"taxonomy":"product_brand","embeddable":true,"href":"https:\/\/lamisuperbooster.com\/et\/wp-json\/wp\/v2\/product_brand?post=2865"},{"taxonomy":"product_cat","embeddable":true,"href":"https:\/\/lamisuperbooster.com\/et\/wp-json\/wp\/v2\/product_cat?post=2865"},{"taxonomy":"product_tag","embeddable":true,"href":"https:\/\/lamisuperbooster.com\/et\/wp-json\/wp\/v2\/product_tag?post=2865"}],"curies":[{"name":"wp","href":"https:\/\/api.w.org\/{rel}","templated":true}]}}