{"id":2853,"date":"2018-05-02T16:51:29","date_gmt":"2018-05-02T14:51:29","guid":{"rendered":"http:\/\/www.lashsuperbooster.com\/product\/lash-lift-ripsmete-eraldamise-tooriist\/"},"modified":"2024-10-02T22:17:08","modified_gmt":"2024-10-02T20:17:08","slug":"lash-lift-ripsmete-eraldamise-tooriist","status":"publish","type":"product","link":"https:\/\/lamisuperbooster.com\/et\/toode\/lash-lift-ripsmete-eraldamise-tooriist\/","title":{"rendered":"Ripsmete eraldamise t\u00f6\u00f6riist"},"content":{"rendered":"<p><span style=\"font-weight: 400;\">Lash lifti ripsmete eraldamise t\u00f6\u00f6riist on valmistatud roostevabast kirurgilisest terasest. Selle abil saab ripsmeid v\u00e4ga lihtsalt silikoonpadjale t\u00f5sta ja eraldada. <\/span><\/p>\n<p><span style=\"font-weight: 400;\">Ripsmete eraldamise t\u00f6\u00f6riista on kerge puhastada ja desinfitseerida. See on m\u00f5eldud vaid professionaalseks kasutuseks!<\/span><\/p>\n","protected":false},"excerpt":{"rendered":"<ul>\n<li><b>Ripsmete eraldamise t\u00f6\u00f6riist lash lift protseduuri jaoks<\/b><\/li>\n<li><strong>Roostevabast terasest<\/strong><\/li>\n<\/ul>\n<p>&nbsp;<\/p>\n<p>&nbsp;<\/p>\n","protected":false},"featured_media":4260,"comment_status":"open","ping_status":"closed","template":"","meta":{"inline_featured_image":false,"_kad_blocks_custom_css":"","_kad_blocks_head_custom_js":"","_kad_blocks_body_custom_js":"","_kad_blocks_footer_custom_js":"","_kadence_starter_templates_imported_post":false,"wds_primary_product_brand":0,"wds_primary_product_cat":0},"product_brand":[],"product_cat":[1322,1324,1327,1332],"product_tag":[599],"class_list":{"0":"post-2853","1":"product","2":"type-product","3":"status-publish","4":"has-post-thumbnail","6":"product_cat-kulmude-lamineerimine","7":"product_cat-kulmude-lamineerimise-tooriistad","8":"product_cat-lash-lift-et","9":"product_cat-lash-lifti-tooriistad","10":"product_tag-ripsmete-eraldamise-tooriist","12":"first","13":"instock","14":"taxable","15":"shipping-taxable","16":"purchasable","17":"product-type-simple"},"taxonomy_info":{"product_cat":[{"value":1322,"label":"Kulmude lamineerimine"},{"value":1324,"label":"Kulmude lamineerimise t\u00f6\u00f6riistad"},{"value":1327,"label":"Lash lift"},{"value":1332,"label":"Lash lifti t\u00f6\u00f6riistad"}],"product_tag":[{"value":599,"label":"Ripsmete eraldamise t\u00f6\u00f6riist"}]},"featured_image_src_large":["https:\/\/lamisuperbooster.com\/wp-content\/uploads\/2018\/05\/Strumento_2-1.jpg",600,479,false],"author_info":[],"comment_info":0,"_links":{"self":[{"href":"https:\/\/lamisuperbooster.com\/et\/wp-json\/wp\/v2\/product\/2853","targetHints":{"allow":["GET"]}}],"collection":[{"href":"https:\/\/lamisuperbooster.com\/et\/wp-json\/wp\/v2\/product"}],"about":[{"href":"https:\/\/lamisuperbooster.com\/et\/wp-json\/wp\/v2\/types\/product"}],"replies":[{"embeddable":true,"href":"https:\/\/lamisuperbooster.com\/et\/wp-json\/wp\/v2\/comments?post=2853"}],"wp:featuredmedia":[{"embeddable":true,"href":"https:\/\/lamisuperbooster.com\/et\/wp-json\/wp\/v2\/media\/4260"}],"wp:attachment":[{"href":"https:\/\/lamisuperbooster.com\/et\/wp-json\/wp\/v2\/media?parent=2853"}],"wp:term":[{"taxonomy":"product_brand","embeddable":true,"href":"https:\/\/lamisuperbooster.com\/et\/wp-json\/wp\/v2\/product_brand?post=2853"},{"taxonomy":"product_cat","embeddable":true,"href":"https:\/\/lamisuperbooster.com\/et\/wp-json\/wp\/v2\/product_cat?post=2853"},{"taxonomy":"product_tag","embeddable":true,"href":"https:\/\/lamisuperbooster.com\/et\/wp-json\/wp\/v2\/product_tag?post=2853"}],"curies":[{"name":"wp","href":"https:\/\/api.w.org\/{rel}","templated":true}]}}