{"id":25309,"date":"2025-08-06T17:20:13","date_gmt":"2025-08-06T15:20:13","guid":{"rendered":"https:\/\/lamisuperbooster.com\/product\/fairy-bottoms-glueless-silicone-shields-for-bottom-lashes-1-pair\/"},"modified":"2025-08-22T15:44:30","modified_gmt":"2025-08-22T13:44:30","slug":"fairy-bottoms-liimivabad-silikoonpadjad-alumistele-ripsmetele-1-paar","status":"publish","type":"product","link":"https:\/\/lamisuperbooster.com\/et\/toode\/fairy-bottoms-liimivabad-silikoonpadjad-alumistele-ripsmetele-1-paar\/","title":{"rendered":"\u201cFairy Bottoms\u201d \u2013 Liimivabad silikoonpadjad alumistele ripsmetele, 1 paar"},"content":{"rendered":"<p class=\"p1\">Naudi alumiste ripsmete t\u00e4pseid lash lifte <em><span class=\"s1\"><b>Fairy Bottoms<\/b><\/span><\/em> silikoonpatjadega \u2013 <span class=\"s1\"><b>liimivabad ja taaskasutatavad ning<\/b><\/span>\u00a0loodud spetsiaalselt <span class=\"s1\"><b>alumiste ripsmete<\/b><\/span> jaoks.<\/p>\n<p class=\"p1\">Valmistatud <span class=\"s1\"><b>pehmest, nahas\u00f5bralikust silikoonist<\/b><\/span>, need silikoonpadjad p\u00fcsivad paigal ilma liimi ja teibita, muutes paigaldamise kiireks, puhtaks ja mugavaks. <span class=\"s1\"><b>L\u00e4bikumav s\u00e4delusega roosa toon<\/b><\/span>\u00a0lisab su t\u00f6\u00f6alale v\u00f5lupuudutuse, samas kui ergonoomiline kuju sobib t\u00e4pselt alumise ripsmereaga.<\/p>\n<p class=\"p1\"><b>Puhastamise ja desinfitseerimise juhised:<\/b><\/p>\n<ul>\n<li class=\"p1\">Pese kohe p\u00e4rast kasutamist sooja vee ja antibakteriaalse seebiga<\/li>\n<li class=\"p1\">Loputa hoolikalt sooja veega ja kuivata tupsutades<\/li>\n<li class=\"p1\">Desinfitseeri desinfitseerimisvahendiga (nt 70% alkohol) 10 minutit v\u00f5i kuuma\u00f5husterilisaatoris<\/li>\n<li class=\"p1\">Loputa<\/li>\n<li class=\"p1\">Lase t\u00e4ielikult \u00f5hu k\u00e4es kuivada enne hoiustamist<\/li>\n<li class=\"p1\">Hoia puhtas ja kuivas anumas<\/li>\n<\/ul>\n","protected":false},"excerpt":{"rendered":"<ul>\n<li class=\"p1\">1 paar lash lifti silikoonpatju alumistele ripsmetele<\/li>\n<li class=\"p1\">Isekinnituvad \u2013 ei vaja liimi ega teipi<\/li>\n<li class=\"p1\">Valmistatud eriti pehmest ja nahas\u00f5bralikust silikoonist<\/li>\n<li class=\"p1\">V\u00e4rv: l\u00e4bikumav s\u00e4delusega roosa<\/li>\n<li class=\"p1\">Taaskasutatavad<\/li>\n<\/ul>\n","protected":false},"featured_media":25307,"comment_status":"closed","ping_status":"closed","template":"","meta":{"inline_featured_image":false,"_kad_blocks_custom_css":"","_kad_blocks_head_custom_js":"","_kad_blocks_body_custom_js":"","_kad_blocks_footer_custom_js":"","_kadence_starter_templates_imported_post":false,"wds_primary_product_brand":0,"wds_primary_product_cat":0},"product_brand":[],"product_cat":[1327,1333],"product_tag":[],"class_list":{"0":"post-25309","1":"product","2":"type-product","3":"status-publish","4":"has-post-thumbnail","6":"product_cat-lash-lift-et","7":"product_cat-silikoonpadjad","9":"first","10":"instock","11":"taxable","12":"shipping-taxable","13":"purchasable","14":"product-type-simple"},"taxonomy_info":{"product_cat":[{"value":1327,"label":"Lash lift"},{"value":1333,"label":"Silikoonpadjad"}]},"featured_image_src_large":["https:\/\/lamisuperbooster.com\/wp-content\/uploads\/2025\/08\/LSB-glueless-silicone-shields-for-bottom-eyelashes-pink-2.jpg",1000,1000,false],"author_info":[],"comment_info":0,"_links":{"self":[{"href":"https:\/\/lamisuperbooster.com\/et\/wp-json\/wp\/v2\/product\/25309","targetHints":{"allow":["GET"]}}],"collection":[{"href":"https:\/\/lamisuperbooster.com\/et\/wp-json\/wp\/v2\/product"}],"about":[{"href":"https:\/\/lamisuperbooster.com\/et\/wp-json\/wp\/v2\/types\/product"}],"replies":[{"embeddable":true,"href":"https:\/\/lamisuperbooster.com\/et\/wp-json\/wp\/v2\/comments?post=25309"}],"wp:featuredmedia":[{"embeddable":true,"href":"https:\/\/lamisuperbooster.com\/et\/wp-json\/wp\/v2\/media\/25307"}],"wp:attachment":[{"href":"https:\/\/lamisuperbooster.com\/et\/wp-json\/wp\/v2\/media?parent=25309"}],"wp:term":[{"taxonomy":"product_brand","embeddable":true,"href":"https:\/\/lamisuperbooster.com\/et\/wp-json\/wp\/v2\/product_brand?post=25309"},{"taxonomy":"product_cat","embeddable":true,"href":"https:\/\/lamisuperbooster.com\/et\/wp-json\/wp\/v2\/product_cat?post=25309"},{"taxonomy":"product_tag","embeddable":true,"href":"https:\/\/lamisuperbooster.com\/et\/wp-json\/wp\/v2\/product_tag?post=25309"}],"curies":[{"name":"wp","href":"https:\/\/api.w.org\/{rel}","templated":true}]}}