{"id":25294,"date":"2025-08-06T16:35:17","date_gmt":"2025-08-06T14:35:17","guid":{"rendered":"https:\/\/lamisuperbooster.com\/product\/glueless-reusable-silicone-shields-frosty-5-pairs-mixed-sizes\/"},"modified":"2025-08-22T15:46:43","modified_gmt":"2025-08-22T13:46:43","slug":"isekinnituvad-korduvkasutatavad-silikoonpadjad-frosty-5-paari-eri-suurused","status":"publish","type":"product","link":"https:\/\/lamisuperbooster.com\/et\/toode\/isekinnituvad-korduvkasutatavad-silikoonpadjad-frosty-5-paari-eri-suurused\/","title":{"rendered":"Isekinnituvad korduvkasutatavad silikoonpadjad \u201cFrosty\u201d, 5 paari (eri suurused)"},"content":{"rendered":"<p class=\"p1\">Valmistatud pehmest ja nahas\u00f5bralikust silikoonist, p\u00fcsivad need kindlalt silmalaugudel kogu protseduuri v\u00e4ltel \u2013 ilma liimi v\u00f5i teibita.<\/p>\n<p class=\"p1\">Komplektis on\u00a0<span class=\"s1\"><b>5 paari silikoonpatju erinevas suuruses<\/b><\/span> \u2013 S, M, L, XL, 2XL, et sul oleks alati sobiv variant iga kliendi ja ripsmet\u00fc\u00fcbi jaoks.<\/p>\n<p class=\"p1\"><b>Olulisemad omadused:<\/b><\/p>\n<p class=\"p2\">\u2022 Liimivaba \u2013 isekinnituv disain, ei vaja liimi ega teipi<\/p>\n<p class=\"p2\">\u2022 Taaskasutatav \u2013 lihtne puhastada ja desinfitseerida<\/p>\n<p class=\"p2\">\u2022 Pehme, painduv ja nahas\u00f5bralik<\/p>\n<p class=\"p2\">\u2022 Sobib suurep\u00e4raselt lash liftiks\/ripsmete keemiliseks koolutamiseks<\/p>\n<p class=\"p1\"><b>Puhastamise ja desinfitseerimise juhised:<\/b><\/p>\n<ol>\n<li class=\"p1\">Pese kohe p\u00e4rast kasutamist sooja vee ja antibakteriaalse seebiga<\/li>\n<li class=\"p1\">Loputa hoolikalt sooja veega ja kuivata tupsutades<\/li>\n<li class=\"p1\">Desinfitseeri desinfitseerimisvahendiga (nt 70% alkohol) 10 minutit v\u00f5i kuuma\u00f5husterilisaatoris<\/li>\n<li class=\"p1\">Loputa<\/li>\n<li class=\"p1\">Lase t\u00e4ielikult \u00f5hu k\u00e4es kuivada enne hoiustamist<\/li>\n<li class=\"p1\">Hoia puhtas ja kuivas anumas<\/li>\n<\/ol>\n","protected":false},"excerpt":{"rendered":"<ul>\n<li class=\"p1\"><span class=\"s1\">5 paari\u00a0<\/span><b>taaskasutatavaid silikoonpatju<\/b><\/li>\n<li class=\"p2\">Suurused: <span class=\"s2\"><b>S, M, L, XL, 2XL <\/b><\/span>\u2013 igast suurusest \u00fcks paar<\/li>\n<li class=\"p1\"><span class=\"s1\">V\u00e4rvus:<\/span><b> s\u00e4delusega\u00a0<\/b><span class=\"s1\"><strong>h<\/strong><\/span><b>elesinine<\/b><\/li>\n<\/ul>\n","protected":false},"featured_media":25289,"comment_status":"closed","ping_status":"closed","template":"","meta":{"inline_featured_image":false,"_kad_blocks_custom_css":"","_kad_blocks_head_custom_js":"","_kad_blocks_body_custom_js":"","_kad_blocks_footer_custom_js":"","_kadence_starter_templates_imported_post":false,"wds_primary_product_brand":0,"wds_primary_product_cat":0},"product_brand":[],"product_cat":[1327,1333],"product_tag":[],"class_list":{"0":"post-25294","1":"product","2":"type-product","3":"status-publish","4":"has-post-thumbnail","6":"product_cat-lash-lift-et","7":"product_cat-silikoonpadjad","9":"first","10":"instock","11":"taxable","12":"shipping-taxable","13":"purchasable","14":"product-type-simple"},"taxonomy_info":{"product_cat":[{"value":1327,"label":"Lash lift"},{"value":1333,"label":"Silikoonpadjad"}]},"featured_image_src_large":["https:\/\/lamisuperbooster.com\/wp-content\/uploads\/2025\/08\/LSB-Glueless-Silicone-Shields-light-blue-2.jpg",1000,1000,false],"author_info":[],"comment_info":0,"_links":{"self":[{"href":"https:\/\/lamisuperbooster.com\/et\/wp-json\/wp\/v2\/product\/25294","targetHints":{"allow":["GET"]}}],"collection":[{"href":"https:\/\/lamisuperbooster.com\/et\/wp-json\/wp\/v2\/product"}],"about":[{"href":"https:\/\/lamisuperbooster.com\/et\/wp-json\/wp\/v2\/types\/product"}],"replies":[{"embeddable":true,"href":"https:\/\/lamisuperbooster.com\/et\/wp-json\/wp\/v2\/comments?post=25294"}],"wp:featuredmedia":[{"embeddable":true,"href":"https:\/\/lamisuperbooster.com\/et\/wp-json\/wp\/v2\/media\/25289"}],"wp:attachment":[{"href":"https:\/\/lamisuperbooster.com\/et\/wp-json\/wp\/v2\/media?parent=25294"}],"wp:term":[{"taxonomy":"product_brand","embeddable":true,"href":"https:\/\/lamisuperbooster.com\/et\/wp-json\/wp\/v2\/product_brand?post=25294"},{"taxonomy":"product_cat","embeddable":true,"href":"https:\/\/lamisuperbooster.com\/et\/wp-json\/wp\/v2\/product_cat?post=25294"},{"taxonomy":"product_tag","embeddable":true,"href":"https:\/\/lamisuperbooster.com\/et\/wp-json\/wp\/v2\/product_tag?post=25294"}],"curies":[{"name":"wp","href":"https:\/\/api.w.org\/{rel}","templated":true}]}}