{"id":25243,"date":"2025-08-05T18:13:39","date_gmt":"2025-08-05T16:13:39","guid":{"rendered":"https:\/\/lamisuperbooster.com\/product\/reusable-silicone-patches-slice\/"},"modified":"2026-01-14T15:36:31","modified_gmt":"2026-01-14T13:36:31","slug":"taaskasutatavad-silikoonist-kaitsepadjad-slice","status":"publish","type":"product","link":"https:\/\/lamisuperbooster.com\/et\/toode\/taaskasutatavad-silikoonist-kaitsepadjad-slice\/","title":{"rendered":"Taaskasutatavad silikoonist kaitsepadjad &#8220;Slice&#8221; &#8211; 1 paar"},"content":{"rendered":"<p>Need taaskasutatavad silikoonist kaitsepadjad on valmistatud kvaliteetsest nahas\u00f5bralikust silikoonist, kinnituvad \u00f5rnalt silmaalusele nahale ilma liimita ja p\u00fcsivad kogu hoolduse v\u00e4ltel paigal.<\/p>\n<p>Loodud professionaalidele, kes hindavad nii stiili kui ka funktsionaalsust. Need kaitsepadjad on pehmed, paindlikud, lihtsasti puhastatavad ja korduvaks kasutamiseks.<\/p>\n<p>Ideaalne lash lifti, ripsmete v\u00e4rvimise v\u00f5i mis tahes hoolduse jaoks, kus puhas silmaalune v\u00f5i alumiste ja \u00fclemiste ripsmete eraldamine on oluline.<\/p>\n<p class=\"p1\"><b>Puhastamise ja desinfitseerimise juhised:<\/b><\/p>\n<ol>\n<li class=\"p1\">Pese kohe p\u00e4rast kasutamist sooja vee ja antibakteriaalse seebiga<\/li>\n<li class=\"p1\">Loputa hoolikalt sooja veega ja kuivata tupsutades<\/li>\n<li class=\"p1\">Desinfitseeri desinfitseerimisvahendiga (nt 70% alkohol) 10 minutit v\u00f5i kuuma\u00f5husterilisaatoris<\/li>\n<li class=\"p1\">Loputa<\/li>\n<li class=\"p1\">Lase t\u00e4ielikult \u00f5hu k\u00e4es kuivada enne hoiustamist<\/li>\n<li class=\"p1\">Hoia puhtas ja kuivas anumas<\/li>\n<\/ol>\n","protected":false},"excerpt":{"rendered":"<ul>\n<li>\n<p class=\"p1\">1 paar silikoonist silmaaluseid padjakesi<\/p>\n<\/li>\n<li>\n<p class=\"p1\">Saadaval kolmes v\u00e4rvitoonis: kollane, must, roosa<\/p>\n<\/li>\n<li>\n<p class=\"p1\">Isekinnituvad \u2013 ei vaja liimi ega teipi<\/p>\n<\/li>\n<li>\n<p class=\"p1\">Taaskasutatavad<\/p>\n<\/li>\n<li>\n<p class=\"p1\">Nahas\u00f5bralik ja pehme silikoonmaterjal<\/p>\n<\/li>\n<li><\/li>\n<\/ul>\n","protected":false},"featured_media":25240,"comment_status":"closed","ping_status":"closed","template":"","meta":{"inline_featured_image":false,"_kad_blocks_custom_css":"","_kad_blocks_head_custom_js":"","_kad_blocks_body_custom_js":"","_kad_blocks_footer_custom_js":"","_kadence_starter_templates_imported_post":false,"wds_primary_product_brand":0,"wds_primary_product_cat":0},"product_brand":[],"product_cat":[1327,1333],"product_tag":[],"class_list":{"0":"post-25243","1":"product","2":"type-product","3":"status-publish","4":"has-post-thumbnail","6":"product_cat-lash-lift-et","7":"product_cat-silikoonpadjad","9":"first","10":"instock","11":"taxable","12":"shipping-taxable","13":"purchasable","14":"product-type-variable"},"taxonomy_info":{"product_cat":[{"value":1327,"label":"Lash lift"},{"value":1333,"label":"Silikoonpadjad"}]},"featured_image_src_large":["https:\/\/lamisuperbooster.com\/wp-content\/uploads\/2025\/08\/LSB-Reusable-Silicone-Patches-3-colours.jpg",1000,1000,false],"author_info":[],"comment_info":0,"_links":{"self":[{"href":"https:\/\/lamisuperbooster.com\/et\/wp-json\/wp\/v2\/product\/25243","targetHints":{"allow":["GET"]}}],"collection":[{"href":"https:\/\/lamisuperbooster.com\/et\/wp-json\/wp\/v2\/product"}],"about":[{"href":"https:\/\/lamisuperbooster.com\/et\/wp-json\/wp\/v2\/types\/product"}],"replies":[{"embeddable":true,"href":"https:\/\/lamisuperbooster.com\/et\/wp-json\/wp\/v2\/comments?post=25243"}],"wp:featuredmedia":[{"embeddable":true,"href":"https:\/\/lamisuperbooster.com\/et\/wp-json\/wp\/v2\/media\/25240"}],"wp:attachment":[{"href":"https:\/\/lamisuperbooster.com\/et\/wp-json\/wp\/v2\/media?parent=25243"}],"wp:term":[{"taxonomy":"product_brand","embeddable":true,"href":"https:\/\/lamisuperbooster.com\/et\/wp-json\/wp\/v2\/product_brand?post=25243"},{"taxonomy":"product_cat","embeddable":true,"href":"https:\/\/lamisuperbooster.com\/et\/wp-json\/wp\/v2\/product_cat?post=25243"},{"taxonomy":"product_tag","embeddable":true,"href":"https:\/\/lamisuperbooster.com\/et\/wp-json\/wp\/v2\/product_tag?post=25243"}],"curies":[{"name":"wp","href":"https:\/\/api.w.org\/{rel}","templated":true}]}}