{"id":25217,"date":"2025-08-04T13:07:41","date_gmt":"2025-08-04T11:07:41","guid":{"rendered":"https:\/\/lamisuperbooster.com\/product\/reusable-silicone-patches-teddy\/"},"modified":"2025-08-22T15:52:41","modified_gmt":"2025-08-22T13:52:41","slug":"taaskasutatavad-silikoonist-kaitsepadjad-teddy","status":"publish","type":"product","link":"https:\/\/lamisuperbooster.com\/et\/toode\/taaskasutatavad-silikoonist-kaitsepadjad-teddy\/","title":{"rendered":"Taaskasutatavad silikoonist kaitsepadjad \u201cTeddy\u201d \u2013 1 paar"},"content":{"rendered":"<p><strong>Too iga<\/strong><strong>sse lash lift<\/strong><strong>i pisut <\/strong><strong>kelmikust.<\/strong><\/p>\n<p>Need taaskasutatavad silikoonist kaitsepadjad on armsa karuk\u00f5rvakujuga. Lisaks sellele, et nad on v\u00e4ga nunnud, on nad valmistatud kvaliteetsest nahas\u00f5bralikust silikoonist, kinnituvad \u00f5rnalt silmaalusele nahale ilma liimita ja p\u00fcsivad kogu hoolduse v\u00e4ltel paigal.<\/p>\n<p>Loodud professionaalidele, kes hindavad nii stiili kui ka funktsionaalsust. Need kaitsepadjad on pehmed, paindlikud, lihtsasti puhastatavad ja korduvaks kasutamiseks.<\/p>\n<p>Ideaalne lash lifti, ripsmete v\u00e4rvimise v\u00f5i mis tahes hoolduse jaoks, kus puhas silmaalune on oluline.<\/p>\n<p class=\"p1\"><b>Puhastamise ja desinfitseerimise juhised:<\/b><\/p>\n<ol>\n<li class=\"p1\">Pese kohe p\u00e4rast kasutamist sooja vee ja antibakteriaalse seebiga<\/li>\n<li class=\"p1\">Loputa hoolikalt sooja veega ja kuivata tupsutades<\/li>\n<li class=\"p1\">Desinfitseeri desinfitseerimisvahendiga (nt 70% alkohol) 10 minutit v\u00f5i kuuma\u00f5husterilisaatoris<\/li>\n<li class=\"p1\">Loputa<\/li>\n<li class=\"p1\">Lase t\u00e4ielikult \u00f5hu k\u00e4es kuivada enne hoiustamist<\/li>\n<li class=\"p1\">Hoia puhtas ja kuivas anumas<\/li>\n<\/ol>\n","protected":false},"excerpt":{"rendered":"<ul>\n<li class=\"p1\">1 paar silikoonist silmaaluseid kaitsepadjakesi<\/li>\n<li class=\"p1\">Saadaval kolmes v\u00e4rvitoonis: <span style=\"color: #33cccc;\">sinine<\/span>, must, <span style=\"color: #ff99cc;\">roosa<\/span><\/li>\n<li class=\"p1\">Isekinnituvad \u2013 ei vaja liimi ega teipi<\/li>\n<li class=\"p1\">Taaskasutatavad \u2013 pese, kuivata ja desinfitseeri p\u00e4rast igat kasutuskorda<\/li>\n<li class=\"p1\">L\u00f5bus karuk\u00f5rvadekujuline disain<\/li>\n<li class=\"p1\">Nahas\u00f5bralik ja pehme silikoonmaterjal<\/li>\n<\/ul>\n","protected":false},"featured_media":25199,"comment_status":"open","ping_status":"closed","template":"","meta":{"inline_featured_image":false,"_kad_blocks_custom_css":"","_kad_blocks_head_custom_js":"","_kad_blocks_body_custom_js":"","_kad_blocks_footer_custom_js":"","_kadence_starter_templates_imported_post":false,"wds_primary_product_brand":0,"wds_primary_product_cat":0},"product_brand":[],"product_cat":[1327,1333],"product_tag":[],"class_list":{"0":"post-25217","1":"product","2":"type-product","3":"status-publish","4":"has-post-thumbnail","6":"product_cat-lash-lift-et","7":"product_cat-silikoonpadjad","9":"first","10":"instock","11":"taxable","12":"shipping-taxable","13":"purchasable","14":"product-type-variable"},"taxonomy_info":{"product_cat":[{"value":1327,"label":"Lash lift"},{"value":1333,"label":"Silikoonpadjad"}]},"featured_image_src_large":["https:\/\/lamisuperbooster.com\/wp-content\/uploads\/2025\/08\/LSB-Reusable-Silicone-Patches-Bear-3-colours.jpg",1000,1000,false],"author_info":[],"comment_info":0,"_links":{"self":[{"href":"https:\/\/lamisuperbooster.com\/et\/wp-json\/wp\/v2\/product\/25217","targetHints":{"allow":["GET"]}}],"collection":[{"href":"https:\/\/lamisuperbooster.com\/et\/wp-json\/wp\/v2\/product"}],"about":[{"href":"https:\/\/lamisuperbooster.com\/et\/wp-json\/wp\/v2\/types\/product"}],"replies":[{"embeddable":true,"href":"https:\/\/lamisuperbooster.com\/et\/wp-json\/wp\/v2\/comments?post=25217"}],"wp:featuredmedia":[{"embeddable":true,"href":"https:\/\/lamisuperbooster.com\/et\/wp-json\/wp\/v2\/media\/25199"}],"wp:attachment":[{"href":"https:\/\/lamisuperbooster.com\/et\/wp-json\/wp\/v2\/media?parent=25217"}],"wp:term":[{"taxonomy":"product_brand","embeddable":true,"href":"https:\/\/lamisuperbooster.com\/et\/wp-json\/wp\/v2\/product_brand?post=25217"},{"taxonomy":"product_cat","embeddable":true,"href":"https:\/\/lamisuperbooster.com\/et\/wp-json\/wp\/v2\/product_cat?post=25217"},{"taxonomy":"product_tag","embeddable":true,"href":"https:\/\/lamisuperbooster.com\/et\/wp-json\/wp\/v2\/product_tag?post=25217"}],"curies":[{"name":"wp","href":"https:\/\/api.w.org\/{rel}","templated":true}]}}