{"id":24847,"date":"2025-04-30T16:55:35","date_gmt":"2025-04-30T14:55:35","guid":{"rendered":"https:\/\/lamisuperbooster.com\/product\/lash-lift-palette\/"},"modified":"2025-07-03T15:14:55","modified_gmt":"2025-07-03T13:14:55","slug":"lash-lift-palette","status":"publish","type":"product","link":"https:\/\/lamisuperbooster.com\/et\/toode\/lash-lift-palette\/","title":{"rendered":"Lash lifti ja kulmude lamineerimise palett"},"content":{"rendered":"<p class=\"p3\">T\u00f5sta oma ripsme- ja kulmuhoolduste taset <span class=\"s2\"><b>silikoonist lash lifti ja kulmude lamineerimise paletiga<\/b><\/span>. See on loodud selleks, et hooldused oleks t\u00f5husamad, h\u00fcgieenilised ja stiilsed. Valmistatud kvaliteetsest ja painduvast silikoonist, see korduvkasutatav segamispalett on ideaalne abivahend iluprofessionaalidele, kes teevad lash lifti ja kulmude lamineerimist. <\/p>\n<p class=\"p3\">Saadaval <span class=\"s2\"><b>roosat, lillat ja rohelist v\u00e4rvi <\/b><\/span>\u2013 palett lisab sinu t\u00f6\u00f6 tasapinnale v\u00e4rvi ning aitab hoida puhtust ja korda.<\/p>\n<h4><b>Peamised omadused:<\/b><\/h4>\n<ul>\n<li>\n<p class=\"p1\">\u2705 <span class=\"s1\"><b>6 s\u00fcvendit<\/b><\/span> \u2013 ideaalne lahendus lifti losjoonide, v\u00e4rvi, vesiniku, liimi ja vee hoiustamiseks ilma ristsaastamiseta.<\/p>\n<\/li>\n<li>\n<p class=\"p1\">\u2705 <span class=\"s1\"><b>P\u00fcstised pintslipesad<\/b><\/span> \u2013 hoiavad t\u00f6\u00f6riistad p\u00fcsti, h\u00fcgieeniliselt ja alati k\u00e4ep\u00e4rast kogu protseduuri v\u00e4ltel.<\/p>\n<\/li>\n<li>\n<p class=\"p1\">\u2705 <span class=\"s1\"><b>Vastupidav ja lihtne puhastada<\/b><\/span> \u2013 pehme silikoonmaterjal on plekikindel ning kergesti loputatav ja desinfitseeritav.<\/p>\n<\/li>\n<li>\n<p class=\"p1\">\u2705 <span class=\"s1\"><b>Kerge ja libisemiskindel<\/b><\/span> \u2013 p\u00fcsib kindlalt t\u00f6\u00f6pinnal, kompaktne ja reisivalmis disain.<\/p>\n<\/li>\n<li>\n<p class=\"p1\">\u2705 <span class=\"s1\"><b>Professionaalne ja korduvkasutatav <\/b><\/span>\u2013 ideaalne valik salongidele, ripsme- ja kulmutehnikutele, kes hindavad nii funktsionaalsust kui ka visuaalset esteetikat.<\/p>\n<\/li>\n<\/ul>\n<p class=\"p3\">Olgu tegemist lash lifti v\u00f5i kulmude lamineerimisega \u2013 see palett muudab t\u00f6\u00f6protsessi sujuvamaks, h\u00fcgieenilisemaks ja esinduslikumaks.<\/p>\n","protected":false},"excerpt":{"rendered":"<p>1 silikoonpalett. Vali v\u00e4rv: <\/p>\n<ul>\n<li>Roosa<\/li>\n<li>Lilla<\/li>\n<li>Roheline<\/li>\n<\/ul>\n","protected":false},"featured_media":24845,"comment_status":"open","ping_status":"closed","template":"","meta":{"inline_featured_image":false,"_kad_blocks_custom_css":"","_kad_blocks_head_custom_js":"","_kad_blocks_body_custom_js":"","_kad_blocks_footer_custom_js":"","_kadence_starter_templates_imported_post":false,"wds_primary_product_brand":0,"wds_primary_product_cat":0},"product_brand":[],"product_cat":[1322,1324,1325,1327,1332,1328],"product_tag":[],"class_list":{"0":"post-24847","1":"product","2":"type-product","3":"status-publish","4":"has-post-thumbnail","6":"product_cat-kulmude-lamineerimine","7":"product_cat-kulmude-lamineerimise-tooriistad","8":"product_cat-kulmuvarv","9":"product_cat-lash-lift-et","10":"product_cat-lash-lifti-tooriistad","11":"product_cat-ripsmevarv","13":"first","14":"instock","15":"taxable","16":"shipping-taxable","17":"purchasable","18":"product-type-variable"},"taxonomy_info":{"product_cat":[{"value":1322,"label":"Kulmude lamineerimine"},{"value":1324,"label":"Kulmude lamineerimise t\u00f6\u00f6riistad"},{"value":1325,"label":"Kulmuv\u00e4rv"},{"value":1327,"label":"Lash lift"},{"value":1332,"label":"Lash lifti t\u00f6\u00f6riistad"},{"value":1328,"label":"Ripsmev\u00e4rv"}]},"featured_image_src_large":["https:\/\/lamisuperbooster.com\/wp-content\/uploads\/2025\/04\/Lash-lift-palette-pink-purple-and-green-1024x1024.jpg",1024,1024,true],"author_info":[],"comment_info":0,"_links":{"self":[{"href":"https:\/\/lamisuperbooster.com\/et\/wp-json\/wp\/v2\/product\/24847","targetHints":{"allow":["GET"]}}],"collection":[{"href":"https:\/\/lamisuperbooster.com\/et\/wp-json\/wp\/v2\/product"}],"about":[{"href":"https:\/\/lamisuperbooster.com\/et\/wp-json\/wp\/v2\/types\/product"}],"replies":[{"embeddable":true,"href":"https:\/\/lamisuperbooster.com\/et\/wp-json\/wp\/v2\/comments?post=24847"}],"wp:featuredmedia":[{"embeddable":true,"href":"https:\/\/lamisuperbooster.com\/et\/wp-json\/wp\/v2\/media\/24845"}],"wp:attachment":[{"href":"https:\/\/lamisuperbooster.com\/et\/wp-json\/wp\/v2\/media?parent=24847"}],"wp:term":[{"taxonomy":"product_brand","embeddable":true,"href":"https:\/\/lamisuperbooster.com\/et\/wp-json\/wp\/v2\/product_brand?post=24847"},{"taxonomy":"product_cat","embeddable":true,"href":"https:\/\/lamisuperbooster.com\/et\/wp-json\/wp\/v2\/product_cat?post=24847"},{"taxonomy":"product_tag","embeddable":true,"href":"https:\/\/lamisuperbooster.com\/et\/wp-json\/wp\/v2\/product_tag?post=24847"}],"curies":[{"name":"wp","href":"https:\/\/api.w.org\/{rel}","templated":true}]}}