{"id":23737,"date":"2024-11-27T13:59:29","date_gmt":"2024-11-27T11:59:29","guid":{"rendered":"https:\/\/lamisuperbooster.com\/product\/50-micro-eyebrow-brushes\/"},"modified":"2024-11-27T14:36:36","modified_gmt":"2024-11-27T12:36:36","slug":"mikro-kulmuhari-50","status":"publish","type":"product","link":"https:\/\/lamisuperbooster.com\/et\/toode\/mikro-kulmuhari-50\/","title":{"rendered":"Mikro kulmuhari, 50tk"},"content":{"rendered":"<p class=\"p1\">Lami Super Booster mikro kulmuharjad on h\u00e4davajalik t\u00f6\u00f6riist professionaalsetele kulmutehnikutele, pakkudes t\u00e4psust ja mitmek\u00fclgsust kulmude vormimisel ja hooldamisel.<\/p>\n<p class=\"p1\">Karbis on 50 \u00fchekordseks kasutuseks m\u00f5eldud harja, tagades, et h\u00fcgieenilised ja kvaliteetsed t\u00f6\u00f6riistad on alatu su k\u00e4eulatuses.. Valida saab kolme kauni v\u00e4rvi vahel: sinine, roosa ja kollane.<\/p>\n<p class=\"p1\">360 kraadi painutatav harjapea tagab erakordse kontrolli, v\u00f5imaldades saavutada t\u00e4iusliku kulmukuju, samal ajal tagades kliendimugavuse. Need harjad on valmistatud kergest, vastupidavast materjalist ja peenkiududest, mis libisevad sujuvalt, pakkudes veatut tulemust.<\/p>\n<p class=\"p1\">Kompaktsed ja kergesti hoiustatavad harjad sobivad ideaalselt h\u00f5ivatud tehnikutele, kes vajavad t\u00f6\u00f6riistu, mis eraldavad karvad kergesti ja kiiresti. Olgu see kulmude vormimine lamineerimisprotseduuri ajal v\u00f5i kodused iluprotseduurid \u2013 need harjad on kindel valik silmapaistvate tulemuste saavutamiseks kulmude lamineerimisel.<\/p>\n","protected":false},"excerpt":{"rendered":"<p>Karp 50 mikro kulmuharjaga<\/p>\n","protected":false},"featured_media":23724,"comment_status":"open","ping_status":"closed","template":"","meta":{"inline_featured_image":false,"_kad_blocks_custom_css":"","_kad_blocks_head_custom_js":"","_kad_blocks_body_custom_js":"","_kad_blocks_footer_custom_js":"","_kadence_starter_templates_imported_post":false,"wds_primary_product_brand":0,"wds_primary_product_cat":0},"product_brand":[],"product_cat":[1322,1324,1327,1332],"product_tag":[],"class_list":{"0":"post-23737","1":"product","2":"type-product","3":"status-publish","4":"has-post-thumbnail","6":"product_cat-kulmude-lamineerimine","7":"product_cat-kulmude-lamineerimise-tooriistad","8":"product_cat-lash-lift-et","9":"product_cat-lash-lifti-tooriistad","11":"first","12":"instock","13":"taxable","14":"shipping-taxable","15":"purchasable","16":"product-type-variable"},"taxonomy_info":{"product_cat":[{"value":1322,"label":"Kulmude lamineerimine"},{"value":1324,"label":"Kulmude lamineerimise t\u00f6\u00f6riistad"},{"value":1327,"label":"Lash lift"},{"value":1332,"label":"Lash lifti t\u00f6\u00f6riistad"}]},"featured_image_src_large":["https:\/\/lamisuperbooster.com\/wp-content\/uploads\/2024\/11\/LSB-micro-eyebrow-brushes.jpg",1000,1000,false],"author_info":[],"comment_info":0,"_links":{"self":[{"href":"https:\/\/lamisuperbooster.com\/et\/wp-json\/wp\/v2\/product\/23737","targetHints":{"allow":["GET"]}}],"collection":[{"href":"https:\/\/lamisuperbooster.com\/et\/wp-json\/wp\/v2\/product"}],"about":[{"href":"https:\/\/lamisuperbooster.com\/et\/wp-json\/wp\/v2\/types\/product"}],"replies":[{"embeddable":true,"href":"https:\/\/lamisuperbooster.com\/et\/wp-json\/wp\/v2\/comments?post=23737"}],"wp:featuredmedia":[{"embeddable":true,"href":"https:\/\/lamisuperbooster.com\/et\/wp-json\/wp\/v2\/media\/23724"}],"wp:attachment":[{"href":"https:\/\/lamisuperbooster.com\/et\/wp-json\/wp\/v2\/media?parent=23737"}],"wp:term":[{"taxonomy":"product_brand","embeddable":true,"href":"https:\/\/lamisuperbooster.com\/et\/wp-json\/wp\/v2\/product_brand?post=23737"},{"taxonomy":"product_cat","embeddable":true,"href":"https:\/\/lamisuperbooster.com\/et\/wp-json\/wp\/v2\/product_cat?post=23737"},{"taxonomy":"product_tag","embeddable":true,"href":"https:\/\/lamisuperbooster.com\/et\/wp-json\/wp\/v2\/product_tag?post=23737"}],"curies":[{"name":"wp","href":"https:\/\/api.w.org\/{rel}","templated":true}]}}