{"id":23373,"date":"2024-08-27T16:41:43","date_gmt":"2024-08-27T14:41:43","guid":{"rendered":"https:\/\/lamisuperbooster.com\/product\/lash-lift-compensators-3-pairs\/"},"modified":"2025-08-17T10:39:27","modified_gmt":"2025-08-17T08:39:27","slug":"lash-lifti-kompensaatorid-3-paari","status":"publish","type":"product","link":"https:\/\/lamisuperbooster.com\/et\/toode\/lash-lifti-kompensaatorid-3-paari\/","title":{"rendered":"Lash lifti kompensaatorid, 3 paari"},"content":{"rendered":"<p>Lami Super Booster Lash Lifti kompensaatorid on k\u00e4ep\u00e4rane t\u00f6\u00f6riist ripsmete keelimise koolutamise meistritele, kes soovivad saavutada suurep\u00e4raseid lash lifti tulemusi lihtsalt ja mugavalt.<\/p>\n<p>Komplekt sisaldab kolme paari korduvkasutatavaid kompensaatoreid, mis on valmistatud \u00fclipehmest silikoonist, tagades klientidele mugavuse kogu protseduuri v\u00e4ltel.<\/p>\n<p>Kompensaatorid on loodud ripsmete paigalhoidmiseks, et need p\u00fcsiksid t\u00e4iuslikult joondatult silikoonpatjade k\u00fcljes. \u00d5rn kumerus ja pehme materjal muudavad nende pealekandmise lihtsaks, v\u00e4hendades v\u00f5imalust, et ripsmed libiseksid v\u00f5i muudaks hoolduse k\u00e4igus asendit.<\/p>\n<p>Sobivad kasutamiseks k\u00f5igi lash lifti silikoonidega.<\/p>\n<h2>Kuidas kasutada lash lifti kompensaatoreid<\/h2>\n<ol>\n<li><strong>Valmista ripsmed ette<\/strong>: Alusta kliendi ripsmete puhastamisest, et eemaldada meik, \u00f5lid v\u00f5i mustus. See tagab, et ripsmed kinnituvad korralikult lash lifti silikoonpadja k\u00fclge.<\/li>\n<li><strong>Kanna peale silikoonpadjad<\/strong>. Vali sobiva suurusega silikoonpadjad, vastavalt soovitud ripsmekumerusele. Kinnita need silmalaugude k\u00fclge sobiva liimiga. Seej\u00e4rel t\u00f5sta ettevaatlikult ripsmed ja kinnita need silikoonpadja k\u00fclge<\/li>\n<li><strong>Kanna peale lash lifti losjoon<\/strong>: Kanna losjoonid ripsmetele vastavalt tavalisele protseduurile. Losjoonid tuleks kanda ripsmetele, kui need on silikoonpadja k\u00fclge kinnitatud.<\/li>\n<li><strong>Aseta kompensaatorid<\/strong>: P\u00e4rast losjooni pealekandmist aseta ripsmetele \u00f5rnalt kompensaatorid. Kompensaatorid on loodud ripsmeid kindlalt katma, tagades, et need p\u00fcsivad protseduuri ajal paigal.<\/li>\n<\/ol>\n<p>&#8211; &gt; <strong>Kuidas paigaldada<\/strong>: Hoia kompensaatorit puhaste k\u00e4te v\u00f5i pintsettide vahel ja vajuta see \u00f5rnalt ripsmetele, veendudes, et see j\u00e4rgib silikoonpadja kumerust. Veendu, et kompensaator on \u00f5igesti joondatud, katab t\u00e4ielikult ripsmed ega ulatu \u00fcle silmalau v\u00f5i naha.<\/p>\n<ol start=\"5\">\n<li><strong>J\u00e4tka lash liftiga<\/strong>: Lase losjoonil toimida koos paigaldatud kompensaatoritega. Kompensaatorid hoiavad ripsmeid kindlalt, v\u00e4ltides nende libisemist v\u00f5i silikoonpadja k\u00fcljest lahtitulekut.<\/li>\n<li><strong>Eemalda kompensaatorid<\/strong>: Eemalda kompensaatorid ettevaatlikult. Koori need \u00f5rnalt ripsmetelt, olles ettevaatlik, et mitte t\u00f5mmata ega sikutada.<\/li>\n<li><strong>Puhasta ja hoiusta kompensaatorid<\/strong>: P\u00e4rast kasutamist puhasta kompensaatorid sooja, seebise veega. Loputa p\u00f5hjalikult, vajadusel steriliseeri keemiliselt ja loputa uuesti. P\u00e4rast puhastamist hoiusta kompensaatorid puhtas, suletud anumas, kuni nende j\u00e4rgmise kasutuskorrani.<\/li>\n<\/ol>\n<p>Neid samme j\u00e4rgides tagad sujuva ja t\u00f5husa lash lifti hoolduse kompensaatoreid kasutades.<\/p>\n","protected":false},"excerpt":{"rendered":"<ul>\n<li><strong>3 paari<\/strong><\/li>\n<li><strong>\u00dclipehme silikoon<\/strong><\/li>\n<li><strong>Taaskasutatavad<\/strong><\/li>\n<li><strong>Vali roosa, sinise v\u00f5i musta v\u00e4rvi vahel<\/strong><\/li>\n<\/ul>\n<div id=\"gtx-anchor\" style=\"position: absolute; visibility: hidden; left: 86.9531px; top: 91px; width: 28.8438px; height: 18px;\"><\/div>\n<div class=\"jfk-bubble gtx-bubble\" style=\"visibility: visible; left: 86px; top: -86px; opacity: 1;\" role=\"alertdialog\" aria-describedby=\"bubble-3\">\n<div id=\"bubble-3\" class=\"jfk-bubble-content-id\">\n<div id=\"gtx-host\" style=\"min-width: 200px; max-width: 400px;\"><\/div>\n<\/div>\n<div class=\"jfk-bubble-closebtn-id jfk-bubble-closebtn\" tabindex=\"0\" role=\"button\" aria-label=\"Close\"><\/div>\n<div class=\"jfk-bubble-arrow-id jfk-bubble-arrow jfk-bubble-arrowdown\" style=\"left: 91.4531px;\">\n<div class=\"jfk-bubble-arrowimplbefore\"><\/div>\n<div class=\"jfk-bubble-arrowimplafter\"><\/div>\n<\/div>\n<\/div>\n","protected":false},"featured_media":23928,"comment_status":"open","ping_status":"closed","template":"","meta":{"inline_featured_image":false,"_kad_blocks_custom_css":"","_kad_blocks_head_custom_js":"","_kad_blocks_body_custom_js":"","_kad_blocks_footer_custom_js":"","_kadence_starter_templates_imported_post":false,"wds_primary_product_brand":0,"wds_primary_product_cat":0},"product_brand":[],"product_cat":[1324,1327,1332,1333],"product_tag":[],"class_list":{"0":"post-23373","1":"product","2":"type-product","3":"status-publish","4":"has-post-thumbnail","6":"product_cat-kulmude-lamineerimise-tooriistad","7":"product_cat-lash-lift-et","8":"product_cat-lash-lifti-tooriistad","9":"product_cat-silikoonpadjad","11":"first","12":"instock","13":"taxable","14":"shipping-taxable","15":"purchasable","16":"product-type-variable"},"taxonomy_info":{"product_cat":[{"value":1324,"label":"Kulmude lamineerimise t\u00f6\u00f6riistad"},{"value":1327,"label":"Lash lift"},{"value":1332,"label":"Lash lifti t\u00f6\u00f6riistad"},{"value":1333,"label":"Silikoonpadjad"}]},"featured_image_src_large":["https:\/\/lamisuperbooster.com\/wp-content\/uploads\/2024\/08\/lash-lift-compensators-blue-all-colours.jpg",1000,1000,false],"author_info":[],"comment_info":0,"_links":{"self":[{"href":"https:\/\/lamisuperbooster.com\/et\/wp-json\/wp\/v2\/product\/23373","targetHints":{"allow":["GET"]}}],"collection":[{"href":"https:\/\/lamisuperbooster.com\/et\/wp-json\/wp\/v2\/product"}],"about":[{"href":"https:\/\/lamisuperbooster.com\/et\/wp-json\/wp\/v2\/types\/product"}],"replies":[{"embeddable":true,"href":"https:\/\/lamisuperbooster.com\/et\/wp-json\/wp\/v2\/comments?post=23373"}],"wp:featuredmedia":[{"embeddable":true,"href":"https:\/\/lamisuperbooster.com\/et\/wp-json\/wp\/v2\/media\/23928"}],"wp:attachment":[{"href":"https:\/\/lamisuperbooster.com\/et\/wp-json\/wp\/v2\/media?parent=23373"}],"wp:term":[{"taxonomy":"product_brand","embeddable":true,"href":"https:\/\/lamisuperbooster.com\/et\/wp-json\/wp\/v2\/product_brand?post=23373"},{"taxonomy":"product_cat","embeddable":true,"href":"https:\/\/lamisuperbooster.com\/et\/wp-json\/wp\/v2\/product_cat?post=23373"},{"taxonomy":"product_tag","embeddable":true,"href":"https:\/\/lamisuperbooster.com\/et\/wp-json\/wp\/v2\/product_tag?post=23373"}],"curies":[{"name":"wp","href":"https:\/\/api.w.org\/{rel}","templated":true}]}}