{"id":22230,"date":"2023-10-09T11:03:00","date_gmt":"2023-10-09T09:03:00","guid":{"rendered":"https:\/\/lamisuperbooster.com\/product\/lash-brow-cleansing-foam"},"modified":"2025-04-23T13:14:02","modified_gmt":"2025-04-23T11:14:02","slug":"ripsmete-ja-kulmude-puhastusvaht","status":"publish","type":"product","link":"https:\/\/lamisuperbooster.com\/et\/toode\/ripsmete-ja-kulmude-puhastusvaht\/","title":{"rendered":"Ripsmete ja kulmude puhastusvaht"},"content":{"rendered":"<p class=\"p1\">T\u00f5husta oma ripsmete ja kulmude hooldusrutiini Lami Super Booster ripsmete ja kulmude puhastusvahuga. See \u00f5rn vaht on vol\u00fc\u00fcmikate, kaunilt eraldatud ripsmete ja ripsmepikenduste saladus.<\/p>\n<p class=\"p1\">Rikastatud saialille ja s\u00f6\u00f6gisooda harmoonilise seguga, toimib see kahjustamata ripsmepikenduste liimi.<span class=\"Apple-converted-space\">\u00a0<\/span><\/p>\n<p class=\"p1\">\u00d5livaba, \u00f5rn ning v\u00e4lispidiseks kasutamiseks m\u00f5eldud vaht eemaldab t\u00f5husalt mustuse ja rasu j\u00e4\u00e4gid ripsmetelt, kulmudelt ja silmalaugudelt.<\/p>\n<p class=\"p1\">Sinu kaunid silmad v\u00e4\u00e4rivad puhtaid ja s\u00e4ravaid ripsmeid!<span class=\"Apple-converted-space\">\u00a0<\/span><\/p>\n","protected":false},"excerpt":{"rendered":"<ul>\n<li>\u00d5rn puhastusvaht<\/li>\n<li>50ml<\/li>\n<\/ul>\n","protected":false},"featured_media":23926,"comment_status":"open","ping_status":"closed","template":"","meta":{"inline_featured_image":false,"_kad_blocks_custom_css":"","_kad_blocks_head_custom_js":"","_kad_blocks_body_custom_js":"","_kad_blocks_footer_custom_js":"","_kadence_starter_templates_imported_post":false,"wds_primary_product_brand":0,"wds_primary_product_cat":0},"product_brand":[],"product_cat":[1360,1322,1327,1329],"product_tag":[1010],"class_list":{"0":"post-22230","1":"product","2":"type-product","3":"status-publish","4":"has-post-thumbnail","6":"product_cat-kasuta-kodus","7":"product_cat-kulmude-lamineerimine","8":"product_cat-lash-lift-et","9":"product_cat-lash-lifti-jarelhooldus","10":"product_tag-makeup-remover-et","12":"first","13":"instock","14":"taxable","15":"shipping-taxable","16":"purchasable","17":"product-type-simple"},"taxonomy_info":{"product_cat":[{"value":1360,"label":"Kasuta kodus"},{"value":1322,"label":"Kulmude lamineerimine"},{"value":1327,"label":"Lash lift"},{"value":1329,"label":"Lash lifti j\u00e4relhooldus"}],"product_tag":[{"value":1010,"label":"makeup remover"}]},"featured_image_src_large":["https:\/\/lamisuperbooster.com\/wp-content\/uploads\/2023\/10\/lash-and-brow-cleansing-foam.jpg",1000,1000,false],"author_info":[],"comment_info":0,"_links":{"self":[{"href":"https:\/\/lamisuperbooster.com\/et\/wp-json\/wp\/v2\/product\/22230","targetHints":{"allow":["GET"]}}],"collection":[{"href":"https:\/\/lamisuperbooster.com\/et\/wp-json\/wp\/v2\/product"}],"about":[{"href":"https:\/\/lamisuperbooster.com\/et\/wp-json\/wp\/v2\/types\/product"}],"replies":[{"embeddable":true,"href":"https:\/\/lamisuperbooster.com\/et\/wp-json\/wp\/v2\/comments?post=22230"}],"wp:featuredmedia":[{"embeddable":true,"href":"https:\/\/lamisuperbooster.com\/et\/wp-json\/wp\/v2\/media\/23926"}],"wp:attachment":[{"href":"https:\/\/lamisuperbooster.com\/et\/wp-json\/wp\/v2\/media?parent=22230"}],"wp:term":[{"taxonomy":"product_brand","embeddable":true,"href":"https:\/\/lamisuperbooster.com\/et\/wp-json\/wp\/v2\/product_brand?post=22230"},{"taxonomy":"product_cat","embeddable":true,"href":"https:\/\/lamisuperbooster.com\/et\/wp-json\/wp\/v2\/product_cat?post=22230"},{"taxonomy":"product_tag","embeddable":true,"href":"https:\/\/lamisuperbooster.com\/et\/wp-json\/wp\/v2\/product_tag?post=22230"}],"curies":[{"name":"wp","href":"https:\/\/api.w.org\/{rel}","templated":true}]}}