{"id":11457,"date":"2022-06-30T21:41:33","date_gmt":"2022-06-30T19:41:33","guid":{"rendered":"https:\/\/lamisuperbooster.com\/product\/strong-hold-lami-glue-diamond\/"},"modified":"2025-10-08T08:03:27","modified_gmt":"2025-10-08T06:03:27","slug":"tugeva-nakkuvusega-lamineerimisliim-diamond","status":"publish","type":"product","link":"https:\/\/lamisuperbooster.com\/et\/toode\/tugeva-nakkuvusega-lamineerimisliim-diamond\/","title":{"rendered":"Tugeva nakkuvusega lamineerimisliim, Diamond"},"content":{"rendered":"<p>Tugeva nakkuvusega Diamond liim hoiab ripsme- ja kulmukarvad k\u00f5vasti paigal kogu hoolduse v\u00e4ltel. See muudab ripsmete silikoonpadjale t\u00f5stmise isegi algajale v\u00e4ga lihtsaks.<\/p>\n<p>Diamond liim on 100% vesilahustuv. Seet\u00f5ttu on liimij\u00e4\u00e4kide eemaldamine t\u00f5hus ning silmalaugudele ei j\u00e4\u00e4 liimit\u00fckikesi.<\/p>\n","protected":false},"excerpt":{"rendered":"<ul>\n<li><strong>Vee baasil<\/strong><\/li>\n<li><strong>Kasutatakse lash lifti ja kulmude lamineerimise ajal<\/strong><\/li>\n<li><strong>Kosmeetiline liim<\/strong><\/li>\n<li><strong>Toodetud Euroopa Liidus<\/strong><\/li>\n<li><strong>Dermatoloogiliselt ja mikrobioloogiliselt testitud<\/strong><\/li>\n<\/ul>\n","protected":false},"featured_media":11454,"comment_status":"open","ping_status":"closed","template":"","meta":{"inline_featured_image":false,"_kad_blocks_custom_css":"","_kad_blocks_head_custom_js":"","_kad_blocks_body_custom_js":"","_kad_blocks_footer_custom_js":"","_kadence_starter_templates_imported_post":false,"wds_primary_product_brand":0,"wds_primary_product_cat":0},"product_brand":[],"product_cat":[1498,1322,1327,1487],"product_tag":[1371,635],"class_list":{"0":"post-11457","1":"product","2":"type-product","3":"status-publish","4":"has-post-thumbnail","6":"product_cat-klassikaline-lash-lift","7":"product_cat-kulmude-lamineerimine","8":"product_cat-lash-lift-et","9":"product_cat-liimid-ja-pulbrid","10":"product_tag-glue-et","11":"product_tag-lash-lifti-liim","13":"first","14":"outofstock","15":"taxable","16":"shipping-taxable","17":"purchasable","18":"product-type-simple"},"taxonomy_info":{"product_cat":[{"value":1498,"label":"Klassikaline Lash Lift"},{"value":1322,"label":"Kulmude lamineerimine"},{"value":1327,"label":"Lash lift"},{"value":1487,"label":"Liimid &amp; Pulbrid"}],"product_tag":[{"value":1371,"label":"glue"},{"value":635,"label":"Lash lifti liim"}]},"featured_image_src_large":["https:\/\/lamisuperbooster.com\/wp-content\/uploads\/2022\/06\/Lami-Super-Booster-Diamond-glue.jpg",900,900,false],"author_info":[],"comment_info":0,"_links":{"self":[{"href":"https:\/\/lamisuperbooster.com\/et\/wp-json\/wp\/v2\/product\/11457","targetHints":{"allow":["GET"]}}],"collection":[{"href":"https:\/\/lamisuperbooster.com\/et\/wp-json\/wp\/v2\/product"}],"about":[{"href":"https:\/\/lamisuperbooster.com\/et\/wp-json\/wp\/v2\/types\/product"}],"replies":[{"embeddable":true,"href":"https:\/\/lamisuperbooster.com\/et\/wp-json\/wp\/v2\/comments?post=11457"}],"wp:featuredmedia":[{"embeddable":true,"href":"https:\/\/lamisuperbooster.com\/et\/wp-json\/wp\/v2\/media\/11454"}],"wp:attachment":[{"href":"https:\/\/lamisuperbooster.com\/et\/wp-json\/wp\/v2\/media?parent=11457"}],"wp:term":[{"taxonomy":"product_brand","embeddable":true,"href":"https:\/\/lamisuperbooster.com\/et\/wp-json\/wp\/v2\/product_brand?post=11457"},{"taxonomy":"product_cat","embeddable":true,"href":"https:\/\/lamisuperbooster.com\/et\/wp-json\/wp\/v2\/product_cat?post=11457"},{"taxonomy":"product_tag","embeddable":true,"href":"https:\/\/lamisuperbooster.com\/et\/wp-json\/wp\/v2\/product_tag?post=11457"}],"curies":[{"name":"wp","href":"https:\/\/api.w.org\/{rel}","templated":true}]}}