{"id":4686,"date":"2019-05-24T18:01:09","date_gmt":"2019-05-24T18:01:09","guid":{"rendered":"https:\/\/www.lashsuperbooster.com\/distributors\/"},"modified":"2026-01-28T20:27:00","modified_gmt":"2026-01-28T18:27:00","slug":"edasimuujad","status":"publish","type":"page","link":"https:\/\/lamisuperbooster.com\/et\/edasimuujad\/","title":{"rendered":"Edasim\u00fc\u00fcjad"},"content":{"rendered":"\n<p class=\"has-text-align-left\"><img loading=\"lazy\" decoding=\"async\" width=\"150\" height=\"225\" class=\"wp-image-22650\" style=\"width: 150px;\" src=\"https:\/\/lamisuperbooster.com\/wp-content\/uploads\/2024\/02\/Lami-Super-Booster-lash-lift-and-brow-lamination-lotions-with-a-male-model-scaled.jpg\" alt=\"Hakka Lami Super Booster edasim\u00fc\u00fcjaks ja saa allahindlust k\u00f5ikidelt lash lifti ja kulmude lamineerimise toodetelt ning m\u00fc\u00fcgi ainu\u00f5iguse oma riigis v\u00f5i piirkonnas.\" srcset=\"https:\/\/lamisuperbooster.com\/wp-content\/uploads\/2024\/02\/Lami-Super-Booster-lash-lift-and-brow-lamination-lotions-with-a-male-model-scaled.jpg 1707w, https:\/\/lamisuperbooster.com\/wp-content\/uploads\/2024\/02\/Lami-Super-Booster-lash-lift-and-brow-lamination-lotions-with-a-male-model-200x300.jpg 200w, https:\/\/lamisuperbooster.com\/wp-content\/uploads\/2024\/02\/Lami-Super-Booster-lash-lift-and-brow-lamination-lotions-with-a-male-model-683x1024.jpg 683w, https:\/\/lamisuperbooster.com\/wp-content\/uploads\/2024\/02\/Lami-Super-Booster-lash-lift-and-brow-lamination-lotions-with-a-male-model-768x1152.jpg 768w, https:\/\/lamisuperbooster.com\/wp-content\/uploads\/2024\/02\/Lami-Super-Booster-lash-lift-and-brow-lamination-lotions-with-a-male-model-1024x1536.jpg 1024w, https:\/\/lamisuperbooster.com\/wp-content\/uploads\/2024\/02\/Lami-Super-Booster-lash-lift-and-brow-lamination-lotions-with-a-male-model-1365x2048.jpg 1365w\" sizes=\"auto, (max-width: 150px) 100vw, 150px\" \/> Saad Lami Super Booster lash lifti ja ripsmete lamineerimistooteid osta edasim\u00fc\u00fcjatelt j\u00e4rgmistes riikides:<\/p>\n\n\n\n<p><strong>Eesti<\/strong> &#8211; <a href=\"http:\/\/www.lamisuperbooster.com\">Lami Super Booster<\/a><\/p>\n\n\n\n<p><strong>Itaalia <\/strong>&#8211; <a href=\"https:\/\/www.lashdreamshop.com\/\">LashDream<\/a><\/p>\n\n\n\n<p><strong>Leedu <\/strong>&#8211; <a href=\"https:\/\/www.instagram.com\/lamisuperbooster.lithuania\/\" target=\"_blank\" rel=\"noreferrer noopener\">MB&nbsp;Grazi&nbsp;Dama<\/a><\/p>\n\n\n\n<p><strong>L\u00e4his-Ida <\/strong>&#8211; <a href=\"https:\/\/www.instagram.com\/lashbar_roma\/\" target=\"_blank\" rel=\"noreferrer noopener\">Lashbar Academ<\/a><a href=\"https:\/\/www.instagram.com\/lashbar.academy\/\">y<\/a><\/p>\n\n\n\n<p><strong>Soome, Turu<\/strong> &#8211; <a href=\"http:\/\/lashoffice.com\" target=\"_blank\" rel=\"noreferrer noopener\">l.a.s.h.office<\/a><\/p>\n\n\n\n<p><strong>K\u00fcpros <\/strong>&#8211; <a href=\"https:\/\/ivibeautystudio.com\/product-category\/lsb\/\" target=\"_blank\" rel=\"noreferrer noopener\"> <\/a><a href=\"https:\/\/www.instagram.com\/julia_maya_cy?igsh=NmJpOHkyeHJlbnhi\" target=\"_blank\" rel=\"noreferrer noopener\">JULIA M.A.Y.A LTD<\/a><\/p>\n\n\n\n<p><strong>K\u00fcpros<\/strong> &#8211; <a href=\"https:\/\/www.mbbeautybar.com\/\">MB Beauty Bar<\/a><\/p>\n\n\n\n<p><strong>Bulgaaria<\/strong> &#8211; <a href=\"https:\/\/www.instagram.com\/lamisuperbooster.bulgaria\">Lami Super Booster Bulgaria<\/a><\/p>\n\n\n<p>Kas oled huvitatud edasim\u00fc\u00fcjaks hakkamisest?<br \/>M\u00fc\u00fcme oma lash lifti\/kulmude lamineerimise tooteid kas otse v\u00f5i edasim\u00fc\u00fcjate kaudu.<\/p>\n<h2>Edasim\u00fc\u00fcjaks olemise eelised:<\/h2>\n\n\n<ul class=\"wp-block-list\">\n<li>Soodustused k\u00f5igilt toodetelt<\/li>\n\n\n\n<li>V\u00f5imalus saada eksklusiivsed m\u00fc\u00fcgi\u00f5igused kindlas riigis v\u00f5i regioonis (tingimused l\u00e4bir\u00e4\u00e4gitavad)<\/li>\n\n\n\n<li>Turundusmaterjalide stardipakett meie poolt<\/li>\n<\/ul>\n\n\n<p>P\u00e4ringu tegemiseks, kirjuta meile <strong>info@lamisuperbooster.com<\/strong><\/p>\n\n\n<p>&nbsp;<\/p>\n\n\n\n<p>&nbsp;<\/p>\n","protected":false},"excerpt":{"rendered":"<p>Saad Lami Super Booster lash lifti ja ripsmete lamineerimistooteid osta edasim\u00fc\u00fcjatelt j\u00e4rgmistes riikides: Eesti &#8211; Lami Super Booster Itaalia &#8211;<\/p>\n","protected":false},"author":4,"featured_media":0,"parent":0,"menu_order":0,"comment_status":"closed","ping_status":"closed","template":"","meta":{"inline_featured_image":false,"_kad_blocks_custom_css":"","_kad_blocks_head_custom_js":"","_kad_blocks_body_custom_js":"","_kad_blocks_footer_custom_js":"","_kadence_starter_templates_imported_post":false,"footnotes":""},"class_list":["post-4686","page","type-page","status-publish","hentry"],"taxonomy_info":[],"featured_image_src_large":false,"author_info":{"display_name":"Maria Larionova","author_link":"https:\/\/lamisuperbooster.com\/et\/blog\/author\/kati\/"},"comment_info":0,"_links":{"self":[{"href":"https:\/\/lamisuperbooster.com\/et\/wp-json\/wp\/v2\/pages\/4686","targetHints":{"allow":["GET"]}}],"collection":[{"href":"https:\/\/lamisuperbooster.com\/et\/wp-json\/wp\/v2\/pages"}],"about":[{"href":"https:\/\/lamisuperbooster.com\/et\/wp-json\/wp\/v2\/types\/page"}],"author":[{"embeddable":true,"href":"https:\/\/lamisuperbooster.com\/et\/wp-json\/wp\/v2\/users\/4"}],"replies":[{"embeddable":true,"href":"https:\/\/lamisuperbooster.com\/et\/wp-json\/wp\/v2\/comments?post=4686"}],"version-history":[{"count":0,"href":"https:\/\/lamisuperbooster.com\/et\/wp-json\/wp\/v2\/pages\/4686\/revisions"}],"wp:attachment":[{"href":"https:\/\/lamisuperbooster.com\/et\/wp-json\/wp\/v2\/media?parent=4686"}],"curies":[{"name":"wp","href":"https:\/\/api.w.org\/{rel}","templated":true}]}}