{"id":42556,"date":"2026-03-27T19:51:31","date_gmt":"2026-03-27T17:51:31","guid":{"rendered":"https:\/\/lamisuperbooster.com\/vastutuse-valistamine-2\/"},"modified":"2026-03-27T19:55:30","modified_gmt":"2026-03-27T17:55:30","slug":"vastutuse-valistamine","status":"publish","type":"page","link":"https:\/\/lamisuperbooster.com\/et\/vastutuse-valistamine\/","title":{"rendered":"Vastutuse v\u00e4listamine"},"content":{"rendered":"<div class=\"wpb-content-wrapper\"><p>[vc_row][vc_column][vc_column_text css=&#8221;&#8221;]<\/p>\n<p>Lami Super Booster on p\u00fchendunud selle veebisaidi ajakohasena ja t\u00e4psena hoidmisele. Kui te siiski m\u00e4rkate midagi ebat\u00e4pset v\u00f5i aegunud, oleksime t\u00e4nulikud, kui te meile sellest teada annaksite. Palun m\u00e4rkige, kust veebisaidilt te teavet lugesite. Seej\u00e4rel vaatame selle \u00fcle niipea kui v\u00f5imalik. Palun saatke oma vastus e-posti teel aadressile: info@lamisuperbooster.com.<\/p>\n<p>Me ei vastuta ebat\u00e4psustest v\u00f5i puudulikkusest tulenevate kahjude eest ega ka interneti kaudu teabe levitamisest tulenevate v\u00f5i sellega kaasnevate probleemide, n\u00e4iteks katkestuste v\u00f5i katkestuste t\u00f5ttu tekkinud kahjude eest. Veebivormide kasutamisel p\u00fc\u00fcame kohustuslike v\u00e4ljade arvu minimeerida. Lami Super Booster ei vastuta kahjude eest, mis tulenevad Lami Super Boosteri poolt v\u00f5i tema nimel selle veebisaidi kaudu esitatud andmete, n\u00f5uannete v\u00f5i ideede kasutamisest.<\/p>\n<p>Veebisaidi ja k\u00f5igi selle komponentide (sealhulgas foorumite) kasutamine toimub vastavalt kasutustingimustele. Selle veebisaidi kasutamine iseenesest eeldab nende kasutustingimuste tundmist ja aktsepteerimist.<\/p>\n<p>K\u00f5iki isikuandmeid, mida te meile oma vastuse v\u00f5i teaben\u00f5ude raames edastate, kasutatakse ainult vastavalt meie privaatsusavaldusele.<\/p>\n<p>Lami Super Booster ei vastuta nende veebisaitide sisu eest, millele v\u00f5i millelt h\u00fcperlink v\u00f5i muu viide p\u00e4rineb. Kolmandate isikute pakutavatele toodetele v\u00f5i teenustele kehtivad nende kolmandate isikute kehtivad tingimused.<\/p>\n<p>Meie t\u00f6\u00f6tajad teevad k\u00f5ik endast oleneva, et tagada meie veebisaidi ligip\u00e4\u00e4setavus ja seda pidevalt t\u00e4iustada. Sealhulgas inimestele, kes kasutavad puude t\u00f5ttu spetsiaalset tarkvara.<\/p>\n<p>K\u00f5ik sellel veebisaidil oleva sisu intellektuaalomandi \u00f5igused kuuluvad Lami Super Boosterile.<\/p>\n<p>Nende materjalide kopeerimine, levitamine ja muul viisil kasutamine ei ole lubatud ilma Lami Super Boosteri kirjaliku loata, v\u00e4lja arvatud juhul, kui kohustuslike \u00f5igusaktidega on s\u00e4testatud teisiti (n\u00e4iteks tsiteerimis\u00f5igus), v\u00e4lja arvatud juhul, kui konkreetne sisu n\u00f5uab teisiti.<\/p>\n<p>Kui teil on veebisaidi ligip\u00e4\u00e4setavuse kohta k\u00fcsimusi v\u00f5i probleeme, v\u00f5tke meiega julgelt \u00fchendust.<\/p>\n<p>[\/vc_column_text][\/vc_column][\/vc_row]<\/p>\n<\/div>","protected":false},"excerpt":{"rendered":"<p>[vc_row][vc_column][vc_column_text css=&#8221;&#8221;] Lami Super Booster on p\u00fchendunud selle veebisaidi ajakohasena ja t\u00e4psena hoidmisele. Kui te siiski m\u00e4rkate midagi ebat\u00e4pset v\u00f5i<\/p>\n","protected":false},"author":5,"featured_media":0,"parent":0,"menu_order":0,"comment_status":"closed","ping_status":"closed","template":"","meta":{"inline_featured_image":false,"_kad_blocks_custom_css":"","_kad_blocks_head_custom_js":"","_kad_blocks_body_custom_js":"","_kad_blocks_footer_custom_js":"","_kadence_starter_templates_imported_post":false,"footnotes":""},"class_list":["post-42556","page","type-page","status-publish","hentry"],"taxonomy_info":[],"featured_image_src_large":false,"author_info":{"display_name":"Ryan Alexander","author_link":"https:\/\/lamisuperbooster.com\/et\/blog\/author\/ryanalexander\/"},"comment_info":0,"_links":{"self":[{"href":"https:\/\/lamisuperbooster.com\/et\/wp-json\/wp\/v2\/pages\/42556","targetHints":{"allow":["GET"]}}],"collection":[{"href":"https:\/\/lamisuperbooster.com\/et\/wp-json\/wp\/v2\/pages"}],"about":[{"href":"https:\/\/lamisuperbooster.com\/et\/wp-json\/wp\/v2\/types\/page"}],"author":[{"embeddable":true,"href":"https:\/\/lamisuperbooster.com\/et\/wp-json\/wp\/v2\/users\/5"}],"replies":[{"embeddable":true,"href":"https:\/\/lamisuperbooster.com\/et\/wp-json\/wp\/v2\/comments?post=42556"}],"version-history":[{"count":3,"href":"https:\/\/lamisuperbooster.com\/et\/wp-json\/wp\/v2\/pages\/42556\/revisions"}],"predecessor-version":[{"id":42561,"href":"https:\/\/lamisuperbooster.com\/et\/wp-json\/wp\/v2\/pages\/42556\/revisions\/42561"}],"wp:attachment":[{"href":"https:\/\/lamisuperbooster.com\/et\/wp-json\/wp\/v2\/media?parent=42556"}],"curies":[{"name":"wp","href":"https:\/\/api.w.org\/{rel}","templated":true}]}}