{"id":42283,"date":"2026-03-27T14:28:03","date_gmt":"2026-03-27T12:28:03","guid":{"rendered":"https:\/\/lamisuperbooster.com\/impressum\/"},"modified":"2026-03-27T15:42:29","modified_gmt":"2026-03-27T13:42:29","slug":"impressum","status":"publish","type":"page","link":"https:\/\/lamisuperbooster.com\/et\/impressum\/","title":{"rendered":"Impressum"},"content":{"rendered":"<div class=\"wpb-content-wrapper\"><p>[vc_row][vc_column][vc_column_text css=&#8221;&#8221;]<\/p>\n<div id=\"model-response-message-contentr_5558ff234f224ef6\" class=\"markdown markdown-main-panel stronger enable-updated-hr-color\" dir=\"ltr\" aria-live=\"polite\" aria-busy=\"false\">\n<p data-path-to-node=\"3\">K\u00e4esolevat impressumit uuendati viimati 27. m\u00e4rtsil 2026.<\/p>\n<p data-path-to-node=\"4\"><b data-path-to-node=\"4\" data-index-in-node=\"0\">Selle veebisaidi omanik on:<\/b><\/p>\n<p data-path-to-node=\"4\">Lami Super Booster<\/p>\n<p data-path-to-node=\"4\">T\u00f6\u00f6stuse 99-8<\/p>\n<p data-path-to-node=\"4\">Harjumaa<\/p>\n<p data-path-to-node=\"4\">10416 Tallinn<\/p>\n<p data-path-to-node=\"4\">EE<\/p>\n<p data-path-to-node=\"4\">Eesti<\/p>\n<p data-path-to-node=\"4\">E-post: info@lamisuperbooster.com<\/p>\n<p data-path-to-node=\"4\">Telefoninumber: +3725521547<\/p>\n<p data-path-to-node=\"4\">KMKR number: EE102010532<\/p>\n<p data-path-to-node=\"5\"><b data-path-to-node=\"5\" data-index-in-node=\"0\">Lami Super Booster seaduslikud esindajad:<\/b><\/p>\n<p data-path-to-node=\"5\">Kati Larionova, Maria Larionova<\/p>\n<p data-path-to-node=\"6\"><b data-path-to-node=\"6\" data-index-in-node=\"0\">1. \u00dcldine<\/b><\/p>\n<p data-path-to-node=\"6\"><b data-path-to-node=\"6\" data-index-in-node=\"10\">1.1<\/b> Oleme registreeritud Eesti e-\u00c4riregistris litsentsi- v\u00f5i registreerimisnumbriga:<\/p>\n<p data-path-to-node=\"6\">14296599<\/p>\n<p data-path-to-node=\"7\"><b data-path-to-node=\"7\" data-index-in-node=\"0\">1.2 Meie j\u00e4relevalveasutuse nimi on:<\/b><\/p>\n<p data-path-to-node=\"7\">Terviseamet (Health Board of Estonia)<\/p>\n<p data-path-to-node=\"7\">Me ei soovi ega ole kohustatud osalema vaidluste lahendamise menetlustes tarbijavaidluste komisjonis.<\/p>\n<p data-path-to-node=\"8\"><b data-path-to-node=\"8\" data-index-in-node=\"0\">2. J\u00e4rgmine teave on kohustuslik vastavalt Saksamaa seadustele.<\/b><\/p>\n<p data-path-to-node=\"8\"><b data-path-to-node=\"8\" data-index-in-node=\"64\">2.1<\/b> Pakume ajakirjanduslikku ja toimetuslikult t\u00f6\u00f6deldud sisu.<\/p>\n<p data-path-to-node=\"8\">Seet\u00f5ttu peame nimetama selle veebisaidi sisu eest vastutava isiku nime ja elukoha:<\/p>\n<p data-path-to-node=\"9\">Vastavalt MStV \u00a7 18 l\u00f5ikele 2 vastutab sisu eest: Kati Larionova, Eesti.<\/p>\n<p data-path-to-node=\"14\">\u00a0<\/p>\n<\/div>\n<p>[\/vc_column_text][\/vc_column][\/vc_row]<\/p>\n<\/div>","protected":false},"excerpt":{"rendered":"<p>[vc_row][vc_column][vc_column_text css=&#8221;&#8221;] K\u00e4esolevat impressumit uuendati viimati 27. m\u00e4rtsil 2026. Selle veebisaidi omanik on: Lami Super Booster T\u00f6\u00f6stuse 99-8 Harjumaa 10416<\/p>\n","protected":false},"author":5,"featured_media":0,"parent":0,"menu_order":0,"comment_status":"closed","ping_status":"closed","template":"","meta":{"inline_featured_image":false,"_kad_blocks_custom_css":"","_kad_blocks_head_custom_js":"","_kad_blocks_body_custom_js":"","_kad_blocks_footer_custom_js":"","_kadence_starter_templates_imported_post":false,"footnotes":""},"class_list":["post-42283","page","type-page","status-publish","hentry"],"taxonomy_info":[],"featured_image_src_large":false,"author_info":{"display_name":"Ryan Alexander","author_link":"https:\/\/lamisuperbooster.com\/et\/blog\/author\/ryanalexander\/"},"comment_info":0,"_links":{"self":[{"href":"https:\/\/lamisuperbooster.com\/et\/wp-json\/wp\/v2\/pages\/42283","targetHints":{"allow":["GET"]}}],"collection":[{"href":"https:\/\/lamisuperbooster.com\/et\/wp-json\/wp\/v2\/pages"}],"about":[{"href":"https:\/\/lamisuperbooster.com\/et\/wp-json\/wp\/v2\/types\/page"}],"author":[{"embeddable":true,"href":"https:\/\/lamisuperbooster.com\/et\/wp-json\/wp\/v2\/users\/5"}],"replies":[{"embeddable":true,"href":"https:\/\/lamisuperbooster.com\/et\/wp-json\/wp\/v2\/comments?post=42283"}],"version-history":[{"count":7,"href":"https:\/\/lamisuperbooster.com\/et\/wp-json\/wp\/v2\/pages\/42283\/revisions"}],"predecessor-version":[{"id":42438,"href":"https:\/\/lamisuperbooster.com\/et\/wp-json\/wp\/v2\/pages\/42283\/revisions\/42438"}],"wp:attachment":[{"href":"https:\/\/lamisuperbooster.com\/et\/wp-json\/wp\/v2\/media?parent=42283"}],"curies":[{"name":"wp","href":"https:\/\/api.w.org\/{rel}","templated":true}]}}