{"id":42024,"date":"2026-03-27T12:20:52","date_gmt":"2026-03-27T10:20:52","guid":{"rendered":"https:\/\/lamisuperbooster.com\/privaatsusavaldus-el\/"},"modified":"2026-03-27T15:59:22","modified_gmt":"2026-03-27T13:59:22","slug":"andmekaitsetingimused-el","status":"publish","type":"page","link":"https:\/\/lamisuperbooster.com\/et\/andmekaitsetingimused-el\/","title":{"rendered":"Privaatsusavaldus (EL)"},"content":{"rendered":"\n<!-- Legal document generated by Complianz | GDPR\/CCPA Cookie Consent https:\/\/wordpress.org\/plugins\/complianz-gdpr -->\n<div id=\"cmplz-document\" class=\"cmplz-document privacy-statement cmplz-document-eu\"><p><i>See privaatsuspoliitika uuendati viimati 27. m\u00e4rtsil 2026 ja kehtib Euroopa Majanduspiirkonna ning \u0160veitsi kodanikele ja seaduslikele alalistele elanikele.<\/i><br \/><br \/><\/p><p><p>Selles privaatsuspoliitikas selgitame, mida me teeme andmetega, mida saame teie kohta saidi <a href=\"https:\/\/lamisuperbooster.com\/et\/\">https:\/\/lamisuperbooster.com\/et\/<\/a> kaudu. Soovitame teil see avaldus hoolikalt l\u00e4bi lugeda. Meie t\u00f6\u00f6tlemisel j\u00e4rgime privaatsus\u00f5igusaktide n\u00f5udeid. See t\u00e4hendab muu hulgas, et:<\/p><ul>\n <li>me selgitame selgelt eesm\u00e4rke, milleks me isikuandmeid t\u00f6\u00f6tleme. Seda teeme k\u00e4esoleva privaatsuspoliitika abil;<\/li>\n <li>p\u00fc\u00fcdleme koguma vaid neid isikuandmeid, mis on vajalikud \u00f5igustatud eesm\u00e4rkide saavutamiseks;<\/li>\n <li>me k\u00fcsime teie selges\u00f5nalist n\u00f5usolekut isikuandmete t\u00f6\u00f6tlemiseks juhtudel, kui see on n\u00f5utav;<\/li>\n <li>v\u00f5tame asjakohaseid turvameetmeid teie isikuandmete kaitsmiseks ja n\u00f5uame sama ka osapooltelt, kes t\u00f6\u00f6tlevad isikuandmeid meie nimel;<\/li>\n <li>austame teie \u00f5igust tutvuda oma isikuandmetega v\u00f5i lasta need parandada v\u00f5i kustutada teie taotlusel.<\/li>\n <\/ul><p>Kui teil on k\u00fcsimusi v\u00f5i soovite t\u00e4pselt teada, milliseid andmeid me teie kohta s\u00e4ilitame, v\u00f5tke meiega \u00fchendust.<\/p><\/p><h2>1. Eesm\u00e4rk, andmed ja s\u00e4ilitamisperiood<\/h2>Me v\u00f5ime koguda v\u00f5i saada isikuandmeid mitmel eesm\u00e4rgil, mis on seotud meie \u00e4ritegevusega, sealhulgas j\u00e4rgmised: (kl\u00f5psake laiendamiseks)<details class=\"cmplz-dropdown dropdown-privacy-statement\"><summary><div><h3>1.1 Andmete m\u00fc\u00fcmine v\u00f5i jagamine kolmanda osapoolega<\/h3><\/div><\/summary><p class=\"cmplz-subtitle\">Selle eesm\u00e4rgi jaoks kasutame j\u00e4rgmisi andmeid:<\/p><p><ul><li>E-posti aadress<\/li><li>Ees- ja perekonnanimi<\/li><\/ul><\/p><p class=\"cmplz-subtitle\">Alus, mille alusel me neid andmeid v\u00f5ime t\u00f6\u00f6delda, on:<\/p><p><a target=\"_blank\" rel=\"noopener noreferrer nofollow\" href=\"https:\/\/cookiedatabase.org\/legal-bases\/#consent\">N\u00f5usoleku andmisel.<\/a><\/p><p class=\"cmplz-subtitle\">S\u00e4ilitamisperiood<\/p><p>Me s\u00e4ilitame neid andmeid kuni teenuse l\u00f5petamiseni.<\/p><\/details><details class=\"cmplz-dropdown dropdown-privacy-statement\"><summary><div><h3>1.2 Kontakt \u2013 telefoni, posti, e-posti ja\/v\u00f5i veebivormide kaudu<\/h3><\/div><\/summary><p class=\"cmplz-subtitle\">Selle eesm\u00e4rgi jaoks kasutame j\u00e4rgmisi andmeid:<\/p><p><ul><li>Ees- ja perekonnanimi<\/li><li>E-posti aadress<\/li><li>Telefoninumber<\/li><li>Konto nimi v\u00f5i alias<\/li><li>Kodune v\u00f5i muu f\u00fc\u00fcsiline aadress, sh t\u00e4nava nimi ja linna v\u00f5i asula nimi<\/li><\/ul><\/p><p class=\"cmplz-subtitle\">Alus, mille alusel me neid andmeid v\u00f5ime t\u00f6\u00f6delda, on:<\/p><p><a target=\"_blank\" rel=\"noopener noreferrer nofollow\" href=\"https:\/\/cookiedatabase.org\/legal-bases\/#consent\">N\u00f5usoleku andmisel.<\/a><\/p><p class=\"cmplz-subtitle\">S\u00e4ilitamisperiood<\/p><p>Me s\u00e4ilitame neid andmeid kuni teenuse l\u00f5petamiseni.<\/p><\/details><details class=\"cmplz-dropdown dropdown-privacy-statement\"><summary><div><h3>1.3 Maksed<\/h3><\/div><\/summary><p class=\"cmplz-subtitle\">Selle eesm\u00e4rgi jaoks kasutame j\u00e4rgmisi andmeid:<\/p><p><ul><li>Ees- ja perekonnanimi<\/li><li>Konto nimi v\u00f5i alias<\/li><li>Kodune v\u00f5i muu f\u00fc\u00fcsiline aadress, sh t\u00e4nava nimi ja linna v\u00f5i asula nimi<\/li><li>E-posti aadress<\/li><li>Telefoninumber<\/li><\/ul><\/p><p class=\"cmplz-subtitle\">Alus, mille alusel me neid andmeid v\u00f5ime t\u00f6\u00f6delda, on:<\/p><p><a target=\"_blank\" rel=\"noopener noreferrer nofollow\" href=\"https:\/\/cookiedatabase.org\/legal-bases\/#consent\">N\u00f5usoleku andmisel.<\/a><\/p><p class=\"cmplz-subtitle\">S\u00e4ilitamisperiood<\/p><p>Me s\u00e4ilitame neid andmeid kuni teenuse l\u00f5petamiseni.<\/p><\/details><details class=\"cmplz-dropdown dropdown-privacy-statement\"><summary><div><h3>1.4 Konto registreerimine<\/h3><\/div><\/summary><p class=\"cmplz-subtitle\">Selle eesm\u00e4rgi jaoks kasutame j\u00e4rgmisi andmeid:<\/p><p><ul><li>Ees- ja perekonnanimi<\/li><li>Konto nimi v\u00f5i alias<\/li><li>E-posti aadress<\/li><\/ul><\/p><p class=\"cmplz-subtitle\">Alus, mille alusel me neid andmeid v\u00f5ime t\u00f6\u00f6delda, on:<\/p><p><a target=\"_blank\" rel=\"noopener noreferrer nofollow\" href=\"https:\/\/cookiedatabase.org\/legal-bases\/#consent\">N\u00f5usoleku andmisel.<\/a><\/p><p class=\"cmplz-subtitle\">S\u00e4ilitamisperiood<\/p><p>Me s\u00e4ilitame neid andmeid kuni teenuse l\u00f5petamiseni.<\/p><\/details><details class=\"cmplz-dropdown dropdown-privacy-statement\"><summary><div><h3>1.5 Uudiskirjad<\/h3><\/div><\/summary><p class=\"cmplz-subtitle\">Selle eesm\u00e4rgi jaoks kasutame j\u00e4rgmisi andmeid:<\/p><p><ul><li>E-posti aadress<\/li><\/ul><\/p><p class=\"cmplz-subtitle\">Alus, mille alusel me neid andmeid v\u00f5ime t\u00f6\u00f6delda, on:<\/p><p><a target=\"_blank\" rel=\"noopener noreferrer nofollow\" href=\"https:\/\/cookiedatabase.org\/legal-bases\/#consent\">N\u00f5usoleku andmisel.<\/a><\/p><p class=\"cmplz-subtitle\">S\u00e4ilitamisperiood<\/p><p>Me s\u00e4ilitame neid andmeid kuni teenuse l\u00f5petamiseni.<\/p><\/details><details class=\"cmplz-dropdown dropdown-privacy-statement\"><summary><div><h3>1.6 Kliendi soovitud v\u00f5i ostetud teenuste v\u00f5i toodete toetamine<\/h3><\/div><\/summary><p class=\"cmplz-subtitle\">Selle eesm\u00e4rgi jaoks kasutame j\u00e4rgmisi andmeid:<\/p><p><ul><li>Ees- ja perekonnanimi<\/li><li>E-posti aadress<\/li><li>Telefoninumber<\/li><li>Konto nimi v\u00f5i alias<\/li><li>Kodune v\u00f5i muu f\u00fc\u00fcsiline aadress, sh t\u00e4nava nimi ja linna v\u00f5i asula nimi<\/li><\/ul><\/p><p class=\"cmplz-subtitle\">Alus, mille alusel me neid andmeid v\u00f5ime t\u00f6\u00f6delda, on:<\/p><p><a target=\"_blank\" rel=\"noopener noreferrer nofollow\" href=\"https:\/\/cookiedatabase.org\/legal-bases\/#consent\">N\u00f5usoleku andmisel.<\/a><\/p><p class=\"cmplz-subtitle\">S\u00e4ilitamisperiood<\/p><p>Me s\u00e4ilitame neid andmeid kuni teenuse l\u00f5petamiseni.<\/p><\/details><details class=\"cmplz-dropdown dropdown-privacy-statement\"><summary><div><h3>1.7 \u00d5iguslike kohustuste t\u00e4itmine<\/h3><\/div><\/summary><p class=\"cmplz-subtitle\">Selle eesm\u00e4rgi jaoks kasutame j\u00e4rgmisi andmeid:<\/p><p><ul><li>Ees- ja perekonnanimi<\/li><li>E-posti aadress<\/li><li>Konto nimi v\u00f5i alias<\/li><li>Telefoninumber<\/li><li>Kodune v\u00f5i muu f\u00fc\u00fcsiline aadress, sh t\u00e4nava nimi ja linna v\u00f5i asula nimi<\/li><\/ul><\/p><p class=\"cmplz-subtitle\">Alus, mille alusel me neid andmeid v\u00f5ime t\u00f6\u00f6delda, on:<\/p><p><a target=\"_blank\" rel=\"noopener noreferrer nofollow\" href=\"https:\/\/cookiedatabase.org\/legal-bases\/#consent\">N\u00f5usoleku andmisel.<\/a><\/p><p class=\"cmplz-subtitle\">S\u00e4ilitamisperiood<\/p><p>Me s\u00e4ilitame neid andmeid kuni teenuse l\u00f5petamiseni.<\/p><\/details><details class=\"cmplz-dropdown dropdown-privacy-statement\"><summary><div><h3>1.8 Statistika koostamine ja anal\u00fc\u00fcsimine veebisaidi parendamiseks.<\/h3><\/div><\/summary><p class=\"cmplz-subtitle\">Selle eesm\u00e4rgi jaoks kasutame j\u00e4rgmisi andmeid:<\/p><p><ul><li>E-posti aadress<\/li><li>Konto nimi v\u00f5i alias<\/li><li>IP-aadress<\/li><li>Geolokatsiooni andmed<\/li><\/ul><\/p><p class=\"cmplz-subtitle\">Alus, mille alusel me neid andmeid v\u00f5ime t\u00f6\u00f6delda, on:<\/p><p><a target=\"_blank\" rel=\"noopener noreferrer nofollow\" href=\"https:\/\/cookiedatabase.org\/legal-bases\/#consent\">N\u00f5usoleku andmisel.<\/a><\/p><p class=\"cmplz-subtitle\">S\u00e4ilitamisperiood<\/p><p>Me s\u00e4ilitame neid andmeid kuni teenuse l\u00f5petamiseni.<\/p><\/details><details class=\"cmplz-dropdown dropdown-privacy-statement\"><summary><div><h3>1.9 Isikup\u00e4rastatud toodete ja teenuste pakkumine<\/h3><\/div><\/summary><p class=\"cmplz-subtitle\">Selle eesm\u00e4rgi jaoks kasutame j\u00e4rgmisi andmeid:<\/p><p><ul><li>E-posti aadress<\/li><li>Ees- ja perekonnanimi<\/li><li>Konto nimi v\u00f5i alias<\/li><li>Kodune v\u00f5i muu f\u00fc\u00fcsiline aadress, sh t\u00e4nava nimi ja linna v\u00f5i asula nimi<\/li><li>Telefoninumber<\/li><\/ul><\/p><p class=\"cmplz-subtitle\">Alus, mille alusel me neid andmeid v\u00f5ime t\u00f6\u00f6delda, on:<\/p><p><a target=\"_blank\" rel=\"noopener noreferrer nofollow\" href=\"https:\/\/cookiedatabase.org\/legal-bases\/#consent\">N\u00f5usoleku andmisel.<\/a><\/p><p class=\"cmplz-subtitle\">S\u00e4ilitamisperiood<\/p><p>Me s\u00e4ilitame neid andmeid kuni teenuse l\u00f5petamiseni.<\/p><\/details><details class=\"cmplz-dropdown dropdown-privacy-statement\"><summary><div><h3>1.10 Tarne<\/h3><\/div><\/summary><p class=\"cmplz-subtitle\">Selle eesm\u00e4rgi jaoks kasutame j\u00e4rgmisi andmeid:<\/p><p><ul><li>Ees- ja perekonnanimi<\/li><li>Konto nimi v\u00f5i alias<\/li><li>Kodune v\u00f5i muu f\u00fc\u00fcsiline aadress, sh t\u00e4nava nimi ja linna v\u00f5i asula nimi<\/li><li>E-posti aadress<\/li><li>Telefoninumber<\/li><\/ul><\/p><p class=\"cmplz-subtitle\">Alus, mille alusel me neid andmeid v\u00f5ime t\u00f6\u00f6delda, on:<\/p><p><a target=\"_blank\" rel=\"noopener noreferrer nofollow\" href=\"https:\/\/cookiedatabase.org\/legal-bases\/#consent\">N\u00f5usoleku andmisel.<\/a><\/p><p class=\"cmplz-subtitle\">S\u00e4ilitamisperiood<\/p><p>Me s\u00e4ilitame neid andmeid kuni teenuse l\u00f5petamiseni.<\/p><\/details><h2>2. Jagamine teiste osapooltega<\/h2><p>Me jagame neid andmeid ainult t\u00f6\u00f6tlejate ja teiste kolmandate osapooltega, kelle jaoks on n\u00f5usolek vajalik.<\/p><p class=\"cmplz-subtitle\">T\u00f6\u00f6tlejad<\/p><p><b>Nimi:<\/b>&nbsp;EveryPay AS \/ PayPal<br \/>\n <b>Riik:<\/b>&nbsp;Eesti, Ameerika \u00dchendriigid<br \/>\n <b>Eesm\u00e4rk:<\/b>&nbsp;Maksete t\u00f6\u00f6tlemine<br \/>\n <b>Nimi:<\/b>&nbsp;AS Eesti Post (Omniva)<br \/>\n <b>Riik:<\/b>&nbsp;Eesti<br \/>\n <b>Eesm\u00e4rk:<\/b>&nbsp;Tellimuste saatmine ja tarne<br \/>\n <b>Nimi:<\/b>&nbsp;Itella Estonia O\u00dc (Smartpost)<br \/>\n <b>Riik:<\/b>&nbsp;Eesti<br \/>\n <b>Eesm\u00e4rk:<\/b>&nbsp;Tellimuste saatmine ja tarne<br \/>\n <b>Nimi:<\/b>&nbsp;Klaviyo, Inc.<br \/>\n <b>Riik:<\/b>&nbsp;Ameerika \u00dchendriigid<br \/>\n <b>Eesm\u00e4rk:<\/b>&nbsp;E-postiturundus ja automatiseerimine<br \/>\n <b>Nimi:<\/b>&nbsp;Montonio Finance O\u00dc<br \/>\n <b>Riik:<\/b>&nbsp;Eesti<br \/>\n <b>Eesm\u00e4rk:<\/b>&nbsp;Makselingid ja finantseerimine (Osta n\u00fc\u00fcd, maksa hiljem)<br \/>\n <b>Nimi:<\/b>&nbsp;WPFactory<br \/>\n <b>Riik:<\/b>&nbsp;Poola \/ \u00fclemaailmne<br \/>\n <b>Eesm\u00e4rk:<\/b>&nbsp;KMKR valideerimine \u00e4riklientidele<br \/>\n <b>Nimi:<\/b>&nbsp;Mail Boxes Etc. (MBE Worldwide S.p.A.)<br \/>\n <b>Riik:<\/b>&nbsp;Itaalia \/ \u00fclemaailmne<br \/>\n <b>Eesm\u00e4rk:<\/b>&nbsp;Saatmism\u00e4rgistused ja logistikahaldus<br \/>\n <b>Nimi:<\/b>&nbsp;Cloudflare, Inc.<br \/>\n <b>Riik:<\/b>&nbsp;Ameerika \u00dchendriigid<br \/>\n <b>Eesm\u00e4rk:<\/b>&nbsp;Veebiturvalisus (Turnstile) ja CDN kiirus<br \/>\n <b>Nimi:<\/b>&nbsp;WPMU DEV (Incsub, LLC)<br \/>\n <b>Riik:<\/b>&nbsp;Ameerika \u00dchendriigid<br \/>\n <b>Eesm\u00e4rk:<\/b>&nbsp;Saidi optimeerimine (Smush\/Hummingbird) &amp; turvalisus<br \/>\n <b>Nimi:<\/b>&nbsp;Google LLC<br \/>\n <b>Riik:<\/b>&nbsp;Ameerika \u00dchendriigid<br \/>\n <b>Eesm\u00e4rk:<\/b>&nbsp;R\u00e4mpsposti kaitse vormidel<br \/>\n <b>Nimi:<\/b>&nbsp;OnTheGoSystems Ltd.<br \/>\n <b>Riik:<\/b>&nbsp;Hongkong \/ \u00fclemaailmne<br \/>\n <b>Eesm\u00e4rk:<\/b>&nbsp;Automaatne t\u00f5lge ja stringide haldus<br \/>\n <\/p><p class=\"cmplz-subtitle\">Kolmandad osapooled<\/p><p>\n <b>Nimi:<\/b>&nbsp;Google LLC<br \/>\n <b>Riik:<\/b>&nbsp;Ameerika \u00dchendriigid<br \/>\n <b>Eesm\u00e4rk:<\/b>&nbsp;Statistika ja reklaam (GCM v2)<br \/>\n <b>Andmed:<\/b>&nbsp;K\u00fcpsise ID, IP-aadress, sirvimisk\u00e4itumine\n \n <b>Nimi:<\/b>&nbsp;Meta Platforms, Inc.<br \/>\n <b>Riik:<\/b>&nbsp;Ameerika \u00dchendriigid<br \/>\n <b>Eesm\u00e4rk:<\/b>&nbsp;\u00dcmbersihtimine ja konversioonide j\u00e4lgimine<br \/>\n <b>Andmed:<\/b>&nbsp;Piksli ID, sirvimisk\u00e4itumine, ostus\u00fcndmused\n <\/p><h2>3. K\u00fcpsised<\/h2><p>Meie veebisait kasutab k\u00fcpsiseid. T\u00e4psema teabe saamiseks k\u00fcpsiste kohta vaadake palun meie <a href=\"https:\/\/lamisuperbooster.com\/et\/kupsiste-poliitika-el\/\">k\u00fcpsiste poliitikat<\/a>.&nbsp;<\/p><h2>4. Avalikustamise tavad<\/h2><p><p>Me avalikustame isikuandmeid, kui seda n\u00f5uab seadus v\u00f5i kohus, vastuseks \u00f5iguskaitseorganile, niiv\u00f5rd kui see on lubatud muude \u00f5igusnormidega, teabe andmiseks v\u00f5i avaliku julgeolekuga seotud uurimiseks.<\/p><p>Kui meie veebisait v\u00f5i organisatsioon v\u00f5etakse \u00fcle, m\u00fc\u00fcakse v\u00f5i osaletakse \u00fchinemises v\u00f5i omandamises, v\u00f5idakse teie andmed avalikustada meie n\u00f5ustajatele ja v\u00f5imalikele ostjatele ning edastatakse uutele omanikele.<\/p><\/p><p>Me oleme s\u00f5lminud andmet\u00f6\u00f6tluslepingu Google\u2019iga.<\/p><p>T\u00e4ielike IP-aadresside lisamine on meie poolt blokeeritud.<\/p><h2>5. Turvalisus<\/h2><p>Me oleme p\u00fchendunud isikuandmete turvalisusele. V\u00f5tame asjakohaseid turvameetmeid, et piirata isikuandmete v\u00e4\u00e4rkasutust ja volitamata juurdep\u00e4\u00e4su. See tagab, et teie andmetele on juurdep\u00e4\u00e4s ainult vajalikel isikutel, juurdep\u00e4\u00e4s andmetele on kaitstud ning meie turvameetmeid vaadatakse regulaarselt \u00fcle.<\/p><p>Meie kasutatavad turvameetmed h\u00f5lmavad:<\/p><p><ul><\/ul><\/p><h2>6. Kolmandate osapoolte veebisaidid<\/h2><p>See privaatsuspoliitika ei kehti kolmandate osapoolte veebisaitide kohta, millele viitavad lingid meie veebisaidil. Me ei saa tagada, et need kolmandad osapooled k\u00e4sitlevad teie isikuandmeid usaldusv\u00e4\u00e4rselt v\u00f5i turvaliselt. Soovitame teil enne nende veebisaitide kasutamist lugeda nende privaatsuspoliitikaid.<\/p><h2>7. Muudatused selles privaatsuspoliitikas<\/h2><p>Me j\u00e4tame endale \u00f5iguse teha muudatusi selles privaatsuspoliitikas. Soovitatav on regulaarselt seda privaatsuspoliitikat lugeda, et olla teadlik v\u00f5imalikest muudatustest. Lisaks teavitame teid aktiivselt v\u00f5imaluse korral.<\/p><h2>8. Oma andmetega tutvumine ja muutmine<\/h2><p>Kui teil on k\u00fcsimusi v\u00f5i soovite teada, milliseid isikuandmeid me teie kohta omame, v\u00f5tke meiega \u00fchendust. Saate meiega \u00fchendust v\u00f5tta allolevate andmete abil. Teil on j\u00e4rgmised \u00f5igused:<\/p><ul>\n <li>Teil on \u00f5igus teada, miks teie isikuandmeid on vaja, mis nendega juhtub ja kui kaua neid s\u00e4ilitatakse.<\/li>\n <li>Juurdep\u00e4\u00e4su\u00f5igus: teil on \u00f5igus tutvuda oma isikuandmetega, mis meil on teada.<\/li>\n <li>Parandamise \u00f5igus: teil on \u00f5igus igal ajal oma isikuandmeid t\u00e4iendada, parandada, kustutada v\u00f5i blokeerida.<\/li>\n <li>Kui annate meile n\u00f5usoleku oma andmete t\u00f6\u00f6tlemiseks, on teil \u00f5igus see n\u00f5usolek tagasi v\u00f5tta ja lasta oma isikuandmed kustutada.<\/li>\n <li>Andmete edastamise \u00f5igus: teil on \u00f5igus n\u00f5uda k\u00f5iki oma isikuandmeid vastutavalt t\u00f6\u00f6tlejalt ja edastada need tervikuna teisele vastutavale t\u00f6\u00f6tlejale.<\/li>\n <li>Vastuv\u00e4ite \u00f5igus: v\u00f5ite esitada vastuv\u00e4ite oma andmete t\u00f6\u00f6tlemisele. Me j\u00e4rgime seda, kui pole p\u00f5hjendatud aluseid t\u00f6\u00f6tlemiseks.<\/li>\n <\/ul><p>Palun veenduge alati, et t\u00e4psustate selgelt, kes te olete, et saaksime olla kindlad, et me ei muuda ega kustuta vale isiku andmeid.<\/p><h2>9. Kaebuse esitamine<\/h2><p>Kui te ei ole rahul sellega, kuidas me k\u00e4sitleme (kaebust) teie isikuandmete t\u00f6\u00f6tlemise kohta, on teil \u00f5igus esitada kaebus Andmekaitse Inspektsioonile.<\/p><h2>10. Kontaktandmed<\/h2><p>Lami Super Booster<br \/>\n T\u00f6\u00f6stuse 99-8<br \/>\nHarjumaa<br \/>\n10416 Tallinn<br \/>\nEE<br \/>\n Eesti<br \/>\n Veebisait: <a href=\"https:\/\/lamisuperbooster.com\/et\/\">https:\/\/lamisuperbooster.com\/et\/<\/a> <br \/>\n E-post: <span class=\"cmplz-obfuscate\">&#105;n&#102;o@<span class=\"cmplz-fmail-domain\">&#101;x.&#099;&#111;&#109;<\/span>la&#109;i&#115;&#117;&#112;&#101;r&#098;&#111;o&#115;&#116;&#101;&#114;.&#099;&#111;&#109;<\/span> <br \/>\n Telefoninumber: +3725521547<\/p><h2>11. Andmete taotlused<\/h2><p>K\u00f5ige sagedamini esitatud taotluste jaoks pakume teile v\u00f5imalust kasutada meie andmete taotluse vormi<br \/>\t\t\t<div class=\"cmplz-datarequest cmplz-alert\">\n\t\t\t\t<span class=\"cmplz-close\">&times;<\/span>\n\t\t\t\t<span id=\"cmplz-message\"><\/span>\n\t\t\t<\/div>\n\t\t\t<form id=\"cmplz-datarequest-form\">\n\t\t\t\t<input type=\"hidden\" required value=\"eu\" name=\"cmplz_datarequest_region\" id=\"cmplz_datarequest_region\" >\n\n\t\t\t\t<label for=\"cmplz_datarequest_firstname\" class=\"cmplz-first-name\">Nimi\t\t\t\t\t<input type=\"search\" class=\"datarequest-firstname\" value=\"\" placeholder=\"teie eesnimi\" id=\"cmplz_datarequest_firstname\" name=\"cmplz_datarequest_firstname\" >\n\t\t\t\t<\/label>\n\t\t\t\t<div>\n\t\t\t\t\t<label for=\"cmplz_datarequest_name\">Nimi<\/label>\n\t\t\t\t\t<input type=\"text\" required value=\"\" placeholder=\"Teie nimi\" id=\"cmplz_datarequest_name\" name=\"cmplz_datarequest_name\">\n\t\t\t\t<\/div>\n\t\t\t\t<div>\n\t\t\t\t\t<label for=\"cmplz_datarequest_email\">E-post<\/label>\n\t\t\t\t\t<input type=\"email\" required value=\"\" placeholder=\"email@email.com\" id=\"cmplz_datarequest_email\" name=\"cmplz_datarequest_email\">\n\t\t\t\t<\/div>\n\t\t\t\t\t\t\t\t\t\t<div class=\"cmplz_datarequest cmplz_datarequest_request_for_access\">\n\t\t\t\t\t\t\t<label for=\"cmplz_datarequest_request_for_access\">\n\t\t\t\t\t\t\t\t<input type=\"checkbox\" value=\"1\" name=\"cmplz_datarequest_request_for_access\" id=\"cmplz_datarequest_request_for_access\"\/>\n\t\t\t\t\t\t\t\tEsitage taotlus juurdep\u00e4\u00e4suks andmetele, mida me teie kohta t\u00f6\u00f6tleme.\t\t\t\t\t\t\t<\/label>\n\t\t\t\t\t\t<\/div>\n\t\t\t\t\t\t\t\t\t\t<div class=\"cmplz_datarequest cmplz_datarequest_right_to_be_forgotten\">\n\t\t\t\t\t\t\t<label for=\"cmplz_datarequest_right_to_be_forgotten\">\n\t\t\t\t\t\t\t\t<input type=\"checkbox\" value=\"1\" name=\"cmplz_datarequest_right_to_be_forgotten\" id=\"cmplz_datarequest_right_to_be_forgotten\"\/>\n\t\t\t\t\t\t\t\tEsitage taotlus andmete kustutamiseks, kui need ei ole enam asjakohased.\t\t\t\t\t\t\t<\/label>\n\t\t\t\t\t\t<\/div>\n\t\t\t\t\t\t\t\t\t\t<div class=\"cmplz_datarequest cmplz_datarequest_right_to_data_portability\">\n\t\t\t\t\t\t\t<label for=\"cmplz_datarequest_right_to_data_portability\">\n\t\t\t\t\t\t\t\t<input type=\"checkbox\" value=\"1\" name=\"cmplz_datarequest_right_to_data_portability\" id=\"cmplz_datarequest_right_to_data_portability\"\/>\n\t\t\t\t\t\t\t\tEsitage taotlus andmete ekspordifaili saamiseks, mida me teie kohta t\u00f6\u00f6tleme.\t\t\t\t\t\t\t<\/label>\n\t\t\t\t\t\t<\/div>\n\t\t\t\t\t\t\t\t<input type=\"button\" id=\"cmplz-datarequest-submit\" value=\"Saada\">\n\t\t\t<\/form>\n\n\t\t\t<style>\n\t\t\t\t\/* first-name on meelega l\u00f5ks *\/\n\t\t\t\t.cmplz-first-name {\n\t\t\t\t\tposition: absolute !important;\n\t\t\t\t\tleft: -5000px !important;\n\t\t\t\t}\n\t\t\t<\/style>\n\t\t\t<\/p><h2>Lisa<\/h2><p><h2>WPML<\/h2><p>WPML kasutab k\u00fcpsiseid k\u00fclastaja praeguse keele, viimati k\u00fclastatud keele ja sisseloginud kasutajate keele tuvastamiseks.<\/p><p>Pluginat kasutades jagab WPML saidi kohta andmeid Installer\u2019i kaudu. Kasutaja enda andmeid ei jagata.<\/p><h2>WooCommerce<\/h2><p>See n\u00e4idistekst sisaldab p\u00f5hit\u00f5desid selle kohta, milliseid isikuandmeid teie pood v\u00f5ib koguda, s\u00e4ilitada ja jagada, samuti seda, kellel v\u00f5ib olla juurdep\u00e4\u00e4s neile andmetele. S\u00f5ltuvalt sellest, millised seaded on lubatud ja milliseid lisaplauginaid kasutatakse, v\u00f5ib teie poe jagatav konkreetne teave erineda. Soovitame konsulteerida juristiga, kui otsustate, millist teavet oma privaatsuspoliitikas avalikustada.<\/p><p>Me kogume teie kohta teavet meie poe kassaprotsessi ajal.<\/p><h2>Mida me kogume ja s\u00e4ilitame<\/h2><p>Kui k\u00fclastate meie saiti, j\u00e4lgime:<\/p><ul><li>Tooteid, mida olete vaadanud: kasutame seda n\u00e4iteks selleks, et n\u00e4idata teile hiljuti vaadatud tooteid<\/li><li>Asukohta, IP-aadressi ja brauseri t\u00fc\u00fcpi: kasutame seda n\u00e4iteks maksude ja tarne hindamiseks<\/li><li>Tarneaadressi: palume teil see sisestada, et saaksime n\u00e4iteks enne tellimuse esitamist tarnet hinnata ja tellimuse teile saata!<\/li><\/ul><p>Samuti kasutame k\u00fcpsiseid, et hoida ostukorvi sisu, kui sirvite meie saiti.<\/p><p>M\u00e4rkus: v\u00f5ite soovida t\u00e4psustada oma k\u00fcpsiste poliitikat ja linkida sellest jaotisest sinna.<\/p><p>Kui ostate meilt, palume teil esitada teavet, sealhulgas teie nimi, arve aadress, tarneaadress, e-posti aadress, telefoninumber, krediitkaardi\/makseandmed ja valikuline konto teave nagu kasutajanimi ja parool. Kasutame seda teavet eesm\u00e4rkidel, nagu:<\/p><ul><li>Saata teile teavet teie konto ja tellimuse kohta<\/li><li>Vastata teie taotlustele, sh tagastustele ja kaebustele<\/li><li>T\u00f6\u00f6delda makseid ja ennetada pettusi<\/li><li>Luua teile konto meie poes<\/li><li>T\u00e4ita mis tahes \u00f5iguslikke kohustusi, nagu maksude arvutamine<\/li><li>Parandada meie poe pakkumisi<\/li><li>Saata teile turunduss\u00f5numeid, kui olete valinud need vastu v\u00f5tta<\/li><\/ul><p>Kui loote konto, s\u00e4ilitame teie nime, aadressi, e-posti ja telefoninumbri, mida kasutatakse tulevaste tellimuste kassas t\u00e4itmiseks.<\/p><p>\u00dcldiselt s\u00e4ilitame teie kohta teavet nii kaua, kui vajame seda eesm\u00e4rkidel, milleks me andmeid kogume ja kasutame, ning kui meil ei ole \u00f5iguslikku kohustust seda edasi s\u00e4ilitada. N\u00e4iteks s\u00e4ilitame tellimuse teavet XXX aastat maksu- ja raamatupidamise eesm\u00e4rkidel. See h\u00f5lmab teie nime, e-posti aadressi ning arve- ja tarneaadresse.<\/p><p>Samuti s\u00e4ilitame kommentaare v\u00f5i arvustusi, kui otsustate need j\u00e4tta.<\/p><h2>Kes meie meeskonnas omab juurdep\u00e4\u00e4su<\/h2><p>Meie meeskonna liikmetel on juurdep\u00e4\u00e4s teie poolt esitatud teabele. N\u00e4iteks saavad nii administraatorid kui poe haldurid juurde:<\/p><ul><li>Tellimuse teabele, nagu mida osteti, millal osteti ja kuhu see saata tuleb, ning<\/li><li>Kliendi teabele, nagu teie nimi, e-posti aadress ning arve- ja tarneteave.<\/li><\/ul><p>Meie meeskonna liikmetel on juurdep\u00e4\u00e4s sellele teabele tellimuste t\u00e4itmiseks, tagastuste t\u00f6\u00f6tlemiseks ja teie toetamiseks.<\/p><h2>Mida me teistega jagame<\/h2><p>Selles jaotises peaksite loetlema, kellega te andmeid jagate ja mis eesm\u00e4rgil. See v\u00f5ib h\u00f5lmata, kuid ei ole piiratud anal\u00fc\u00fctika, turunduse, maksev\u00e4ravate, tarnepakkujaid ja kolmandate osapoolte manuseid.<\/p><p>Me jagame teavet kolmandate osapooltega, kes aitavad meil pakkuda teile tellimusi ja poe teenuseid; n\u00e4iteks &#8212;<\/p><h3>Maksed<\/h3><p>Selles alajaotises peaksite loetlema, milliseid kolmandate osapoolte makset\u00f6\u00f6tlejaid te kasutate oma poes maksete vastuv\u00f5tmiseks, kuna need v\u00f5ivad k\u00e4sitleda kliendiandmeid. Oleme lisanud PayPali n\u00e4itena, kuid peaksite selle eemaldama, kui te PayPali ei kasuta.<\/p><p>Me aktsepteerime makseid PayPali kaudu. Maksete t\u00f6\u00f6tlemisel edastatakse osa teie andmetest PayPalile, sh teave, mis on vajalik makse t\u00f6\u00f6tlemiseks v\u00f5i toetamiseks, nagu ostu kogusumma ja arveldusteave.<\/p><p>T\u00e4psema teabe saamiseks vaadake palun <a href=\"https:\/\/www.paypal.com\/us\/webapps\/mpp\/ua\/privacy-full\">PayPali privaatsuspoliitikat<\/a>.<\/p><h2>WPML String Translation<\/h2><p>WPML String Translation saadab k\u00f5ik stringid WPML-i Advanced Translation Editor\u2019ile ja kasutatavatele t\u00f5lketeenustele.<\/p><h2>WPML Multilingual &amp; Multicurrency for WooCommerce<\/h2><p>WPML Multilingual &amp; Multicurrency for WooCommerce kasutab k\u00fcpsiseid, et m\u00f5ista ostukorvi teavet domeenides keelte kasutamisel ja andmete edastamiseks domeenide vahel.<\/p><p>WPML Multilingual &amp; Multicurrency for WooCommerce kasutab ka k\u00fcpsiseid iga kliendi tellimuse keele ja valuuta tuvastamiseks ning WooCommerce\u2019i loodud raportite valuuta m\u00e4\u00e4ramiseks. WPML Multilingual &amp; Multicurrency for WooCommerce laiendab neid raporteid valuuta teabega.<\/p><h2>WPML Translation Management<\/h2><p>WPML Translation Management saadab iga halduri ja m\u00e4\u00e4ratud t\u00f5lkija e-posti aadressi ja nime ning sisu ise Advanced Translation Editor\u2019ile ja kasutatavatele t\u00f5lketeenustele.<\/p><h2>WPML Media Translation<\/h2><p>WPML Media Translation saadab iga halduri ja m\u00e4\u00e4ratud t\u00f5lkija e-posti aadressi ja nime ning sisu ise Advanced Translation Editor\u2019ile ja kasutatavatele t\u00f5lketeenustele.<\/p><\/p><\/div>\r\n<p>&nbsp;<\/p>","protected":false},"excerpt":{"rendered":"<p>&nbsp;<\/p>\n","protected":false},"author":5,"featured_media":0,"parent":0,"menu_order":0,"comment_status":"closed","ping_status":"closed","template":"","meta":{"inline_featured_image":false,"_kad_blocks_custom_css":"","_kad_blocks_head_custom_js":"","_kad_blocks_body_custom_js":"","_kad_blocks_footer_custom_js":"","_kadence_starter_templates_imported_post":false,"footnotes":""},"class_list":["post-42024","page","type-page","status-publish","hentry"],"taxonomy_info":[],"featured_image_src_large":false,"author_info":{"display_name":"Ryan Alexander","author_link":"https:\/\/lamisuperbooster.com\/et\/blog\/author\/ryanalexander\/"},"comment_info":0,"_links":{"self":[{"href":"https:\/\/lamisuperbooster.com\/et\/wp-json\/wp\/v2\/pages\/42024","targetHints":{"allow":["GET"]}}],"collection":[{"href":"https:\/\/lamisuperbooster.com\/et\/wp-json\/wp\/v2\/pages"}],"about":[{"href":"https:\/\/lamisuperbooster.com\/et\/wp-json\/wp\/v2\/types\/page"}],"author":[{"embeddable":true,"href":"https:\/\/lamisuperbooster.com\/et\/wp-json\/wp\/v2\/users\/5"}],"replies":[{"embeddable":true,"href":"https:\/\/lamisuperbooster.com\/et\/wp-json\/wp\/v2\/comments?post=42024"}],"version-history":[{"count":15,"href":"https:\/\/lamisuperbooster.com\/et\/wp-json\/wp\/v2\/pages\/42024\/revisions"}],"predecessor-version":[{"id":42449,"href":"https:\/\/lamisuperbooster.com\/et\/wp-json\/wp\/v2\/pages\/42024\/revisions\/42449"}],"wp:attachment":[{"href":"https:\/\/lamisuperbooster.com\/et\/wp-json\/wp\/v2\/media?parent=42024"}],"curies":[{"name":"wp","href":"https:\/\/api.w.org\/{rel}","templated":true}]}}