{"id":3946,"date":"2018-11-18T19:57:23","date_gmt":"2018-11-18T19:57:23","guid":{"rendered":"http:\/\/www.lashsuperbooster.com\/?page_id=3946"},"modified":"2026-01-02T15:24:12","modified_gmt":"2026-01-02T13:24:12","slug":"kohaletoimetamine","status":"publish","type":"page","link":"https:\/\/lamisuperbooster.com\/et\/kohaletoimetamine\/","title":{"rendered":"Kohaletoimetamine"},"content":{"rendered":"<div class=\"wpb-content-wrapper\"><p>[vc_row][vc_column]<div class=\"title-wrapper  basel-title-color-default basel-title-style-default basel-title-size-default text-center \"><div class=\"liner-continer\"> <span class=\"left-line\"><\/span> <h4 class=\"title\" >Saadame kaupa \u00fcle maailma!<span class=\"title-separator\"><span><\/span><\/span><\/h4> <span class=\"right-line\"><\/span> <\/div><\/div>[\/vc_column][\/vc_row][vc_row][vc_column width=&#8221;1\/2&#8243;]<div id=\"lvca-services-69fafd62b3c04\" data-settings='{&quot;per_line&quot;:&quot;1&quot;,&quot;per_line_tablet&quot;:&quot;1&quot;,&quot;per_line_mobile&quot;:&quot;1&quot;,&quot;style&quot;:&quot;style1&quot;,&quot;icon_size&quot;:&quot;&quot;,&quot;icon_color&quot;:&quot;&quot;,&quot;hover_color&quot;:&quot;&quot;}' class=\"lvca-services lvca-style1 lvca-grid-container  lvca-grid-desktop-1 lvca-grid-tablet-1 lvca-grid-mobile-1\"><div class=\"lvca-grid-item lvca-service-wrapper\"><div class=\"lvca-service  lvca-animate-on-scroll lvca-visible-on-scroll\"  data-animation=\"fadeInRight\"><div class=\"lvca-image-wrapper\"><img loading=\"lazy\" decoding=\"async\" width=\"100\" height=\"100\" src=\"https:\/\/lamisuperbooster.com\/wp-content\/uploads\/2020\/08\/icons8-around-the-globe-100.png\" class=\"lvca-image full\" alt=\"Lash Super Booster offers worldwide shipping\" \/><\/div><div class=\"lvca-service-text\"><h3 class=\"lvca-title\">Rahvusvaheline saatmine<\/h3><div class=\"lvca-service-details\"><strong>Tasuta saatmine tellimustele alates 300\u20ac<\/strong><\/p>\n<p>Tarneaeg &#8211; <strong>3-7 t\u00f6\u00f6p\u00e4eva<\/strong><\/div><\/div><\/div><\/div><\/div>[\/vc_column][vc_column width=&#8221;1\/2&#8243;]<div id=\"lvca-services-69fafd62b3f99\" data-settings='{&quot;per_line&quot;:&quot;1&quot;,&quot;per_line_tablet&quot;:&quot;1&quot;,&quot;per_line_mobile&quot;:&quot;1&quot;,&quot;style&quot;:&quot;style1&quot;,&quot;icon_size&quot;:&quot;&quot;,&quot;icon_color&quot;:&quot;&quot;,&quot;hover_color&quot;:&quot;&quot;}' class=\"lvca-services lvca-style1 lvca-grid-container  lvca-grid-desktop-1 lvca-grid-tablet-1 lvca-grid-mobile-1\"><div class=\"lvca-grid-item lvca-service-wrapper\"><div class=\"lvca-service  lvca-animate-on-scroll lvca-visible-on-scroll\"  data-animation=\"fadeInLeft\"><div class=\"lvca-image-wrapper\"><img loading=\"lazy\" decoding=\"async\" width=\"100\" height=\"100\" src=\"https:\/\/lamisuperbooster.com\/wp-content\/uploads\/2020\/08\/icons8-estonia-100.png\" class=\"lvca-image full\" alt=\"Estonia\" \/><\/div><div class=\"lvca-service-text\"><h3 class=\"lvca-title\">Eesti<\/h3><div class=\"lvca-service-details\"><\/p>\n<ul>\n<li>Tasuta saatmine tellimustele alates 54 \u20ac<\/li>\n<li>Kohaletoimetamise aeg 1-3 t\u00f6\u00f6p\u00e4eva<\/li>\n<\/ul>\n<p><\/div><\/div><\/div><\/div><\/div>[\/vc_column][\/vc_row]<\/p>\n<\/div>","protected":false},"excerpt":{"rendered":"<p>[vc_row][vc_column][\/vc_column][\/vc_row][vc_row][vc_column width=&#8221;1\/2&#8243;][\/vc_column][vc_column width=&#8221;1\/2&#8243;][\/vc_column][\/vc_row]<\/p>\n","protected":false},"author":4,"featured_media":0,"parent":0,"menu_order":0,"comment_status":"closed","ping_status":"closed","template":"","meta":{"inline_featured_image":false,"_kad_blocks_custom_css":"","_kad_blocks_head_custom_js":"","_kad_blocks_body_custom_js":"","_kad_blocks_footer_custom_js":"","_kadence_starter_templates_imported_post":false,"footnotes":""},"class_list":["post-3946","page","type-page","status-publish","hentry"],"taxonomy_info":[],"featured_image_src_large":false,"author_info":{"display_name":"Maria Larionova","author_link":"https:\/\/lamisuperbooster.com\/et\/blog\/author\/kati\/"},"comment_info":0,"_links":{"self":[{"href":"https:\/\/lamisuperbooster.com\/et\/wp-json\/wp\/v2\/pages\/3946","targetHints":{"allow":["GET"]}}],"collection":[{"href":"https:\/\/lamisuperbooster.com\/et\/wp-json\/wp\/v2\/pages"}],"about":[{"href":"https:\/\/lamisuperbooster.com\/et\/wp-json\/wp\/v2\/types\/page"}],"author":[{"embeddable":true,"href":"https:\/\/lamisuperbooster.com\/et\/wp-json\/wp\/v2\/users\/4"}],"replies":[{"embeddable":true,"href":"https:\/\/lamisuperbooster.com\/et\/wp-json\/wp\/v2\/comments?post=3946"}],"version-history":[{"count":0,"href":"https:\/\/lamisuperbooster.com\/et\/wp-json\/wp\/v2\/pages\/3946\/revisions"}],"wp:attachment":[{"href":"https:\/\/lamisuperbooster.com\/et\/wp-json\/wp\/v2\/media?parent=3946"}],"curies":[{"name":"wp","href":"https:\/\/api.w.org\/{rel}","templated":true}]}}